{"id":2318,"date":"2023-07-03T15:36:24","date_gmt":"2023-07-03T12:36:24","guid":{"rendered":"http:\/\/alpcans.com\/ueber-uns\/"},"modified":"2023-07-15T02:14:18","modified_gmt":"2023-07-14T23:14:18","slug":"ueber-uns","status":"publish","type":"page","link":"https:\/\/alpcans.com\/de\/ueber-uns\/","title":{"rendered":"\u00dcber uns"},"content":{"rendered":"\t\t<div data-elementor-type=\"wp-page\" data-elementor-id=\"2318\" class=\"elementor elementor-2318 elementor-1162\" data-elementor-post-type=\"page\">\n\t\t\t\t<div class=\"elementor-element elementor-element-dfaa265 e-flex e-con-boxed e-con e-parent\" data-id=\"dfaa265\" data-element_type=\"container\" data-settings=\"{&quot;background_background&quot;:&quot;classic&quot;}\">\n\t\t\t\t\t<div class=\"e-con-inner\">\n\t\t\t\t<div class=\"elementor-element elementor-element-12110bc elementor-widget elementor-widget-heading\" data-id=\"12110bc\" data-element_type=\"widget\" data-widget_type=\"heading.default\">\n\t\t\t\t<div class=\"elementor-widget-container\">\n\t\t\t\t\t<h1 class=\"elementor-heading-title elementor-size-default\">\u00dcber uns<\/h1>\t\t\t\t<\/div>\n\t\t\t\t<\/div>\n\t\t\t\t\t<\/div>\n\t\t\t\t<\/div>\n\t\t<div class=\"elementor-element elementor-element-e5520f6 e-flex e-con-boxed e-con e-parent\" data-id=\"e5520f6\" data-element_type=\"container\" data-settings=\"{&quot;background_background&quot;:&quot;classic&quot;}\">\n\t\t\t\t\t<div class=\"e-con-inner\">\n\t\t<div class=\"elementor-element elementor-element-39f1aff e-con-full e-flex e-con e-parent\" data-id=\"39f1aff\" data-element_type=\"container\">\n\t\t\t\t<div class=\"elementor-element elementor-element-25a503f elementor-invisible elementor-widget elementor-widget-heading\" data-id=\"25a503f\" data-element_type=\"widget\" data-settings=\"{&quot;motion_fx_motion_fx_scrolling&quot;:&quot;yes&quot;,&quot;motion_fx_translateY_effect&quot;:&quot;yes&quot;,&quot;motion_fx_translateY_direction&quot;:&quot;negative&quot;,&quot;motion_fx_translateY_speed&quot;:{&quot;unit&quot;:&quot;px&quot;,&quot;size&quot;:1,&quot;sizes&quot;:[]},&quot;_animation&quot;:&quot;fadeInDown&quot;,&quot;motion_fx_translateY_affectedRange&quot;:{&quot;unit&quot;:&quot;%&quot;,&quot;size&quot;:&quot;&quot;,&quot;sizes&quot;:{&quot;start&quot;:25,&quot;end&quot;:75}},&quot;motion_fx_devices&quot;:[&quot;desktop&quot;,&quot;tablet&quot;,&quot;mobile&quot;]}\" data-widget_type=\"heading.default\">\n\t\t\t\t<div class=\"elementor-widget-container\">\n\t\t\t\t\t<h2 class=\"elementor-heading-title elementor-size-default\">ALPCANS<\/h2>\t\t\t\t<\/div>\n\t\t\t\t<\/div>\n\t\t\t\t<\/div>\n\t\t<div class=\"elementor-element elementor-element-1dacd20 e-con-full fix-rtl-left e-flex e-con e-parent\" data-id=\"1dacd20\" data-element_type=\"container\">\n\t\t\t\t<div class=\"elementor-element elementor-element-2763963 elementor-invisible elementor-widget elementor-widget-heading\" data-id=\"2763963\" data-element_type=\"widget\" data-settings=\"{&quot;_animation&quot;:&quot;fadeInUp&quot;}\" data-widget_type=\"heading.default\">\n\t\t\t\t<div class=\"elementor-widget-container\">\n\t\t\t\t\t<h2 class=\"elementor-heading-title elementor-size-default\">Wer sind wir?<\/h2>\t\t\t\t<\/div>\n\t\t\t\t<\/div>\n\t\t\t\t<div class=\"elementor-element elementor-element-69a1d4a elementor-invisible elementor-widget elementor-widget-text-editor\" data-id=\"69a1d4a\" data-element_type=\"widget\" data-settings=\"{&quot;_animation&quot;:&quot;fadeInUp&quot;}\" data-widget_type=\"text-editor.default\">\n\t\t\t\t<div class=\"elementor-widget-container\">\n\t\t\t\t\t\t\t\t\t<p>Unser Unternehmen, das seit 2003 in den Bereichen Grundst\u00fcckskauf und -verkauf, Parzellierung und Bau t\u00e4tig ist, hat unter der Leitung des Firmengr\u00fcnders Y\u00fcksel Alpcan erfolgreiche Arbeiten durchgef\u00fchrt.<\/p>\n\t\t\t\t\t\t\t\t<\/div>\n\t\t\t\t<\/div>\n\t\t\t\t<div class=\"elementor-element elementor-element-83f7b19 elementor-invisible elementor-widget elementor-widget-text-editor\" data-id=\"83f7b19\" data-element_type=\"widget\" data-settings=\"{&quot;_animation&quot;:&quot;fadeInUp&quot;}\" data-widget_type=\"text-editor.default\">\n\t\t\t\t<div class=\"elementor-widget-container\">\n\t\t\t\t\t\t\t\t\t<p>Alpcans hat seinen Erfolg in der Branche heute erneut unter Beweis gestellt, indem er auf diesem Weg, der 2003 mit einem Verst\u00e4ndnis, des Prinzips \u201cRespekts vor Mensch und Natur\u201d begonnen hat \u00fcbernommen. Alpcan Towers, Alpcan Towers Mira in Lefke Gemikonagi, Alpcan Prestige H\u00e4user in G\u00fczelyurt. Mit hochwertigen Projekten wie dem Alpcan Village The View in Cengizk\u00f6y, und den Alpcan Towers Key West in Gaziveren ist es uns gelungen, unsere Kunden und Investoren gl\u00fccklich zu machen.<\/p>\n\t\t\t\t\t\t\t\t<\/div>\n\t\t\t\t<\/div>\n\t\t\t\t<div class=\"elementor-element elementor-element-c663725 elementor-invisible elementor-widget elementor-widget-text-editor\" data-id=\"c663725\" data-element_type=\"widget\" data-settings=\"{&quot;_animation&quot;:&quot;fadeInUp&quot;}\" data-widget_type=\"text-editor.default\">\n\t\t\t\t<div class=\"elementor-widget-container\">\n\t\t\t\t\t\t\t\t\t<p>Heute verbessern wir st\u00e4ndig die Art und Weise, wie wir optimal mit unseren Kunden kommunizieren k\u00f6nnen, indem wir die Kundenzufriedenheit in den Vordergrund stellen. Mit diesem Verst\u00e4ndnis arbeiten wir mit aller Kraft daran, unsere Markenidentit\u00e4t und die Zuverl\u00e4ssigkeit von Alpcans in unseren Projekten zu unterstreichen, und wir bauen jedes neue Projekt mit der Begeisterung des ersten Tages auf.<\/p>\n\t\t\t\t\t\t\t\t<\/div>\n\t\t\t\t<\/div>\n\t\t\t\t<\/div>\n\t\t<div class=\"elementor-element elementor-element-cacbf71 e-con-full e-flex e-con e-parent\" data-id=\"cacbf71\" data-element_type=\"container\">\n\t\t\t\t<div class=\"elementor-element elementor-element-cd9f418 turquoise-shadow elementor-invisible elementor-widget elementor-widget-image\" data-id=\"cd9f418\" data-element_type=\"widget\" data-settings=\"{&quot;_animation&quot;:&quot;fadeIn&quot;,&quot;motion_fx_motion_fx_scrolling&quot;:&quot;yes&quot;,&quot;motion_fx_translateY_effect&quot;:&quot;yes&quot;,&quot;motion_fx_translateY_direction&quot;:&quot;negative&quot;,&quot;motion_fx_translateY_affectedRange&quot;:{&quot;unit&quot;:&quot;%&quot;,&quot;size&quot;:&quot;&quot;,&quot;sizes&quot;:{&quot;start&quot;:20,&quot;end&quot;:80}},&quot;motion_fx_devices&quot;:[&quot;desktop&quot;],&quot;motion_fx_translateY_speed&quot;:{&quot;unit&quot;:&quot;px&quot;,&quot;size&quot;:4,&quot;sizes&quot;:[]}}\" data-widget_type=\"image.default\">\n\t\t\t\t<div class=\"elementor-widget-container\">\n\t\t\t\t\t\t\t\t\t\t\t\t\t\t\t<img fetchpriority=\"high\" decoding=\"async\" width=\"1024\" height=\"819\" src=\"https:\/\/alpcans.com\/wp-content\/uploads\/2023\/07\/alpcan-towers-key-west-seaside-3-1024x819.jpg\" class=\"attachment-large size-large wp-image-4284\" alt=\"Bir sanat\u00e7\u0131n\u0131n sahildeki bir apartman binas\u0131n\u0131 tasvir etmesi.\" srcset=\"https:\/\/alpcans.com\/wp-content\/uploads\/2023\/07\/alpcan-towers-key-west-seaside-3-1024x819.jpg 1024w, https:\/\/alpcans.com\/wp-content\/uploads\/2023\/07\/alpcan-towers-key-west-seaside-3-300x240.jpg 300w, https:\/\/alpcans.com\/wp-content\/uploads\/2023\/07\/alpcan-towers-key-west-seaside-3-768x614.jpg 768w, https:\/\/alpcans.com\/wp-content\/uploads\/2023\/07\/alpcan-towers-key-west-seaside-3.jpg 1350w\" sizes=\"(max-width: 1024px) 100vw, 1024px\" \/>\t\t\t\t\t\t\t\t\t\t\t\t\t\t\t<\/div>\n\t\t\t\t<\/div>\n\t\t\t\t<\/div>\n\t\t\t\t\t<\/div>\n\t\t\t\t<\/div>\n\t\t<div class=\"elementor-element elementor-element-337d683 e-flex e-con-boxed e-con e-parent\" data-id=\"337d683\" data-element_type=\"container\" data-settings=\"{&quot;background_background&quot;:&quot;classic&quot;}\">\n\t\t\t\t\t<div class=\"e-con-inner\">\n\t\t<div class=\"elementor-element elementor-element-0ea60f8 e-con-full e-flex e-con e-parent\" data-id=\"0ea60f8\" data-element_type=\"container\">\n\t\t\t\t<div class=\"elementor-element elementor-element-e323ef8 turquoise-shadow elementor-invisible elementor-widget elementor-widget-image\" data-id=\"e323ef8\" data-element_type=\"widget\" data-settings=\"{&quot;_animation&quot;:&quot;fadeIn&quot;,&quot;motion_fx_motion_fx_scrolling&quot;:&quot;yes&quot;,&quot;motion_fx_translateY_effect&quot;:&quot;yes&quot;,&quot;motion_fx_translateY_direction&quot;:&quot;negative&quot;,&quot;motion_fx_translateY_affectedRange&quot;:{&quot;unit&quot;:&quot;%&quot;,&quot;size&quot;:&quot;&quot;,&quot;sizes&quot;:{&quot;start&quot;:30,&quot;end&quot;:70}},&quot;motion_fx_devices&quot;:[&quot;desktop&quot;],&quot;motion_fx_translateY_speed&quot;:{&quot;unit&quot;:&quot;px&quot;,&quot;size&quot;:4,&quot;sizes&quot;:[]}}\" data-widget_type=\"image.default\">\n\t\t\t\t<div class=\"elementor-widget-container\">\n\t\t\t\t\t\t\t\t\t\t\t\t\t\t\t<img decoding=\"async\" width=\"570\" height=\"490\" src=\"https:\/\/alpcans.com\/wp-content\/uploads\/2023\/07\/alpcan-towers-key-west-living-room-2.jpg\" class=\"attachment-large size-large wp-image-4373\" alt=\"Okyanus manzaral\u0131 bir oturma odas\u0131.\" srcset=\"https:\/\/alpcans.com\/wp-content\/uploads\/2023\/07\/alpcan-towers-key-west-living-room-2.jpg 570w, https:\/\/alpcans.com\/wp-content\/uploads\/2023\/07\/alpcan-towers-key-west-living-room-2-300x258.jpg 300w\" sizes=\"(max-width: 570px) 100vw, 570px\" \/>\t\t\t\t\t\t\t\t\t\t\t\t\t\t\t<\/div>\n\t\t\t\t<\/div>\n\t\t\t\t<\/div>\n\t\t<div class=\"elementor-element elementor-element-f3d0e52 e-con-full fix-rtl-right e-flex e-con e-parent\" data-id=\"f3d0e52\" data-element_type=\"container\">\n\t\t\t\t<div class=\"elementor-element elementor-element-e54cd61 elementor-invisible elementor-widget elementor-widget-heading\" data-id=\"e54cd61\" data-element_type=\"widget\" data-settings=\"{&quot;_animation&quot;:&quot;fadeInUp&quot;}\" data-widget_type=\"heading.default\">\n\t\t\t\t<div class=\"elementor-widget-container\">\n\t\t\t\t\t<h2 class=\"elementor-heading-title elementor-size-default\">Warum Alpcans<\/h2>\t\t\t\t<\/div>\n\t\t\t\t<\/div>\n\t\t\t\t<div class=\"elementor-element elementor-element-d2cd118 elementor-invisible elementor-widget elementor-widget-text-editor\" data-id=\"d2cd118\" data-element_type=\"widget\" data-settings=\"{&quot;_animation&quot;:&quot;fadeInUp&quot;}\" data-widget_type=\"text-editor.default\">\n\t\t\t\t<div class=\"elementor-widget-container\">\n\t\t\t\t\t\t\t\t\t<p>Seit dem ersten Tag unserer T\u00e4tigkeit geh\u00f6ren Ehrlichkeit, Perfektionismus, Teamgeist, Innovation, Eigenverantwortung, Stabilit\u00e4t und Unternehmertum zu unseren wichtigsten Werten.<\/p>\n\t\t\t\t\t\t\t\t<\/div>\n\t\t\t\t<\/div>\n\t\t\t\t<div class=\"elementor-element elementor-element-bd8d01d elementor-invisible elementor-widget elementor-widget-text-editor\" data-id=\"bd8d01d\" data-element_type=\"widget\" data-settings=\"{&quot;_animation&quot;:&quot;fadeInUp&quot;}\" data-widget_type=\"text-editor.default\">\n\t\t\t\t<div class=\"elementor-widget-container\">\n\t\t\t\t\t\t\t\t\t<p>Wir haben den Grundsatz der Transparenz gegen\u00fcber unseren Kunden, unseren Gesch\u00e4ftspartnern und Mitarbeitern verinnerlicht. Mit den gesammelten Erfahrungen, Bildung und Akkumulation gehen wir gest\u00e4rkt in die Zukunft.<\/p>\n\t\t\t\t\t\t\t\t<\/div>\n\t\t\t\t<\/div>\n\t\t\t\t<div class=\"elementor-element elementor-element-1b12656 elementor-invisible elementor-widget elementor-widget-text-editor\" data-id=\"1b12656\" data-element_type=\"widget\" data-settings=\"{&quot;_animation&quot;:&quot;fadeInUp&quot;}\" data-widget_type=\"text-editor.default\">\n\t\t\t\t<div class=\"elementor-widget-container\">\n\t\t\t\t\t\t\t\t\t<p>Im Rahmen unseres Prinzips dem Respekt vor Mensch und Natur; Wir bauen unsere Projekte mit umweltfreundlicher, fortgeschrittener Technologie und innovativer Perspektive. Wir bieten eine hochqualitative Lebensm\u00f6glichkeit, die sich auch auf zuk\u00fcnftige Generationen erstreckt.<\/p>\n\t\t\t\t\t\t\t\t<\/div>\n\t\t\t\t<\/div>\n\t\t\t\t<div class=\"elementor-element elementor-element-3f12139 elementor-invisible elementor-widget elementor-widget-text-editor\" data-id=\"3f12139\" data-element_type=\"widget\" data-settings=\"{&quot;_animation&quot;:&quot;fadeInUp&quot;}\" data-widget_type=\"text-editor.default\">\n\t\t\t\t<div class=\"elementor-widget-container\">\n\t\t\t\t\t\t\t\t\t<p>Wir f\u00fchren alle unsere Projekte gem\u00e4\u00df den Baunormen, in \u00dcbereimnstimmung aller erforderlichen Genehmigungen und Inspektionen durch und garantieren ein zuverl\u00e4ssiges sicheres Leben f\u00fcr unsere Kunden.<\/p>\n\t\t\t\t\t\t\t\t<\/div>\n\t\t\t\t<\/div>\n\t\t\t\t<div class=\"elementor-element elementor-element-7ebb378 elementor-invisible elementor-widget elementor-widget-text-editor\" data-id=\"7ebb378\" data-element_type=\"widget\" data-settings=\"{&quot;_animation&quot;:&quot;fadeInUp&quot;}\" data-widget_type=\"text-editor.default\">\n\t\t\t\t<div class=\"elementor-widget-container\">\n\t\t\t\t\t\t\t\t\t<p>Wir verfolgen nicht nur alle Prozesse vom Projektstart bis zur schl\u00fcsselfertigen Lieferung, sondern unterst\u00fctzen die Eigent\u00fcmer weiterhin nach der Schl\u00fcssel\u00fcbergabe mit unserem After-Sales-Service.<\/p>\n\t\t\t\t\t\t\t\t<\/div>\n\t\t\t\t<\/div>\n\t\t\t\t<\/div>\n\t\t\t\t\t<\/div>\n\t\t\t\t<\/div>\n\t\t\t\t<\/div>\n\t\t","protected":false},"excerpt":{"rendered":"<p>ALPCANS Wer sind wir? Unser Unternehmen, das seit 2003 in den Bereichen Grundst\u00fcckskauf und -verkauf, Parzellierung und Bau t\u00e4tig ist, hat unter der Leitung des Firmengr\u00fcnders Y\u00fcksel Alpcan erfolgreiche Arbeiten durchgef\u00fchrt. Alpcans hat seinen Erfolg in der Branche heute erneut unter Beweis gestellt, indem er auf diesem Weg, der 2003 mit einem Verst\u00e4ndnis, des Prinzips [&hellip;]<\/p>\n","protected":false},"author":1,"featured_media":4284,"parent":0,"menu_order":0,"comment_status":"closed","ping_status":"closed","template":"","meta":{"site-sidebar-layout":"no-sidebar","site-content-layout":"page-builder","ast-site-content-layout":"default","site-content-style":"default","site-sidebar-style":"default","ast-global-header-display":"","ast-banner-title-visibility":"","ast-main-header-display":"","ast-hfb-above-header-display":"","ast-hfb-below-header-display":"","ast-hfb-mobile-header-display":"","site-post-title":"disabled","ast-breadcrumbs-content":"","ast-featured-img":"disabled","footer-sml-layout":"","theme-transparent-header-meta":"","adv-header-id-meta":"","stick-header-meta":"","header-above-stick-meta":"","header-main-stick-meta":"","header-below-stick-meta":"","astra-migrate-meta-layouts":"default","ast-page-background-enabled":"default","ast-page-background-meta":{"desktop":{"background-color":"var(--ast-global-color-4)","background-image":"","background-repeat":"repeat","background-position":"center center","background-size":"auto","background-attachment":"scroll","background-type":"","background-media":"","overlay-type":"","overlay-color":"","overlay-opacity":"","overlay-gradient":""},"tablet":{"background-color":"","background-image":"","background-repeat":"repeat","background-position":"center center","background-size":"auto","background-attachment":"scroll","background-type":"","background-media":"","overlay-type":"","overlay-color":"","overlay-opacity":"","overlay-gradient":""},"mobile":{"background-color":"","background-image":"","background-repeat":"repeat","background-position":"center center","background-size":"auto","background-attachment":"scroll","background-type":"","background-media":"","overlay-type":"","overlay-color":"","overlay-opacity":"","overlay-gradient":""}},"ast-content-background-meta":{"desktop":{"background-color":"var(--ast-global-color-5)","background-image":"","background-repeat":"repeat","background-position":"center center","background-size":"auto","background-attachment":"scroll","background-type":"","background-media":"","overlay-type":"","overlay-color":"","overlay-opacity":"","overlay-gradient":""},"tablet":{"background-color":"var(--ast-global-color-5)","background-image":"","background-repeat":"repeat","background-position":"center center","background-size":"auto","background-attachment":"scroll","background-type":"","background-media":"","overlay-type":"","overlay-color":"","overlay-opacity":"","overlay-gradient":""},"mobile":{"background-color":"var(--ast-global-color-5)","background-image":"","background-repeat":"repeat","background-position":"center center","background-size":"auto","background-attachment":"scroll","background-type":"","background-media":"","overlay-type":"","overlay-color":"","overlay-opacity":"","overlay-gradient":""}},"footnotes":""},"rightplace-folders":[],"class_list":["post-2318","page","type-page","status-publish","has-post-thumbnail","hentry"],"_links":{"self":[{"href":"https:\/\/alpcans.com\/de\/wp-json\/wp\/v2\/pages\/2318","targetHints":{"allow":["GET"]}}],"collection":[{"href":"https:\/\/alpcans.com\/de\/wp-json\/wp\/v2\/pages"}],"about":[{"href":"https:\/\/alpcans.com\/de\/wp-json\/wp\/v2\/types\/page"}],"author":[{"embeddable":true,"href":"https:\/\/alpcans.com\/de\/wp-json\/wp\/v2\/users\/1"}],"replies":[{"embeddable":true,"href":"https:\/\/alpcans.com\/de\/wp-json\/wp\/v2\/comments?post=2318"}],"version-history":[{"count":0,"href":"https:\/\/alpcans.com\/de\/wp-json\/wp\/v2\/pages\/2318\/revisions"}],"wp:featuredmedia":[{"embeddable":true,"href":"https:\/\/alpcans.com\/de\/wp-json\/wp\/v2\/media\/4284"}],"wp:attachment":[{"href":"https:\/\/alpcans.com\/de\/wp-json\/wp\/v2\/media?parent=2318"}],"wp:term":[{"taxonomy":"rightplace_folder","embeddable":true,"href":"https:\/\/alpcans.com\/de\/wp-json\/wp\/v2\/rightplace-folders?post=2318"}],"curies":[{"name":"wp","href":"https:\/\/api.w.org\/{rel}","templated":true}]}}