{"id":2363,"date":"2023-07-10T13:57:09","date_gmt":"2023-07-10T10:57:09","guid":{"rendered":"http:\/\/alpcans.com\/vorteile-einer-investition-in-zypern\/"},"modified":"2023-07-15T02:13:58","modified_gmt":"2023-07-14T23:13:58","slug":"vorteile-einer-investition-in-zypern","status":"publish","type":"page","link":"https:\/\/alpcans.com\/de\/nordzypern\/vorteile-einer-investition-in-zypern\/","title":{"rendered":"Vorteile einer Investition in Zypern"},"content":{"rendered":"\t\t<div data-elementor-type=\"wp-page\" data-elementor-id=\"2363\" class=\"elementor elementor-2363 elementor-2125\" data-elementor-post-type=\"page\">\n\t\t\t\t<div class=\"elementor-element elementor-element-d302702 e-flex e-con-boxed e-con e-parent\" data-id=\"d302702\" data-element_type=\"container\" data-settings=\"{&quot;background_background&quot;:&quot;classic&quot;}\">\n\t\t\t\t\t<div class=\"e-con-inner\">\n\t\t\t\t<div class=\"elementor-element elementor-element-b5a9ee2 elementor-widget elementor-widget-heading\" data-id=\"b5a9ee2\" data-element_type=\"widget\" data-widget_type=\"heading.default\">\n\t\t\t\t<div class=\"elementor-widget-container\">\n\t\t\t\t\t<h1 class=\"elementor-heading-title elementor-size-default\">Vorteile einer Investition in Nordzypern<\/h1>\t\t\t\t<\/div>\n\t\t\t\t<\/div>\n\t\t\t\t\t<\/div>\n\t\t\t\t<\/div>\n\t\t<div class=\"elementor-element elementor-element-c4317fc e-flex e-con-boxed e-con e-parent\" data-id=\"c4317fc\" data-element_type=\"container\" data-settings=\"{&quot;background_background&quot;:&quot;classic&quot;}\">\n\t\t\t\t\t<div class=\"e-con-inner\">\n\t\t<div class=\"elementor-element elementor-element-612236e e-con-full e-flex e-con e-parent\" data-id=\"612236e\" data-element_type=\"container\">\n\t\t\t\t<div class=\"elementor-element elementor-element-b197fa2 elementor-invisible elementor-widget elementor-widget-heading\" data-id=\"b197fa2\" data-element_type=\"widget\" data-settings=\"{&quot;motion_fx_motion_fx_scrolling&quot;:&quot;yes&quot;,&quot;motion_fx_translateY_effect&quot;:&quot;yes&quot;,&quot;motion_fx_translateY_direction&quot;:&quot;negative&quot;,&quot;motion_fx_translateY_speed&quot;:{&quot;unit&quot;:&quot;px&quot;,&quot;size&quot;:1,&quot;sizes&quot;:[]},&quot;_animation&quot;:&quot;fadeInDown&quot;,&quot;motion_fx_translateY_affectedRange&quot;:{&quot;unit&quot;:&quot;%&quot;,&quot;size&quot;:&quot;&quot;,&quot;sizes&quot;:{&quot;start&quot;:25,&quot;end&quot;:75}},&quot;motion_fx_devices&quot;:[&quot;desktop&quot;,&quot;tablet&quot;,&quot;mobile&quot;]}\" data-widget_type=\"heading.default\">\n\t\t\t\t<div class=\"elementor-widget-container\">\n\t\t\t\t\t<h2 class=\"elementor-heading-title elementor-size-default\">ZYPERN<\/h2>\t\t\t\t<\/div>\n\t\t\t\t<\/div>\n\t\t\t\t<\/div>\n\t\t<div class=\"elementor-element elementor-element-fcd1945 e-con-full fix-rtl-left e-flex e-con e-parent\" data-id=\"fcd1945\" data-element_type=\"container\">\n\t\t\t\t<div class=\"elementor-element elementor-element-f3c62ee elementor-invisible elementor-widget elementor-widget-text-editor\" data-id=\"f3c62ee\" data-element_type=\"widget\" data-settings=\"{&quot;_animation&quot;:&quot;fadeInUp&quot;}\" data-widget_type=\"text-editor.default\">\n\t\t\t\t<div class=\"elementor-widget-container\">\n\t\t\t\t\t\t\t\t\t<p>Nordzypern zieht Touristen an, weil es fast das ganze Jahr \u00fcber ein sonniges Klima hat. Daher ist die Tourismusbranche hoch entwickelt und zu jeder Jahreszeit f\u00fcr Touristen ge\u00f6ffnet. Dar\u00fcber hinaus sind die historische Struktur, die antiken St\u00e4tte und der kulturelle Reichtum Zyperns eine wichtige Attraktion f\u00fcr Touristen.<\/p>\n\t\t\t\t\t\t\t\t<\/div>\n\t\t\t\t<\/div>\n\t\t\t\t<div class=\"elementor-element elementor-element-77a743f elementor-invisible elementor-widget elementor-widget-text-editor\" data-id=\"77a743f\" data-element_type=\"widget\" data-settings=\"{&quot;_animation&quot;:&quot;fadeInUp&quot;}\" data-widget_type=\"text-editor.default\">\n\t\t\t\t<div class=\"elementor-widget-container\">\n\t\t\t\t\t\t\t\t\t<p>Dieses warme Inselland wird von vielen Studenten bevorzugt, da es \u00fcber hochwertige Bildungseinrichtungen verf\u00fcgt. Die Tatsache, dass die Universit\u00e4ten auf Englisch unterrichten und Master- und Doktorandenprogramme anbieten, macht Zypern zu einem bevorzugten Ziel f\u00fcr Studenten.<\/p>\n\t\t\t\t\t\t\t\t<\/div>\n\t\t\t\t<\/div>\n\t\t\t\t<div class=\"elementor-element elementor-element-561799a elementor-invisible elementor-widget elementor-widget-text-editor\" data-id=\"561799a\" data-element_type=\"widget\" data-settings=\"{&quot;_animation&quot;:&quot;fadeInUp&quot;}\" data-widget_type=\"text-editor.default\">\n\t\t\t\t<div class=\"elementor-widget-container\">\n\t\t\t\t\t\t\t\t\t<p>Nordzypern bietet als Inselverwaltung viele Einrichtungen, um seine sich entwickelnde Wirtschaft einen Schritt weiter zu bringen. Besonders hervorzuheben sind Steuererleichterungen f\u00fcr ausl\u00e4ndische Investoren.<\/p>\n\t\t\t\t\t\t\t\t<\/div>\n\t\t\t\t<\/div>\n\t\t\t\t<div class=\"elementor-element elementor-element-61b6e7f elementor-invisible elementor-widget elementor-widget-text-editor\" data-id=\"61b6e7f\" data-element_type=\"widget\" data-settings=\"{&quot;_animation&quot;:&quot;fadeInUp&quot;}\" data-widget_type=\"text-editor.default\">\n\t\t\t\t<div class=\"elementor-widget-container\">\n\t\t\t\t\t\t\t\t\t<p>Die Tatsache, dass das britische Pfund als W\u00e4hrung bei den zu t\u00e4tigenden Investitionen verwendet wird, sch\u00fctzt die Anleger auch vor Inflation, die eine variable Dynamik aufweist. Devisenbasierte Mietrenditen und Immobilienabschreibungen in kurzer Zeit bieten vorteilhafte Optionen f\u00fcr Investoren.<\/p>\n\t\t\t\t\t\t\t\t<\/div>\n\t\t\t\t<\/div>\n\t\t\t\t<div class=\"elementor-element elementor-element-fc1e71e elementor-invisible elementor-widget elementor-widget-text-editor\" data-id=\"fc1e71e\" data-element_type=\"widget\" data-settings=\"{&quot;_animation&quot;:&quot;fadeInUp&quot;}\" data-widget_type=\"text-editor.default\">\n\t\t\t\t<div class=\"elementor-widget-container\">\n\t\t\t\t\t\t\t\t\t<p>Dar\u00fcber hinaus ist auch die niedrige Kriminalit\u00e4tsrate auf Zypern ein wichtiger Faktor f\u00fcr diejenigen, die eine sichere Investition t\u00e4tigen m\u00f6chten.<\/p>\n\t\t\t\t\t\t\t\t<\/div>\n\t\t\t\t<\/div>\n\t\t\t\t<\/div>\n\t\t<div class=\"elementor-element elementor-element-d48693e e-con-full e-flex e-con e-parent\" data-id=\"d48693e\" data-element_type=\"container\">\n\t\t\t\t<div class=\"elementor-element elementor-element-b1bbba6 turquoise-shadow elementor-invisible elementor-widget elementor-widget-image\" data-id=\"b1bbba6\" data-element_type=\"widget\" data-settings=\"{&quot;_animation&quot;:&quot;fadeIn&quot;,&quot;motion_fx_motion_fx_scrolling&quot;:&quot;yes&quot;,&quot;motion_fx_translateY_effect&quot;:&quot;yes&quot;,&quot;motion_fx_translateY_direction&quot;:&quot;negative&quot;,&quot;motion_fx_translateY_affectedRange&quot;:{&quot;unit&quot;:&quot;%&quot;,&quot;size&quot;:&quot;&quot;,&quot;sizes&quot;:{&quot;start&quot;:20,&quot;end&quot;:80}},&quot;motion_fx_devices&quot;:[&quot;desktop&quot;],&quot;motion_fx_translateY_speed&quot;:{&quot;unit&quot;:&quot;px&quot;,&quot;size&quot;:4,&quot;sizes&quot;:[]}}\" data-widget_type=\"image.default\">\n\t\t\t\t<div class=\"elementor-widget-container\">\n\t\t\t\t\t\t\t\t\t\t\t\t\t\t\t<img fetchpriority=\"high\" decoding=\"async\" width=\"570\" height=\"490\" src=\"https:\/\/alpcans.com\/wp-content\/uploads\/2023\/07\/alpcan-towers-key-west-living-room-2.jpg\" class=\"attachment-large size-large wp-image-4373\" alt=\"Okyanus manzaral\u0131 bir oturma odas\u0131.\" srcset=\"https:\/\/alpcans.com\/wp-content\/uploads\/2023\/07\/alpcan-towers-key-west-living-room-2.jpg 570w, https:\/\/alpcans.com\/wp-content\/uploads\/2023\/07\/alpcan-towers-key-west-living-room-2-300x258.jpg 300w\" sizes=\"(max-width: 570px) 100vw, 570px\" \/>\t\t\t\t\t\t\t\t\t\t\t\t\t\t\t<\/div>\n\t\t\t\t<\/div>\n\t\t\t\t<\/div>\n\t\t\t\t\t<\/div>\n\t\t\t\t<\/div>\n\t\t<div class=\"elementor-element elementor-element-689a9e4 e-flex e-con-boxed e-con e-parent\" data-id=\"689a9e4\" data-element_type=\"container\">\n\t\t\t\t\t<div class=\"e-con-inner\">\n\t\t\t\t<div class=\"elementor-element elementor-element-7d7a81c elementor-position-left elementor-widget-tablet__width-inherit elementor-widget__width-initial elementor-view-default elementor-widget elementor-widget-icon-box\" data-id=\"7d7a81c\" data-element_type=\"widget\" data-widget_type=\"icon-box.default\">\n\t\t\t\t<div class=\"elementor-widget-container\">\n\t\t\t\t\t\t\t<div class=\"elementor-icon-box-wrapper\">\n\n\t\t\t\t\t\t<div class=\"elementor-icon-box-icon\">\n\t\t\t\t<a href=\"https:\/\/alpcans.com\/de\/nordzypern\/\" class=\"elementor-icon\" tabindex=\"-1\" aria-label=\"Nordzypern\">\n\t\t\t\t<svg aria-hidden=\"true\" class=\"e-font-icon-svg e-fas-chevron-left\" viewBox=\"0 0 320 512\" xmlns=\"http:\/\/www.w3.org\/2000\/svg\"><path d=\"M34.52 239.03L228.87 44.69c9.37-9.37 24.57-9.37 33.94 0l22.67 22.67c9.36 9.36 9.37 24.52.04 33.9L131.49 256l154.02 154.75c9.34 9.38 9.32 24.54-.04 33.9l-22.67 22.67c-9.37 9.37-24.57 9.37-33.94 0L34.52 272.97c-9.37-9.37-9.37-24.57 0-33.94z\"><\/path><\/svg>\t\t\t\t<\/a>\n\t\t\t<\/div>\n\t\t\t\n\t\t\t\t\t\t<div class=\"elementor-icon-box-content\">\n\n\t\t\t\t\t\t\t\t\t<h2 class=\"elementor-icon-box-title\">\n\t\t\t\t\t\t<a href=\"https:\/\/alpcans.com\/de\/nordzypern\/\" >\n\t\t\t\t\t\t\tNordzypern\t\t\t\t\t\t<\/a>\n\t\t\t\t\t<\/h2>\n\t\t\t\t\n\t\t\t\t\n\t\t\t<\/div>\n\t\t\t\n\t\t<\/div>\n\t\t\t\t\t\t<\/div>\n\t\t\t\t<\/div>\n\t\t\t\t<div class=\"elementor-element elementor-element-2bf2cae elementor-position-right elementor-widget__width-initial elementor-widget-tablet__width-inherit elementor-view-default elementor-widget elementor-widget-icon-box\" data-id=\"2bf2cae\" data-element_type=\"widget\" data-widget_type=\"icon-box.default\">\n\t\t\t\t<div class=\"elementor-widget-container\">\n\t\t\t\t\t\t\t<div class=\"elementor-icon-box-wrapper\">\n\n\t\t\t\t\t\t<div class=\"elementor-icon-box-icon\">\n\t\t\t\t<a href=\"https:\/\/alpcans.com\/kuzey-kibris\/satin-alma-rehberi\/\" class=\"elementor-icon\" tabindex=\"-1\" aria-label=\"Sat\u0131n Alma Rehberi\">\n\t\t\t\t<svg aria-hidden=\"true\" class=\"e-font-icon-svg e-fas-chevron-right\" viewBox=\"0 0 320 512\" xmlns=\"http:\/\/www.w3.org\/2000\/svg\"><path d=\"M285.476 272.971L91.132 467.314c-9.373 9.373-24.569 9.373-33.941 0l-22.667-22.667c-9.357-9.357-9.375-24.522-.04-33.901L188.505 256 34.484 101.255c-9.335-9.379-9.317-24.544.04-33.901l22.667-22.667c9.373-9.373 24.569-9.373 33.941 0L285.475 239.03c9.373 9.372 9.373 24.568.001 33.941z\"><\/path><\/svg>\t\t\t\t<\/a>\n\t\t\t<\/div>\n\t\t\t\n\t\t\t\t\t\t<div class=\"elementor-icon-box-content\">\n\n\t\t\t\t\t\t\t\t\t<h2 class=\"elementor-icon-box-title\">\n\t\t\t\t\t\t<a href=\"https:\/\/alpcans.com\/kuzey-kibris\/satin-alma-rehberi\/\" >\n\t\t\t\t\t\t\tSat\u0131n Alma Rehberi\t\t\t\t\t\t<\/a>\n\t\t\t\t\t<\/h2>\n\t\t\t\t\n\t\t\t\t\n\t\t\t<\/div>\n\t\t\t\n\t\t<\/div>\n\t\t\t\t\t\t<\/div>\n\t\t\t\t<\/div>\n\t\t\t\t\t<\/div>\n\t\t\t\t<\/div>\n\t\t\t\t<\/div>\n\t\t","protected":false},"excerpt":{"rendered":"<p>Vorteile einer Investition in Nordzypern ZYPERN Nordzypern zieht Touristen an, weil es fast das ganze Jahr \u00fcber ein sonniges Klima hat. Daher ist die Tourismusbranche hoch entwickelt und zu jeder Jahreszeit f\u00fcr Touristen ge\u00f6ffnet. Dar\u00fcber hinaus sind die historische Struktur, die antiken St\u00e4tte und der kulturelle Reichtum Zyperns eine wichtige Attraktion f\u00fcr Touristen. Dieses warme [&hellip;]<\/p>\n","protected":false},"author":1,"featured_media":4044,"parent":2373,"menu_order":0,"comment_status":"closed","ping_status":"closed","template":"","meta":{"site-sidebar-layout":"no-sidebar","site-content-layout":"page-builder","ast-site-content-layout":"default","site-content-style":"default","site-sidebar-style":"default","ast-global-header-display":"","ast-banner-title-visibility":"","ast-main-header-display":"","ast-hfb-above-header-display":"","ast-hfb-below-header-display":"","ast-hfb-mobile-header-display":"","site-post-title":"disabled","ast-breadcrumbs-content":"","ast-featured-img":"disabled","footer-sml-layout":"","theme-transparent-header-meta":"","adv-header-id-meta":"","stick-header-meta":"","header-above-stick-meta":"","header-main-stick-meta":"","header-below-stick-meta":"","astra-migrate-meta-layouts":"default","ast-page-background-enabled":"default","ast-page-background-meta":{"desktop":{"background-color":"var(--ast-global-color-4)","background-image":"","background-repeat":"repeat","background-position":"center center","background-size":"auto","background-attachment":"scroll","background-type":"","background-media":"","overlay-type":"","overlay-color":"","overlay-opacity":"","overlay-gradient":""},"tablet":{"background-color":"","background-image":"","background-repeat":"repeat","background-position":"center center","background-size":"auto","background-attachment":"scroll","background-type":"","background-media":"","overlay-type":"","overlay-color":"","overlay-opacity":"","overlay-gradient":""},"mobile":{"background-color":"","background-image":"","background-repeat":"repeat","background-position":"center center","background-size":"auto","background-attachment":"scroll","background-type":"","background-media":"","overlay-type":"","overlay-color":"","overlay-opacity":"","overlay-gradient":""}},"ast-content-background-meta":{"desktop":{"background-color":"var(--ast-global-color-5)","background-image":"","background-repeat":"repeat","background-position":"center center","background-size":"auto","background-attachment":"scroll","background-type":"","background-media":"","overlay-type":"","overlay-color":"","overlay-opacity":"","overlay-gradient":""},"tablet":{"background-color":"var(--ast-global-color-5)","background-image":"","background-repeat":"repeat","background-position":"center center","background-size":"auto","background-attachment":"scroll","background-type":"","background-media":"","overlay-type":"","overlay-color":"","overlay-opacity":"","overlay-gradient":""},"mobile":{"background-color":"var(--ast-global-color-5)","background-image":"","background-repeat":"repeat","background-position":"center center","background-size":"auto","background-attachment":"scroll","background-type":"","background-media":"","overlay-type":"","overlay-color":"","overlay-opacity":"","overlay-gradient":""}},"footnotes":""},"rightplace-folders":[],"class_list":["post-2363","page","type-page","status-publish","has-post-thumbnail","hentry"],"_links":{"self":[{"href":"https:\/\/alpcans.com\/de\/wp-json\/wp\/v2\/pages\/2363","targetHints":{"allow":["GET"]}}],"collection":[{"href":"https:\/\/alpcans.com\/de\/wp-json\/wp\/v2\/pages"}],"about":[{"href":"https:\/\/alpcans.com\/de\/wp-json\/wp\/v2\/types\/page"}],"author":[{"embeddable":true,"href":"https:\/\/alpcans.com\/de\/wp-json\/wp\/v2\/users\/1"}],"replies":[{"embeddable":true,"href":"https:\/\/alpcans.com\/de\/wp-json\/wp\/v2\/comments?post=2363"}],"version-history":[{"count":0,"href":"https:\/\/alpcans.com\/de\/wp-json\/wp\/v2\/pages\/2363\/revisions"}],"up":[{"embeddable":true,"href":"https:\/\/alpcans.com\/de\/wp-json\/wp\/v2\/pages\/2373"}],"wp:featuredmedia":[{"embeddable":true,"href":"https:\/\/alpcans.com\/de\/wp-json\/wp\/v2\/media\/4044"}],"wp:attachment":[{"href":"https:\/\/alpcans.com\/de\/wp-json\/wp\/v2\/media?parent=2363"}],"wp:term":[{"taxonomy":"rightplace_folder","embeddable":true,"href":"https:\/\/alpcans.com\/de\/wp-json\/wp\/v2\/rightplace-folders?post=2363"}],"curies":[{"name":"wp","href":"https:\/\/api.w.org\/{rel}","templated":true}]}}