{"id":2373,"date":"2023-07-10T13:43:33","date_gmt":"2023-07-10T10:43:33","guid":{"rendered":"http:\/\/alpcans.com\/nordzypern\/"},"modified":"2023-07-15T01:15:45","modified_gmt":"2023-07-14T22:15:45","slug":"nordzypern","status":"publish","type":"page","link":"https:\/\/alpcans.com\/de\/nordzypern\/","title":{"rendered":"Nordzypern"},"content":{"rendered":"\t\t<div data-elementor-type=\"wp-page\" data-elementor-id=\"2373\" class=\"elementor elementor-2373 elementor-2098\" data-elementor-post-type=\"page\">\n\t\t\t\t<div class=\"elementor-element elementor-element-d302702 e-flex e-con-boxed e-con e-parent\" data-id=\"d302702\" data-element_type=\"container\" data-settings=\"{&quot;background_background&quot;:&quot;classic&quot;}\">\n\t\t\t\t\t<div class=\"e-con-inner\">\n\t\t\t\t<div class=\"elementor-element elementor-element-b5a9ee2 elementor-widget elementor-widget-heading\" data-id=\"b5a9ee2\" data-element_type=\"widget\" data-widget_type=\"heading.default\">\n\t\t\t\t<div class=\"elementor-widget-container\">\n\t\t\t\t\t<h1 class=\"elementor-heading-title elementor-size-default\">T\u00fcrkische Republik Nordzypern<\/h1>\t\t\t\t<\/div>\n\t\t\t\t<\/div>\n\t\t\t\t\t<\/div>\n\t\t\t\t<\/div>\n\t\t<div class=\"elementor-element elementor-element-c4317fc e-flex e-con-boxed e-con e-parent\" data-id=\"c4317fc\" data-element_type=\"container\" data-settings=\"{&quot;background_background&quot;:&quot;classic&quot;}\">\n\t\t\t\t\t<div class=\"e-con-inner\">\n\t\t<div class=\"elementor-element elementor-element-612236e e-con-full e-flex e-con e-parent\" data-id=\"612236e\" data-element_type=\"container\">\n\t\t\t\t<div class=\"elementor-element elementor-element-b197fa2 elementor-invisible elementor-widget elementor-widget-heading\" data-id=\"b197fa2\" data-element_type=\"widget\" data-settings=\"{&quot;motion_fx_motion_fx_scrolling&quot;:&quot;yes&quot;,&quot;motion_fx_translateY_effect&quot;:&quot;yes&quot;,&quot;motion_fx_translateY_direction&quot;:&quot;negative&quot;,&quot;motion_fx_translateY_speed&quot;:{&quot;unit&quot;:&quot;px&quot;,&quot;size&quot;:1,&quot;sizes&quot;:[]},&quot;_animation&quot;:&quot;fadeInDown&quot;,&quot;motion_fx_translateY_affectedRange&quot;:{&quot;unit&quot;:&quot;%&quot;,&quot;size&quot;:&quot;&quot;,&quot;sizes&quot;:{&quot;start&quot;:25,&quot;end&quot;:75}},&quot;motion_fx_devices&quot;:[&quot;desktop&quot;,&quot;tablet&quot;,&quot;mobile&quot;]}\" data-widget_type=\"heading.default\">\n\t\t\t\t<div class=\"elementor-widget-container\">\n\t\t\t\t\t<h2 class=\"elementor-heading-title elementor-size-default\">ZYPERN<\/h2>\t\t\t\t<\/div>\n\t\t\t\t<\/div>\n\t\t\t\t<\/div>\n\t\t<div class=\"elementor-element elementor-element-fcd1945 e-con-full fix-rtl-left e-flex e-con e-parent\" data-id=\"fcd1945\" data-element_type=\"container\">\n\t\t\t\t<div class=\"elementor-element elementor-element-f3c62ee elementor-invisible elementor-widget elementor-widget-text-editor\" data-id=\"f3c62ee\" data-element_type=\"widget\" data-settings=\"{&quot;_animation&quot;:&quot;fadeInUp&quot;}\" data-widget_type=\"text-editor.default\">\n\t\t\t\t<div class=\"elementor-widget-container\">\n\t\t\t\t\t\t\t\t\t<p>Nordzypern mit der reinen Sch\u00f6nheit der Insel, angenehmem Klima, Herzlichkeit und Aufrichtigkeit seiner Menschen, reichhaltiger lokaler K\u00fcche und Speisen; belohnt Besucher, die hierher kommen, mit einer Umgebung, in der sie dem Stress und der Hektik des Stadtlebens entfliehen k\u00f6nnen.<\/p>\n\t\t\t\t\t\t\t\t<\/div>\n\t\t\t\t<\/div>\n\t\t\t\t<div class=\"elementor-element elementor-element-77a743f elementor-invisible elementor-widget elementor-widget-text-editor\" data-id=\"77a743f\" data-element_type=\"widget\" data-settings=\"{&quot;_animation&quot;:&quot;fadeInUp&quot;}\" data-widget_type=\"text-editor.default\">\n\t\t\t\t<div class=\"elementor-widget-container\">\n\t\t\t\t\t\t\t\t\t<p>Zu den wichtigsten Bed\u00fcrfnissen der Menschheit geh\u00f6rt die Sicherheit. Zypern, das eine sehr niedrige Kriminalit\u00e4tsrate hat, bietet seinen Einwohnern auch ein Leben voller Sicherheit, da es zu den sichersten Orten der Welt geh\u00f6rt.<\/p>\n\t\t\t\t\t\t\t\t<\/div>\n\t\t\t\t<\/div>\n\t\t\t\t<div class=\"elementor-element elementor-element-561799a elementor-invisible elementor-widget elementor-widget-text-editor\" data-id=\"561799a\" data-element_type=\"widget\" data-settings=\"{&quot;_animation&quot;:&quot;fadeInUp&quot;}\" data-widget_type=\"text-editor.default\">\n\t\t\t\t<div class=\"elementor-widget-container\">\n\t\t\t\t\t\t\t\t\t<p>Der historische und kulturelle Reichtum Nordzyperns ist voller Ruinen und Artefakte, die die Spuren verschiedener Zivilisationen tragen. Dies h\u00e4ngt mit der Tatsache zusammen, dass hier aufgrund der strategischen Lage der Insel verschiedene Zivilisationen lebten. Historische Orte wie das Kloster Bellapais, die Burg St. Hilarion, die antike Stadt Soli und der Gro\u00dfe Khan sind nur einige davon.<\/p>\n\t\t\t\t\t\t\t\t<\/div>\n\t\t\t\t<\/div>\n\t\t\t\t<\/div>\n\t\t<div class=\"elementor-element elementor-element-d48693e e-con-full e-flex e-con e-parent\" data-id=\"d48693e\" data-element_type=\"container\">\n\t\t\t\t<div class=\"elementor-element elementor-element-b1bbba6 turquoise-shadow elementor-invisible elementor-widget elementor-widget-image\" data-id=\"b1bbba6\" data-element_type=\"widget\" data-settings=\"{&quot;_animation&quot;:&quot;fadeIn&quot;,&quot;motion_fx_motion_fx_scrolling&quot;:&quot;yes&quot;,&quot;motion_fx_translateY_effect&quot;:&quot;yes&quot;,&quot;motion_fx_translateY_direction&quot;:&quot;negative&quot;,&quot;motion_fx_translateY_affectedRange&quot;:{&quot;unit&quot;:&quot;%&quot;,&quot;size&quot;:&quot;&quot;,&quot;sizes&quot;:{&quot;start&quot;:20,&quot;end&quot;:80}},&quot;motion_fx_devices&quot;:[&quot;desktop&quot;],&quot;motion_fx_translateY_speed&quot;:{&quot;unit&quot;:&quot;px&quot;,&quot;size&quot;:4,&quot;sizes&quot;:[]}}\" data-widget_type=\"image.default\">\n\t\t\t\t<div class=\"elementor-widget-container\">\n\t\t\t\t\t\t\t\t\t\t\t\t\t\t\t<img fetchpriority=\"high\" decoding=\"async\" width=\"570\" height=\"490\" src=\"https:\/\/alpcans.com\/wp-content\/uploads\/2023\/07\/kibris-1.jpg\" class=\"attachment-full size-full wp-image-4018\" alt=\"Mavi sular\u0131 ve kayal\u0131k u\u00e7urumlar\u0131 olan kayal\u0131k bir k\u0131y\u0131 \u015feridi.\" srcset=\"https:\/\/alpcans.com\/wp-content\/uploads\/2023\/07\/kibris-1.jpg 570w, https:\/\/alpcans.com\/wp-content\/uploads\/2023\/07\/kibris-1-300x258.jpg 300w\" sizes=\"(max-width: 570px) 100vw, 570px\" \/>\t\t\t\t\t\t\t\t\t\t\t\t\t\t\t<\/div>\n\t\t\t\t<\/div>\n\t\t\t\t<\/div>\n\t\t\t\t\t<\/div>\n\t\t\t\t<\/div>\n\t\t<div class=\"elementor-element elementor-element-259a807 e-flex e-con-boxed e-con e-parent\" data-id=\"259a807\" data-element_type=\"container\" data-settings=\"{&quot;background_background&quot;:&quot;classic&quot;}\">\n\t\t\t\t\t<div class=\"e-con-inner\">\n\t\t<div class=\"elementor-element elementor-element-ca5f25c e-con-full e-flex e-con e-parent\" data-id=\"ca5f25c\" data-element_type=\"container\">\n\t\t\t\t<div class=\"elementor-element elementor-element-c53df65 turquoise-shadow elementor-invisible elementor-widget elementor-widget-image\" data-id=\"c53df65\" data-element_type=\"widget\" data-settings=\"{&quot;_animation&quot;:&quot;fadeIn&quot;,&quot;motion_fx_motion_fx_scrolling&quot;:&quot;yes&quot;,&quot;motion_fx_translateY_effect&quot;:&quot;yes&quot;,&quot;motion_fx_translateY_direction&quot;:&quot;negative&quot;,&quot;motion_fx_translateY_affectedRange&quot;:{&quot;unit&quot;:&quot;%&quot;,&quot;size&quot;:&quot;&quot;,&quot;sizes&quot;:{&quot;start&quot;:30,&quot;end&quot;:70}},&quot;motion_fx_devices&quot;:[&quot;desktop&quot;],&quot;motion_fx_translateY_speed&quot;:{&quot;unit&quot;:&quot;px&quot;,&quot;size&quot;:4,&quot;sizes&quot;:[]}}\" data-widget_type=\"image.default\">\n\t\t\t\t<div class=\"elementor-widget-container\">\n\t\t\t\t\t\t\t\t\t\t\t\t\t\t\t<img decoding=\"async\" width=\"570\" height=\"490\" src=\"https:\/\/alpcans.com\/wp-content\/uploads\/2023\/07\/girne-iskele.jpg\" class=\"attachment-full size-full wp-image-4012\" alt=\"\u0130\u00e7inde teknelerin yana\u015ft\u0131\u011f\u0131 marinan\u0131n havadan g\u00f6r\u00fcn\u00fcm\u00fc.\" srcset=\"https:\/\/alpcans.com\/wp-content\/uploads\/2023\/07\/girne-iskele.jpg 570w, https:\/\/alpcans.com\/wp-content\/uploads\/2023\/07\/girne-iskele-300x258.jpg 300w\" sizes=\"(max-width: 570px) 100vw, 570px\" \/>\t\t\t\t\t\t\t\t\t\t\t\t\t\t\t<\/div>\n\t\t\t\t<\/div>\n\t\t\t\t<\/div>\n\t\t<div class=\"elementor-element elementor-element-629cd0d e-con-full fix-rtl-right e-flex e-con e-parent\" data-id=\"629cd0d\" data-element_type=\"container\">\n\t\t\t\t<div class=\"elementor-element elementor-element-2d41827 elementor-invisible elementor-widget elementor-widget-text-editor\" data-id=\"2d41827\" data-element_type=\"widget\" data-settings=\"{&quot;_animation&quot;:&quot;fadeInUp&quot;}\" data-widget_type=\"text-editor.default\">\n\t\t\t\t<div class=\"elementor-widget-container\">\n\t\t\t\t\t\t\t\t\t<p>Mehr als 90 Tausend Studenten erhalten in der T\u00fcrkischen Republik Nordzypern eine Ausbildung. Nordzypern, das mit seinen internationalen Universit\u00e4ten auf sich aufmerksam macht, ist zu einer Universit\u00e4tsinsel geworden. Es gibt viele Optionen f\u00fcr studentische Kandidaten mit Associate-, Bachelor-, Master- und Promotionsprogrammen. Voller Zuversicht und Frieden sind die Universit\u00e4ten in Nordzypern eine wichtige Gelegenheit f\u00fcr Universit\u00e4tskandidaten, die eine internationale Ausbildung in Betracht ziehen.<\/p>\n\t\t\t\t\t\t\t\t<\/div>\n\t\t\t\t<\/div>\n\t\t\t\t<div class=\"elementor-element elementor-element-b6f2041 elementor-invisible elementor-widget elementor-widget-text-editor\" data-id=\"b6f2041\" data-element_type=\"widget\" data-settings=\"{&quot;_animation&quot;:&quot;fadeInUp&quot;}\" data-widget_type=\"text-editor.default\">\n\t\t\t\t<div class=\"elementor-widget-container\">\n\t\t\t\t\t\t\t\t\t<p>Ein weiteres Merkmal Nordzyperns ist, dass es f\u00fcr jeden Wunsch eine passende Urlaubsm\u00f6glichkeit gibt. Seine sehr langen und wundersch\u00f6nen Str\u00e4nde k\u00f6nnen den Bewohnern in den Sommermonaten viele verschiedene Emotionen gleichzeitig bieten. Kulturelle Touren, Wassersport, Spazierg\u00e4nge in der Natur und viele andere Aktivit\u00e4ten warten in Nordzypern auf Sie. F\u00fcr diejenigen, die das Nachtleben lieben, gibt es in Nordzypern viele Bars, Kneipen, Nachtclubs und Casinos.<\/p>\n\t\t\t\t\t\t\t\t<\/div>\n\t\t\t\t<\/div>\n\t\t\t\t<div class=\"elementor-element elementor-element-b8f0c3a elementor-invisible elementor-widget elementor-widget-text-editor\" data-id=\"b8f0c3a\" data-element_type=\"widget\" data-settings=\"{&quot;_animation&quot;:&quot;fadeInUp&quot;}\" data-widget_type=\"text-editor.default\">\n\t\t\t\t<div class=\"elementor-widget-container\">\n\t\t\t\t\t\t\t\t\t<p>Was die Inselbewohner betrifft, so hat es eine Struktur, die jeden mit seiner Gastfreundschaft und H\u00f6flichkeit willkommen hei\u00dft, aber es tr\u00e4gt auch die charakteristischsten Merkmale der mediterranen Bev\u00f6lkerung.<\/p>\n\t\t\t\t\t\t\t\t<\/div>\n\t\t\t\t<\/div>\n\t\t\t\t<div class=\"elementor-element elementor-element-14b5e6b elementor-invisible elementor-widget elementor-widget-text-editor\" data-id=\"14b5e6b\" data-element_type=\"widget\" data-settings=\"{&quot;_animation&quot;:&quot;fadeInUp&quot;}\" data-widget_type=\"text-editor.default\">\n\t\t\t\t<div class=\"elementor-widget-container\">\n\t\t\t\t\t\t\t\t\t<p>Nordzypern hat ein typisches \u00f6stliches Mittelmeerklima mit hei\u00dfen Sommern und kurzen, milden Wintern. Nordzypern, das seine Pforten f\u00fcr Touristen aus vielen Teilen der Welt \u00f6ffnet, fasziniert seine G\u00e4ste nach wie vor mit seinem Tag und seiner Nacht.<\/p>\n\t\t\t\t\t\t\t\t<\/div>\n\t\t\t\t<\/div>\n\t\t\t\t<\/div>\n\t\t\t\t\t<\/div>\n\t\t\t\t<\/div>\n\t\t<div class=\"elementor-element elementor-element-0ec0eff e-flex e-con-boxed e-con e-parent\" data-id=\"0ec0eff\" data-element_type=\"container\">\n\t\t\t\t\t<div class=\"e-con-inner\">\n\t\t\t\t<div class=\"elementor-element elementor-element-87c5b18 elementor-position-right elementor-widget__width-initial elementor-widget-tablet__width-inherit elementor-view-default elementor-widget elementor-widget-icon-box\" data-id=\"87c5b18\" data-element_type=\"widget\" data-widget_type=\"icon-box.default\">\n\t\t\t\t<div class=\"elementor-widget-container\">\n\t\t\t\t\t\t\t<div class=\"elementor-icon-box-wrapper\">\n\n\t\t\t\t\t\t<div class=\"elementor-icon-box-icon\">\n\t\t\t\t<a href=\"https:\/\/alpcans.com\/de\/nordzypern\/vorteile-einer-investition-in-zypern\/\" class=\"elementor-icon\" tabindex=\"-1\" aria-label=\"Vorteile einer Investition in Nordzypern\">\n\t\t\t\t<svg aria-hidden=\"true\" class=\"e-font-icon-svg e-fas-chevron-right\" viewBox=\"0 0 320 512\" xmlns=\"http:\/\/www.w3.org\/2000\/svg\"><path d=\"M285.476 272.971L91.132 467.314c-9.373 9.373-24.569 9.373-33.941 0l-22.667-22.667c-9.357-9.357-9.375-24.522-.04-33.901L188.505 256 34.484 101.255c-9.335-9.379-9.317-24.544.04-33.901l22.667-22.667c9.373-9.373 24.569-9.373 33.941 0L285.475 239.03c9.373 9.372 9.373 24.568.001 33.941z\"><\/path><\/svg>\t\t\t\t<\/a>\n\t\t\t<\/div>\n\t\t\t\n\t\t\t\t\t\t<div class=\"elementor-icon-box-content\">\n\n\t\t\t\t\t\t\t\t\t<h2 class=\"elementor-icon-box-title\">\n\t\t\t\t\t\t<a href=\"https:\/\/alpcans.com\/de\/nordzypern\/vorteile-einer-investition-in-zypern\/\" >\n\t\t\t\t\t\t\tVorteile einer Investition in Nordzypern\t\t\t\t\t\t<\/a>\n\t\t\t\t\t<\/h2>\n\t\t\t\t\n\t\t\t\t\n\t\t\t<\/div>\n\t\t\t\n\t\t<\/div>\n\t\t\t\t\t\t<\/div>\n\t\t\t\t<\/div>\n\t\t\t\t\t<\/div>\n\t\t\t\t<\/div>\n\t\t\t\t<\/div>\n\t\t","protected":false},"excerpt":{"rendered":"<p>T\u00fcrkische Republik Nordzypern ZYPERN Nordzypern mit der reinen Sch\u00f6nheit der Insel, angenehmem Klima, Herzlichkeit und Aufrichtigkeit seiner Menschen, reichhaltiger lokaler K\u00fcche und Speisen; belohnt Besucher, die hierher kommen, mit einer Umgebung, in der sie dem Stress und der Hektik des Stadtlebens entfliehen k\u00f6nnen. Zu den wichtigsten Bed\u00fcrfnissen der Menschheit geh\u00f6rt die Sicherheit. Zypern, das eine [&hellip;]<\/p>\n","protected":false},"author":1,"featured_media":4024,"parent":0,"menu_order":0,"comment_status":"closed","ping_status":"closed","template":"","meta":{"site-sidebar-layout":"no-sidebar","site-content-layout":"page-builder","ast-site-content-layout":"default","site-content-style":"default","site-sidebar-style":"default","ast-global-header-display":"","ast-banner-title-visibility":"","ast-main-header-display":"","ast-hfb-above-header-display":"","ast-hfb-below-header-display":"","ast-hfb-mobile-header-display":"","site-post-title":"disabled","ast-breadcrumbs-content":"","ast-featured-img":"disabled","footer-sml-layout":"","theme-transparent-header-meta":"","adv-header-id-meta":"","stick-header-meta":"","header-above-stick-meta":"","header-main-stick-meta":"","header-below-stick-meta":"","astra-migrate-meta-layouts":"default","ast-page-background-enabled":"default","ast-page-background-meta":{"desktop":{"background-color":"var(--ast-global-color-4)","background-image":"","background-repeat":"repeat","background-position":"center center","background-size":"auto","background-attachment":"scroll","background-type":"","background-media":"","overlay-type":"","overlay-color":"","overlay-opacity":"","overlay-gradient":""},"tablet":{"background-color":"","background-image":"","background-repeat":"repeat","background-position":"center center","background-size":"auto","background-attachment":"scroll","background-type":"","background-media":"","overlay-type":"","overlay-color":"","overlay-opacity":"","overlay-gradient":""},"mobile":{"background-color":"","background-image":"","background-repeat":"repeat","background-position":"center center","background-size":"auto","background-attachment":"scroll","background-type":"","background-media":"","overlay-type":"","overlay-color":"","overlay-opacity":"","overlay-gradient":""}},"ast-content-background-meta":{"desktop":{"background-color":"var(--ast-global-color-5)","background-image":"","background-repeat":"repeat","background-position":"center center","background-size":"auto","background-attachment":"scroll","background-type":"","background-media":"","overlay-type":"","overlay-color":"","overlay-opacity":"","overlay-gradient":""},"tablet":{"background-color":"var(--ast-global-color-5)","background-image":"","background-repeat":"repeat","background-position":"center center","background-size":"auto","background-attachment":"scroll","background-type":"","background-media":"","overlay-type":"","overlay-color":"","overlay-opacity":"","overlay-gradient":""},"mobile":{"background-color":"var(--ast-global-color-5)","background-image":"","background-repeat":"repeat","background-position":"center center","background-size":"auto","background-attachment":"scroll","background-type":"","background-media":"","overlay-type":"","overlay-color":"","overlay-opacity":"","overlay-gradient":""}},"footnotes":""},"rightplace-folders":[],"class_list":["post-2373","page","type-page","status-publish","has-post-thumbnail","hentry"],"_links":{"self":[{"href":"https:\/\/alpcans.com\/de\/wp-json\/wp\/v2\/pages\/2373","targetHints":{"allow":["GET"]}}],"collection":[{"href":"https:\/\/alpcans.com\/de\/wp-json\/wp\/v2\/pages"}],"about":[{"href":"https:\/\/alpcans.com\/de\/wp-json\/wp\/v2\/types\/page"}],"author":[{"embeddable":true,"href":"https:\/\/alpcans.com\/de\/wp-json\/wp\/v2\/users\/1"}],"replies":[{"embeddable":true,"href":"https:\/\/alpcans.com\/de\/wp-json\/wp\/v2\/comments?post=2373"}],"version-history":[{"count":0,"href":"https:\/\/alpcans.com\/de\/wp-json\/wp\/v2\/pages\/2373\/revisions"}],"wp:featuredmedia":[{"embeddable":true,"href":"https:\/\/alpcans.com\/de\/wp-json\/wp\/v2\/media\/4024"}],"wp:attachment":[{"href":"https:\/\/alpcans.com\/de\/wp-json\/wp\/v2\/media?parent=2373"}],"wp:term":[{"taxonomy":"rightplace_folder","embeddable":true,"href":"https:\/\/alpcans.com\/de\/wp-json\/wp\/v2\/rightplace-folders?post=2373"}],"curies":[{"name":"wp","href":"https:\/\/api.w.org\/{rel}","templated":true}]}}