{"id":2316,"date":"2023-07-03T15:36:24","date_gmt":"2023-07-03T12:36:24","guid":{"rendered":"http:\/\/alpcans.com\/about-us\/"},"modified":"2025-02-24T05:55:12","modified_gmt":"2025-02-24T02:55:12","slug":"about-us","status":"publish","type":"page","link":"https:\/\/alpcans.com\/en\/about-us\/","title":{"rendered":"About Us"},"content":{"rendered":"\t\t<div data-elementor-type=\"wp-page\" data-elementor-id=\"2316\" class=\"elementor elementor-2316 elementor-1162\" data-elementor-post-type=\"page\">\n\t\t\t\t<div class=\"elementor-element elementor-element-dfaa265 e-flex e-con-boxed e-con e-parent\" data-id=\"dfaa265\" data-element_type=\"container\" data-settings=\"{&quot;background_background&quot;:&quot;classic&quot;}\">\n\t\t\t\t\t<div class=\"e-con-inner\">\n\t\t\t\t<div class=\"elementor-element elementor-element-12110bc elementor-widget elementor-widget-heading\" data-id=\"12110bc\" data-element_type=\"widget\" data-widget_type=\"heading.default\">\n\t\t\t\t<div class=\"elementor-widget-container\">\n\t\t\t\t\t<h1 class=\"elementor-heading-title elementor-size-default\">About Us<\/h1>\t\t\t\t<\/div>\n\t\t\t\t<\/div>\n\t\t\t\t\t<\/div>\n\t\t\t\t<\/div>\n\t\t<div class=\"elementor-element elementor-element-e5520f6 e-flex e-con-boxed e-con e-parent\" data-id=\"e5520f6\" data-element_type=\"container\" data-settings=\"{&quot;background_background&quot;:&quot;classic&quot;}\">\n\t\t\t\t\t<div class=\"e-con-inner\">\n\t\t<div class=\"elementor-element elementor-element-39f1aff e-con-full e-flex e-con e-child\" data-id=\"39f1aff\" data-element_type=\"container\">\n\t\t\t\t<div class=\"elementor-element elementor-element-25a503f elementor-invisible elementor-widget elementor-widget-heading\" data-id=\"25a503f\" data-element_type=\"widget\" data-settings=\"{&quot;motion_fx_motion_fx_scrolling&quot;:&quot;yes&quot;,&quot;motion_fx_translateY_effect&quot;:&quot;yes&quot;,&quot;motion_fx_translateY_direction&quot;:&quot;negative&quot;,&quot;motion_fx_translateY_speed&quot;:{&quot;unit&quot;:&quot;px&quot;,&quot;size&quot;:1,&quot;sizes&quot;:[]},&quot;_animation&quot;:&quot;fadeInDown&quot;,&quot;motion_fx_translateY_affectedRange&quot;:{&quot;unit&quot;:&quot;%&quot;,&quot;size&quot;:&quot;&quot;,&quot;sizes&quot;:{&quot;start&quot;:25,&quot;end&quot;:75}},&quot;motion_fx_devices&quot;:[&quot;desktop&quot;,&quot;tablet&quot;,&quot;mobile&quot;]}\" data-widget_type=\"heading.default\">\n\t\t\t\t<div class=\"elementor-widget-container\">\n\t\t\t\t\t<h2 class=\"elementor-heading-title elementor-size-default\">ALPCANS<\/h2>\t\t\t\t<\/div>\n\t\t\t\t<\/div>\n\t\t\t\t<\/div>\n\t\t<div class=\"elementor-element elementor-element-1dacd20 e-con-full fix-rtl-left e-flex e-con e-child\" data-id=\"1dacd20\" data-element_type=\"container\">\n\t\t\t\t<div class=\"elementor-element elementor-element-2763963 elementor-invisible elementor-widget elementor-widget-heading\" data-id=\"2763963\" data-element_type=\"widget\" data-settings=\"{&quot;_animation&quot;:&quot;fadeInUp&quot;}\" data-widget_type=\"heading.default\">\n\t\t\t\t<div class=\"elementor-widget-container\">\n\t\t\t\t\t<h2 class=\"elementor-heading-title elementor-size-default\">Who are we?<\/h2>\t\t\t\t<\/div>\n\t\t\t\t<\/div>\n\t\t\t\t<div class=\"elementor-element elementor-element-69a1d4a elementor-invisible elementor-widget elementor-widget-text-editor\" data-id=\"69a1d4a\" data-element_type=\"widget\" data-settings=\"{&quot;_animation&quot;:&quot;fadeInUp&quot;}\" data-widget_type=\"text-editor.default\">\n\t\t\t\t<div class=\"elementor-widget-container\">\n\t\t\t\t\t\t\t\t\t<p>Our company, which has been involved in land purchase and sale, plot parcelling and construction sectors since 2003, has accomplished successful works under the leadership of company founder Y\u00fcksel Alpcan.<\/p>\n\t\t\t\t\t\t\t\t<\/div>\n\t\t\t\t<\/div>\n\t\t\t\t<div class=\"elementor-element elementor-element-83f7b19 elementor-invisible elementor-widget elementor-widget-text-editor\" data-id=\"83f7b19\" data-element_type=\"widget\" data-settings=\"{&quot;_animation&quot;:&quot;fadeInUp&quot;}\" data-widget_type=\"text-editor.default\">\n\t\t\t\t<div class=\"elementor-widget-container\">\n\t\t\t\t\t\t\t\t\t<p>Since 2003, with a philosophy that embraces respect for both people and nature, Alpcans has once again proven its success in the sector. Through high-quality projects such as Alpcan Towers and Alpcan Towers Mira in Lefke Gemikona\u011f\u0131; Alpcan Prestige Homes in G\u00fczelyurt; Alpcan Village The View in Cengizk\u00f6y and Alpcan Towers Key West in Gaziveren, we have succeeded in delighting our customers and investors. This successful journey was crowned in 2024 with becoming the official sponsor of Galatasaray, Turkey&#8217;s most established sports club.<\/p>\n\t\t\t\t\t\t\t\t<\/div>\n\t\t\t\t<\/div>\n\t\t\t\t<div class=\"elementor-element elementor-element-c663725 elementor-invisible elementor-widget elementor-widget-text-editor\" data-id=\"c663725\" data-element_type=\"widget\" data-settings=\"{&quot;_animation&quot;:&quot;fadeInUp&quot;}\" data-widget_type=\"text-editor.default\">\n\t\t\t\t<div class=\"elementor-widget-container\">\n\t\t\t\t\t\t\t\t\t<p>Today, we are constantly improving the ways to communicate with our customers in the best way possible under today&#8217;s conditions, constantly putting customer satisfaction first. With this understanding, we are working with all our might to emphasize our brand identity and Alpcans reliability in our projects, and we are building each new project with our excitement on the first day.<\/p>\n\t\t\t\t\t\t\t\t<\/div>\n\t\t\t\t<\/div>\n\t\t\t\t<\/div>\n\t\t<div class=\"elementor-element elementor-element-cacbf71 e-con-full e-flex e-con e-child\" data-id=\"cacbf71\" data-element_type=\"container\">\n\t\t\t\t<div class=\"elementor-element elementor-element-cd9f418 turquoise-shadow elementor-invisible elementor-widget elementor-widget-image\" data-id=\"cd9f418\" data-element_type=\"widget\" data-settings=\"{&quot;_animation&quot;:&quot;fadeIn&quot;,&quot;motion_fx_motion_fx_scrolling&quot;:&quot;yes&quot;,&quot;motion_fx_translateY_effect&quot;:&quot;yes&quot;,&quot;motion_fx_translateY_direction&quot;:&quot;negative&quot;,&quot;motion_fx_translateY_affectedRange&quot;:{&quot;unit&quot;:&quot;%&quot;,&quot;size&quot;:&quot;&quot;,&quot;sizes&quot;:{&quot;start&quot;:20,&quot;end&quot;:80}},&quot;motion_fx_devices&quot;:[&quot;desktop&quot;],&quot;motion_fx_translateY_speed&quot;:{&quot;unit&quot;:&quot;px&quot;,&quot;size&quot;:4,&quot;sizes&quot;:[]}}\" data-widget_type=\"image.default\">\n\t\t\t\t<div class=\"elementor-widget-container\">\n\t\t\t\t\t\t\t\t\t\t\t\t\t\t\t<img fetchpriority=\"high\" decoding=\"async\" width=\"1024\" height=\"819\" src=\"https:\/\/alpcans.com\/wp-content\/uploads\/2023\/07\/alpcan-towers-key-west-seaside-3-1024x819.jpg\" class=\"attachment-large size-large wp-image-4283\" alt=\"Bir sanat\u00e7\u0131n\u0131n sahildeki bir apartman binas\u0131n\u0131 tasvir etmesi.\" srcset=\"https:\/\/alpcans.com\/wp-content\/uploads\/2023\/07\/alpcan-towers-key-west-seaside-3-1024x819.jpg 1024w, https:\/\/alpcans.com\/wp-content\/uploads\/2023\/07\/alpcan-towers-key-west-seaside-3-300x240.jpg 300w, https:\/\/alpcans.com\/wp-content\/uploads\/2023\/07\/alpcan-towers-key-west-seaside-3-768x614.jpg 768w, https:\/\/alpcans.com\/wp-content\/uploads\/2023\/07\/alpcan-towers-key-west-seaside-3.jpg 1350w\" sizes=\"(max-width: 1024px) 100vw, 1024px\" \/>\t\t\t\t\t\t\t\t\t\t\t\t\t\t\t<\/div>\n\t\t\t\t<\/div>\n\t\t\t\t<\/div>\n\t\t\t\t\t<\/div>\n\t\t\t\t<\/div>\n\t\t<div class=\"elementor-element elementor-element-337d683 e-flex e-con-boxed e-con e-parent\" data-id=\"337d683\" data-element_type=\"container\" data-settings=\"{&quot;background_background&quot;:&quot;classic&quot;}\">\n\t\t\t\t\t<div class=\"e-con-inner\">\n\t\t<div class=\"elementor-element elementor-element-0ea60f8 e-con-full e-flex e-con e-child\" data-id=\"0ea60f8\" data-element_type=\"container\">\n\t\t\t\t<div class=\"elementor-element elementor-element-e323ef8 turquoise-shadow elementor-invisible elementor-widget elementor-widget-image\" data-id=\"e323ef8\" data-element_type=\"widget\" data-settings=\"{&quot;_animation&quot;:&quot;fadeIn&quot;,&quot;motion_fx_motion_fx_scrolling&quot;:&quot;yes&quot;,&quot;motion_fx_translateY_effect&quot;:&quot;yes&quot;,&quot;motion_fx_translateY_direction&quot;:&quot;negative&quot;,&quot;motion_fx_translateY_affectedRange&quot;:{&quot;unit&quot;:&quot;%&quot;,&quot;size&quot;:&quot;&quot;,&quot;sizes&quot;:{&quot;start&quot;:30,&quot;end&quot;:70}},&quot;motion_fx_devices&quot;:[&quot;desktop&quot;],&quot;motion_fx_translateY_speed&quot;:{&quot;unit&quot;:&quot;px&quot;,&quot;size&quot;:4,&quot;sizes&quot;:[]}}\" data-widget_type=\"image.default\">\n\t\t\t\t<div class=\"elementor-widget-container\">\n\t\t\t\t\t\t\t\t\t\t\t\t\t\t\t<img decoding=\"async\" width=\"570\" height=\"490\" src=\"https:\/\/alpcans.com\/wp-content\/uploads\/2023\/07\/alpcan-towers-key-west-living-room-2.jpg\" class=\"attachment-large size-large wp-image-4372\" alt=\"Okyanus manzaral\u0131 bir oturma odas\u0131.\" srcset=\"https:\/\/alpcans.com\/wp-content\/uploads\/2023\/07\/alpcan-towers-key-west-living-room-2.jpg 570w, https:\/\/alpcans.com\/wp-content\/uploads\/2023\/07\/alpcan-towers-key-west-living-room-2-300x258.jpg 300w\" sizes=\"(max-width: 570px) 100vw, 570px\" \/>\t\t\t\t\t\t\t\t\t\t\t\t\t\t\t<\/div>\n\t\t\t\t<\/div>\n\t\t\t\t<\/div>\n\t\t<div class=\"elementor-element elementor-element-f3d0e52 e-con-full fix-rtl-right e-flex e-con e-child\" data-id=\"f3d0e52\" data-element_type=\"container\">\n\t\t\t\t<div class=\"elementor-element elementor-element-e54cd61 elementor-invisible elementor-widget elementor-widget-heading\" data-id=\"e54cd61\" data-element_type=\"widget\" data-settings=\"{&quot;_animation&quot;:&quot;fadeInUp&quot;}\" data-widget_type=\"heading.default\">\n\t\t\t\t<div class=\"elementor-widget-container\">\n\t\t\t\t\t<h2 class=\"elementor-heading-title elementor-size-default\">Why Alpcans<\/h2>\t\t\t\t<\/div>\n\t\t\t\t<\/div>\n\t\t\t\t<div class=\"elementor-element elementor-element-d2cd118 elementor-invisible elementor-widget elementor-widget-text-editor\" data-id=\"d2cd118\" data-element_type=\"widget\" data-settings=\"{&quot;_animation&quot;:&quot;fadeInUp&quot;}\" data-widget_type=\"text-editor.default\">\n\t\t\t\t<div class=\"elementor-widget-container\">\n\t\t\t\t\t\t\t\t\t<p>Since the first day we have been operating, honesty, perfectionism, team spirit, innovation, sense of ownership, stability and entrepreneurship have been among our most important values. These values manifest themselves both in our projects and in our collaborations with established institutions like Galatasaray.<\/p>\n\t\t\t\t\t\t\t\t<\/div>\n\t\t\t\t<\/div>\n\t\t\t\t<div class=\"elementor-element elementor-element-bd8d01d elementor-invisible elementor-widget elementor-widget-text-editor\" data-id=\"bd8d01d\" data-element_type=\"widget\" data-settings=\"{&quot;_animation&quot;:&quot;fadeInUp&quot;}\" data-widget_type=\"text-editor.default\">\n\t\t\t\t<div class=\"elementor-widget-container\">\n\t\t\t\t\t\t\t\t\t<p>We have adopted the principle of transparency towards our customers, business partners and employees. We are walking stronger into the future with the experience and knowledge we have gained.<\/p>\n\t\t\t\t\t\t\t\t<\/div>\n\t\t\t\t<\/div>\n\t\t\t\t<div class=\"elementor-element elementor-element-1b12656 elementor-invisible elementor-widget elementor-widget-text-editor\" data-id=\"1b12656\" data-element_type=\"widget\" data-settings=\"{&quot;_animation&quot;:&quot;fadeInUp&quot;}\" data-widget_type=\"text-editor.default\">\n\t\t\t\t<div class=\"elementor-widget-container\">\n\t\t\t\t\t\t\t\t\t<p>Within the framework of our principle of respect for people and nature, we build our projects with an environmentally friendly, advanced technology and innovative perspective, and offer a livable life opportunity that extends to future generations.<\/p>\n\t\t\t\t\t\t\t\t<\/div>\n\t\t\t\t<\/div>\n\t\t\t\t<div class=\"elementor-element elementor-element-3f12139 elementor-invisible elementor-widget elementor-widget-text-editor\" data-id=\"3f12139\" data-element_type=\"widget\" data-settings=\"{&quot;_animation&quot;:&quot;fadeInUp&quot;}\" data-widget_type=\"text-editor.default\">\n\t\t\t\t<div class=\"elementor-widget-container\">\n\t\t\t\t\t\t\t\t\t<p>We carry out all our projects in accordance with construction standards, in accordance with all necessary permits and inspections, and guarantee a safe life for our customers.<\/p>\n\t\t\t\t\t\t\t\t<\/div>\n\t\t\t\t<\/div>\n\t\t\t\t<div class=\"elementor-element elementor-element-7ebb378 elementor-invisible elementor-widget elementor-widget-text-editor\" data-id=\"7ebb378\" data-element_type=\"widget\" data-settings=\"{&quot;_animation&quot;:&quot;fadeInUp&quot;}\" data-widget_type=\"text-editor.default\">\n\t\t\t\t<div class=\"elementor-widget-container\">\n\t\t\t\t\t\t\t\t\t<p>We not only follow all the processes from the beginning of the project to the turnkey, but also make sure that the owners of our projects always feel us by their side with our after-sales services.<\/p>\n\t\t\t\t\t\t\t\t<\/div>\n\t\t\t\t<\/div>\n\t\t\t\t<\/div>\n\t\t\t\t\t<\/div>\n\t\t\t\t<\/div>\n\t\t\t\t<\/div>\n\t\t","protected":false},"excerpt":{"rendered":"<p>ALPCANS Who are we? Our company, which has been involved in land purchase and sale, plot parcelling and construction sectors since 2003, has accomplished successful works under the leadership of company founder Y\u00fcksel Alpcan. Since 2003, with a philosophy that embraces respect for both people and nature, Alpcans has once again proven its success in [&hellip;]<\/p>\n","protected":false},"author":1,"featured_media":4283,"parent":0,"menu_order":0,"comment_status":"closed","ping_status":"closed","template":"","meta":{"site-sidebar-layout":"no-sidebar","site-content-layout":"page-builder","ast-site-content-layout":"default","site-content-style":"default","site-sidebar-style":"default","ast-global-header-display":"","ast-banner-title-visibility":"","ast-main-header-display":"","ast-hfb-above-header-display":"","ast-hfb-below-header-display":"","ast-hfb-mobile-header-display":"","site-post-title":"disabled","ast-breadcrumbs-content":"","ast-featured-img":"disabled","footer-sml-layout":"","theme-transparent-header-meta":"","adv-header-id-meta":"","stick-header-meta":"","header-above-stick-meta":"","header-main-stick-meta":"","header-below-stick-meta":"","astra-migrate-meta-layouts":"default","ast-page-background-enabled":"default","ast-page-background-meta":{"desktop":{"background-color":"var(--ast-global-color-4)","background-image":"","background-repeat":"repeat","background-position":"center center","background-size":"auto","background-attachment":"scroll","background-type":"","background-media":"","overlay-type":"","overlay-color":"","overlay-opacity":"","overlay-gradient":""},"tablet":{"background-color":"","background-image":"","background-repeat":"repeat","background-position":"center center","background-size":"auto","background-attachment":"scroll","background-type":"","background-media":"","overlay-type":"","overlay-color":"","overlay-opacity":"","overlay-gradient":""},"mobile":{"background-color":"","background-image":"","background-repeat":"repeat","background-position":"center center","background-size":"auto","background-attachment":"scroll","background-type":"","background-media":"","overlay-type":"","overlay-color":"","overlay-opacity":"","overlay-gradient":""}},"ast-content-background-meta":{"desktop":{"background-color":"var(--ast-global-color-5)","background-image":"","background-repeat":"repeat","background-position":"center center","background-size":"auto","background-attachment":"scroll","background-type":"","background-media":"","overlay-type":"","overlay-color":"","overlay-opacity":"","overlay-gradient":""},"tablet":{"background-color":"var(--ast-global-color-5)","background-image":"","background-repeat":"repeat","background-position":"center center","background-size":"auto","background-attachment":"scroll","background-type":"","background-media":"","overlay-type":"","overlay-color":"","overlay-opacity":"","overlay-gradient":""},"mobile":{"background-color":"var(--ast-global-color-5)","background-image":"","background-repeat":"repeat","background-position":"center center","background-size":"auto","background-attachment":"scroll","background-type":"","background-media":"","overlay-type":"","overlay-color":"","overlay-opacity":"","overlay-gradient":""}},"footnotes":""},"rightplace-folders":[],"class_list":["post-2316","page","type-page","status-publish","has-post-thumbnail","hentry"],"_links":{"self":[{"href":"https:\/\/alpcans.com\/en\/wp-json\/wp\/v2\/pages\/2316","targetHints":{"allow":["GET"]}}],"collection":[{"href":"https:\/\/alpcans.com\/en\/wp-json\/wp\/v2\/pages"}],"about":[{"href":"https:\/\/alpcans.com\/en\/wp-json\/wp\/v2\/types\/page"}],"author":[{"embeddable":true,"href":"https:\/\/alpcans.com\/en\/wp-json\/wp\/v2\/users\/1"}],"replies":[{"embeddable":true,"href":"https:\/\/alpcans.com\/en\/wp-json\/wp\/v2\/comments?post=2316"}],"version-history":[{"count":0,"href":"https:\/\/alpcans.com\/en\/wp-json\/wp\/v2\/pages\/2316\/revisions"}],"wp:featuredmedia":[{"embeddable":true,"href":"https:\/\/alpcans.com\/en\/wp-json\/wp\/v2\/media\/4283"}],"wp:attachment":[{"href":"https:\/\/alpcans.com\/en\/wp-json\/wp\/v2\/media?parent=2316"}],"wp:term":[{"taxonomy":"rightplace_folder","embeddable":true,"href":"https:\/\/alpcans.com\/en\/wp-json\/wp\/v2\/rightplace-folders?post=2316"}],"curies":[{"name":"wp","href":"https:\/\/api.w.org\/{rel}","templated":true}]}}