{"id":2314,"date":"2023-03-27T14:06:56","date_gmt":"2023-03-27T11:06:56","guid":{"rendered":"http:\/\/alpcans.com\/%d8%b5%d9%81%d8%ad%d9%87-%d9%86%d8%ae%d8%b3%d8%aa\/"},"modified":"2023-07-16T22:37:00","modified_gmt":"2023-07-16T19:37:00","slug":"%d8%b5%d9%81%d8%ad%d9%87-%d9%86%d8%ae%d8%b3%d8%aa","status":"publish","type":"page","link":"https:\/\/alpcans.com\/fa\/","title":{"rendered":"\u0635\u0641\u062d\u0647 \u0646\u062e\u0633\u062a"},"content":{"rendered":"\t\t<div data-elementor-type=\"wp-page\" data-elementor-id=\"2314\" class=\"elementor elementor-2314 elementor-14\" data-elementor-post-type=\"page\">\n\t\t\t\t<div class=\"elementor-element elementor-element-60267cb e-con-full e-flex e-con e-parent\" data-id=\"60267cb\" data-element_type=\"container\">\n\t\t\t\t<div class=\"elementor-element elementor-element-3cc5638 elementor--h-position-center elementor--v-position-middle elementor-arrows-position-inside elementor-widget elementor-widget-slides\" data-id=\"3cc5638\" data-element_type=\"widget\" data-settings=\"{&quot;navigation&quot;:&quot;arrows&quot;,&quot;autoplay_speed&quot;:10000,&quot;autoplay&quot;:&quot;yes&quot;,&quot;pause_on_hover&quot;:&quot;yes&quot;,&quot;pause_on_interaction&quot;:&quot;yes&quot;,&quot;infinite&quot;:&quot;yes&quot;,&quot;transition&quot;:&quot;slide&quot;,&quot;transition_speed&quot;:500}\" data-widget_type=\"slides.default\">\n\t\t\t\t<div class=\"elementor-widget-container\">\n\t\t\t\t\t\t\t\t\t<div class=\"elementor-swiper\">\n\t\t\t\t\t<div class=\"elementor-slides-wrapper elementor-main-swiper swiper\" role=\"region\" aria-roledescription=\"carousel\" aria-label=\"Slides\" dir=\"rtl\" data-animation=\"fadeInUp\">\n\t\t\t\t<div class=\"swiper-wrapper elementor-slides\">\n\t\t\t\t\t\t\t\t\t\t<div class=\"elementor-repeater-item-aa6937e swiper-slide\" role=\"group\" aria-roledescription=\"slide\"><div class=\"swiper-slide-bg elementor-ken-burns elementor-ken-burns--in\" role=\"img\"><\/div><div class=\"elementor-background-overlay\"><\/div><a class=\"swiper-slide-inner\" href=\"https:\/\/alpcans.com\/fa\/proje\/alpcan-towers-key-west\/\"><div class=\"swiper-slide-contents\"><div class=\"elementor-slide-heading\">Alpcan Towers Key West<\/div><div class=\"elementor-slide-description\"><p>\u0627\u0632 \u0642\u0628\u0631\u0633 \u0644\u0630\u062a \u0628\u0628\u0631\u06cc\u062f<\/p>\n<\/div><div  class=\"elementor-button elementor-slide-button elementor-size-sm\">\u06a9\u0627\u0648\u0634 \u067e\u0631\u0648\u0698\u0647<\/div><\/div><\/a><\/div>\t\t\t\t<\/div>\n\t\t\t\t\t\t\t<\/div>\n\t\t\t\t<\/div>\n\t\t\t\t\t\t\t\t<\/div>\n\t\t\t\t<\/div>\n\t\t\t\t<div class=\"elementor-element elementor-element-27eb43e elementor-absolute elementor-hidden-tablet elementor-hidden-mobile elementor-widget elementor-widget-html\" data-id=\"27eb43e\" data-element_type=\"widget\" data-settings=\"{&quot;_position&quot;:&quot;absolute&quot;}\" data-widget_type=\"html.default\">\n\t\t\t\t<div class=\"elementor-widget-container\">\n\t\t\t\t\t<a class=\"hero-mouse anchor\" href=\"#hakkimizda\">\n  <div class=\"mouse-icon\"><span><\/span><\/div>\n<\/a>\t\t\t\t<\/div>\n\t\t\t\t<\/div>\n\t\t\t\t<\/div>\n\t\t<div class=\"elementor-element elementor-element-6408bd29 e-flex e-con-boxed e-con e-parent\" data-id=\"6408bd29\" data-element_type=\"container\" id=\"hakkimizda\" data-settings=\"{&quot;background_background&quot;:&quot;classic&quot;}\">\n\t\t\t\t\t<div class=\"e-con-inner\">\n\t\t<div class=\"elementor-element elementor-element-242cceb e-con-full e-flex e-con e-parent\" data-id=\"242cceb\" data-element_type=\"container\">\n\t\t\t\t<div class=\"elementor-element elementor-element-387c415 elementor-invisible elementor-widget elementor-widget-heading\" data-id=\"387c415\" data-element_type=\"widget\" data-settings=\"{&quot;motion_fx_motion_fx_scrolling&quot;:&quot;yes&quot;,&quot;motion_fx_translateY_effect&quot;:&quot;yes&quot;,&quot;motion_fx_translateY_direction&quot;:&quot;negative&quot;,&quot;motion_fx_translateY_speed&quot;:{&quot;unit&quot;:&quot;px&quot;,&quot;size&quot;:1,&quot;sizes&quot;:[]},&quot;_animation&quot;:&quot;fadeInDown&quot;,&quot;motion_fx_translateY_affectedRange&quot;:{&quot;unit&quot;:&quot;%&quot;,&quot;size&quot;:&quot;&quot;,&quot;sizes&quot;:{&quot;start&quot;:25,&quot;end&quot;:75}},&quot;motion_fx_devices&quot;:[&quot;desktop&quot;,&quot;tablet&quot;,&quot;mobile&quot;]}\" data-widget_type=\"heading.default\">\n\t\t\t\t<div class=\"elementor-widget-container\">\n\t\t\t\t\t<h2 class=\"elementor-heading-title elementor-size-default\">\u062f\u0631\u0628\u0627\u0631\u0647 \u0645\u0627<\/h2>\t\t\t\t<\/div>\n\t\t\t\t<\/div>\n\t\t\t\t<\/div>\n\t\t<div class=\"elementor-element elementor-element-96c6d59 e-con-full fix-rtl-left e-flex e-con e-parent\" data-id=\"96c6d59\" data-element_type=\"container\">\n\t\t\t\t<div class=\"elementor-element elementor-element-4ed796c8 elementor-invisible elementor-widget elementor-widget-heading\" data-id=\"4ed796c8\" data-element_type=\"widget\" data-settings=\"{&quot;_animation&quot;:&quot;fadeInUp&quot;}\" data-widget_type=\"heading.default\">\n\t\t\t\t<div class=\"elementor-widget-container\">\n\t\t\t\t\t<h2 class=\"elementor-heading-title elementor-size-default\">\u0686\u0631\u0627 ALPCANS\u061f<\/h2>\t\t\t\t<\/div>\n\t\t\t\t<\/div>\n\t\t\t\t<div class=\"elementor-element elementor-element-19ac0af4 elementor-invisible elementor-widget elementor-widget-text-editor\" data-id=\"19ac0af4\" data-element_type=\"widget\" data-settings=\"{&quot;_animation&quot;:&quot;fadeInUp&quot;}\" data-widget_type=\"text-editor.default\">\n\t\t\t\t<div class=\"elementor-widget-container\">\n\t\t\t\t\t\t\t\t\t<p>\u0627\u0632 \u0627\u0648\u0644\u06cc\u0646 \u0631\u0648\u0632\u06cc \u06a9\u0647 \u0641\u0639\u0627\u0644\u06cc\u062a \u062e\u0648\u062f \u0631\u0627 \u0622\u063a\u0627\u0632 \u06a9\u0631\u062f\u06cc\u0645\u060c \u0635\u062f\u0627\u0642\u062a\u060c \u06a9\u0645\u0627\u0644 \u06af\u0631\u0627\u06cc\u06cc\u060c \u0631\u0648\u062d\u06cc\u0647 \u062a\u06cc\u0645\u06cc\u060c \u0646\u0648\u0622\u0648\u0631\u06cc\u060c \u0645\u0627\u0644\u06a9\u06cc\u062a\u060c \u062b\u0628\u0627\u062a \u0648 \u06a9\u0627\u0631\u0622\u0641\u0631\u06cc\u0646\u06cc \u0627\u0632 \u0645\u0647\u0645\u062a\u0631\u06cc\u0646 \u0627\u0631\u0632\u0634 \u0647\u0627\u06cc \u0645\u0627 \u0628\u0648\u062f\u0647 \u0627\u0633\u062a.<\/p>\n\t\t\t\t\t\t\t\t<\/div>\n\t\t\t\t<\/div>\n\t\t\t\t<div class=\"elementor-element elementor-element-6e5b0af elementor-invisible elementor-widget elementor-widget-text-editor\" data-id=\"6e5b0af\" data-element_type=\"widget\" data-settings=\"{&quot;_animation&quot;:&quot;fadeInUp&quot;}\" data-widget_type=\"text-editor.default\">\n\t\t\t\t<div class=\"elementor-widget-container\">\n\t\t\t\t\t\t\t\t\t<p>\u0645\u0627 \u0627\u0635\u0644 \u0634\u0641\u0627\u0641\u06cc\u062a \u0631\u0627 \u0646\u0633\u0628\u062a \u0628\u0647 \u0645\u0634\u062a\u0631\u06cc\u0627\u0646\u060c \u0634\u0631\u06a9\u0627\u06cc \u062a\u062c\u0627\u0631\u06cc \u0648 \u06a9\u0627\u0631\u0645\u0646\u062f\u0627\u0646 \u062e\u0648\u062f \u067e\u0630\u06cc\u0631\u0641\u062a\u0647 \u0627\u06cc\u0645. \u0628\u0627 \u062e\u0628\u0631\u06af\u06cc\u060c \u062f\u0627\u0646\u0634 \u0648 \u062a\u062c\u0631\u0628\u0647 \u0627\u06cc \u06a9\u0647 \u0628\u0647 \u062f\u0633\u062a \u0622\u0648\u0631\u062f\u0647 \u0627\u06cc\u0645\u060c \u0642\u0648\u06cc \u062a\u0631 \u0628\u0647 \u0633\u0648\u06cc \u0622\u06cc\u0646\u062f\u0647 \u0642\u062f\u0645 \u0645\u06cc \u06af\u0630\u0627\u0631\u06cc\u0645.<\/p>\n\t\t\t\t\t\t\t\t<\/div>\n\t\t\t\t<\/div>\n\t\t\t\t<div class=\"elementor-element elementor-element-e2cfce1 elementor-invisible elementor-widget elementor-widget-text-editor\" data-id=\"e2cfce1\" data-element_type=\"widget\" data-settings=\"{&quot;_animation&quot;:&quot;fadeInUp&quot;}\" data-widget_type=\"text-editor.default\">\n\t\t\t\t<div class=\"elementor-widget-container\">\n\t\t\t\t\t\t\t\t\t<p>\u062f\u0631 \u0686\u0627\u0631\u0686\u0648\u0628 \u0627\u0635\u0644 \u0627\u062d\u062a\u0631\u0627\u0645 \u0645\u0627 \u0628\u0647 \u0645\u0631\u062f\u0645 \u0648 \u0637\u0628\u06cc\u0639\u062a\u061b \u0645\u0627 \u067e\u0631\u0648\u0698\u0647 \u0647\u0627\u06cc \u062e\u0648\u062f \u0631\u0627 \u0628\u0627 \u0631\u0648\u06cc\u06a9\u0631\u062f\u06cc \u0633\u0627\u0632\u06af\u0627\u0631 \u0628\u0627 \u0645\u062d\u06cc\u0637 \u0632\u06cc\u0633\u062a\u060c \u0641\u0646\u0627\u0648\u0631\u06cc \u067e\u06cc\u0634\u0631\u0641\u062a\u0647 \u0648 \u062f\u06cc\u062f\u06af\u0627\u0647 \u0646\u0648\u0622\u0648\u0631\u0627\u0646\u0647 \u0645\u06cc \u0633\u0627\u0632\u06cc\u0645 \u0648 \u0641\u0631\u0635\u062a\u06cc \u0628\u0631\u0627\u06cc \u0632\u0646\u062f\u06af\u06cc \u0642\u0627\u0628\u0644 \u0633\u06a9\u0648\u0646\u062a \u0631\u0627 \u0628\u0631\u0627\u06cc \u0646\u0633\u0644\u200c\u0647\u0627\u06cc \u0622\u06cc\u0646\u062f\u0647 \u0641\u0631\u0627\u0647\u0645 \u0645\u06cc\u200c\u06a9\u0646\u06cc\u0645<\/p>\n\t\t\t\t\t\t\t\t<\/div>\n\t\t\t\t<\/div>\n\t\t\t\t<\/div>\n\t\t<div class=\"elementor-element elementor-element-2c6d96e4 e-con-full e-flex e-con e-parent\" data-id=\"2c6d96e4\" data-element_type=\"container\">\n\t\t\t\t<div class=\"elementor-element elementor-element-4cf142b5 turquoise-shadow elementor-invisible elementor-widget elementor-widget-image\" data-id=\"4cf142b5\" data-element_type=\"widget\" data-settings=\"{&quot;_animation&quot;:&quot;fadeIn&quot;}\" data-widget_type=\"image.default\">\n\t\t\t\t<div class=\"elementor-widget-container\">\n\t\t\t\t\t\t\t\t\t\t\t\t\t\t\t<img fetchpriority=\"high\" decoding=\"async\" width=\"1024\" height=\"611\" src=\"https:\/\/alpcans.com\/wp-content\/uploads\/2023\/07\/alpcan-towers-key-west-outdoor-general-1024x611.jpg\" class=\"attachment-large size-large wp-image-4244\" alt=\"Bir otelin yak\u0131n\u0131ndaki y\u00fczme havuzunun havadan g\u00f6r\u00fcn\u00fcm\u00fc.\" srcset=\"https:\/\/alpcans.com\/wp-content\/uploads\/2023\/07\/alpcan-towers-key-west-outdoor-general-1024x611.jpg 1024w, https:\/\/alpcans.com\/wp-content\/uploads\/2023\/07\/alpcan-towers-key-west-outdoor-general-300x179.jpg 300w, https:\/\/alpcans.com\/wp-content\/uploads\/2023\/07\/alpcan-towers-key-west-outdoor-general-768x458.jpg 768w, https:\/\/alpcans.com\/wp-content\/uploads\/2023\/07\/alpcan-towers-key-west-outdoor-general-1536x917.jpg 1536w, https:\/\/alpcans.com\/wp-content\/uploads\/2023\/07\/alpcan-towers-key-west-outdoor-general.jpg 1810w\" sizes=\"(max-width: 1024px) 100vw, 1024px\" \/>\t\t\t\t\t\t\t\t\t\t\t\t\t\t\t<\/div>\n\t\t\t\t<\/div>\n\t\t\t\t<\/div>\n\t\t\t\t\t<\/div>\n\t\t\t\t<\/div>\n\t\t<div class=\"elementor-element elementor-element-f33d4b2 e-con-full e-flex e-con e-parent\" data-id=\"f33d4b2\" data-element_type=\"container\" data-settings=\"{&quot;background_background&quot;:&quot;classic&quot;}\">\n\t\t\t\t<div class=\"elementor-element elementor-element-d2a30eb elementor-invisible elementor-widget elementor-widget-heading\" data-id=\"d2a30eb\" data-element_type=\"widget\" data-settings=\"{&quot;motion_fx_motion_fx_scrolling&quot;:&quot;yes&quot;,&quot;motion_fx_translateY_effect&quot;:&quot;yes&quot;,&quot;motion_fx_translateY_direction&quot;:&quot;negative&quot;,&quot;motion_fx_translateY_speed&quot;:{&quot;unit&quot;:&quot;px&quot;,&quot;size&quot;:1,&quot;sizes&quot;:[]},&quot;_animation&quot;:&quot;fadeInDown&quot;,&quot;motion_fx_translateY_affectedRange&quot;:{&quot;unit&quot;:&quot;%&quot;,&quot;size&quot;:&quot;&quot;,&quot;sizes&quot;:{&quot;start&quot;:25,&quot;end&quot;:75}},&quot;motion_fx_devices&quot;:[&quot;desktop&quot;,&quot;tablet&quot;,&quot;mobile&quot;]}\" data-widget_type=\"heading.default\">\n\t\t\t\t<div class=\"elementor-widget-container\">\n\t\t\t\t\t<h2 class=\"elementor-heading-title elementor-size-default\">\u067e\u0631\u0648\u0698\u0647 \u0647\u0627<\/h2>\t\t\t\t<\/div>\n\t\t\t\t<\/div>\n\t\t<a class=\"elementor-element elementor-element-86951e7 e-con-full e-flex e-con e-parent\" data-id=\"86951e7\" data-element_type=\"container\" data-settings=\"{&quot;background_background&quot;:&quot;classic&quot;}\" href=\"https:\/\/alpcans.com\/fa\/%d9%be%d8%b1%d9%88%da%98%d9%87-%d9%87%d8%a7\/\">\n\t\t\t\t<div class=\"elementor-element elementor-element-9739c28 elementor-widget elementor-widget-heading\" data-id=\"9739c28\" data-element_type=\"widget\" data-widget_type=\"heading.default\">\n\t\t\t\t<div class=\"elementor-widget-container\">\n\t\t\t\t\t<h2 class=\"elementor-heading-title elementor-size-default\">\u067e\u0631\u0648\u0698\u0647 \u0647\u0627\u06cc \u0645\u0627<\/h2>\t\t\t\t<\/div>\n\t\t\t\t<\/div>\n\t\t\t\t<\/a>\n\t\t\t\t<\/div>\n\t\t\t\t<\/div>\n\t\t","protected":false},"excerpt":{"rendered":"<p>Alpcan Towers Key West \u0627\u0632 \u0642\u0628\u0631\u0633 \u0644\u0630\u062a \u0628\u0628\u0631\u06cc\u062f \u06a9\u0627\u0648\u0634 \u067e\u0631\u0648\u0698\u0647 \u062f\u0631\u0628\u0627\u0631\u0647 \u0645\u0627 \u0686\u0631\u0627 ALPCANS\u061f \u0627\u0632 \u0627\u0648\u0644\u06cc\u0646 \u0631\u0648\u0632\u06cc \u06a9\u0647 \u0641\u0639\u0627\u0644\u06cc\u062a \u062e\u0648\u062f \u0631\u0627 \u0622\u063a\u0627\u0632 \u06a9\u0631\u062f\u06cc\u0645\u060c \u0635\u062f\u0627\u0642\u062a\u060c \u06a9\u0645\u0627\u0644 \u06af\u0631\u0627\u06cc\u06cc\u060c \u0631\u0648\u062d\u06cc\u0647 \u062a\u06cc\u0645\u06cc\u060c \u0646\u0648\u0622\u0648\u0631\u06cc\u060c \u0645\u0627\u0644\u06a9\u06cc\u062a\u060c \u062b\u0628\u0627\u062a \u0648 \u06a9\u0627\u0631\u0622\u0641\u0631\u06cc\u0646\u06cc \u0627\u0632 \u0645\u0647\u0645\u062a\u0631\u06cc\u0646 \u0627\u0631\u0632\u0634 \u0647\u0627\u06cc \u0645\u0627 \u0628\u0648\u062f\u0647 \u0627\u0633\u062a. \u0645\u0627 \u0627\u0635\u0644 \u0634\u0641\u0627\u0641\u06cc\u062a \u0631\u0627 \u0646\u0633\u0628\u062a \u0628\u0647 \u0645\u0634\u062a\u0631\u06cc\u0627\u0646\u060c \u0634\u0631\u06a9\u0627\u06cc \u062a\u062c\u0627\u0631\u06cc \u0648 \u06a9\u0627\u0631\u0645\u0646\u062f\u0627\u0646 \u062e\u0648\u062f \u067e\u0630\u06cc\u0631\u0641\u062a\u0647 \u0627\u06cc\u0645. \u0628\u0627 [&hellip;]<\/p>\n","protected":false},"author":1,"featured_media":4298,"parent":0,"menu_order":0,"comment_status":"closed","ping_status":"closed","template":"","meta":{"site-sidebar-layout":"no-sidebar","site-content-layout":"page-builder","ast-site-content-layout":"full-width-container","site-content-style":"unboxed","site-sidebar-style":"unboxed","ast-global-header-display":"","ast-banner-title-visibility":"","ast-main-header-display":"","ast-hfb-above-header-display":"","ast-hfb-below-header-display":"","ast-hfb-mobile-header-display":"","site-post-title":"disabled","ast-breadcrumbs-content":"","ast-featured-img":"disabled","footer-sml-layout":"","theme-transparent-header-meta":"","adv-header-id-meta":"","stick-header-meta":"","header-above-stick-meta":"","header-main-stick-meta":"","header-below-stick-meta":"","astra-migrate-meta-layouts":"default","ast-page-background-enabled":"default","ast-page-background-meta":{"desktop":{"background-color":"var(--ast-global-color-4)","background-image":"","background-repeat":"repeat","background-position":"center center","background-size":"auto","background-attachment":"scroll","background-type":"","background-media":"","overlay-type":"","overlay-color":"","overlay-opacity":"","overlay-gradient":""},"tablet":{"background-color":"","background-image":"","background-repeat":"repeat","background-position":"center center","background-size":"auto","background-attachment":"scroll","background-type":"","background-media":"","overlay-type":"","overlay-color":"","overlay-opacity":"","overlay-gradient":""},"mobile":{"background-color":"","background-image":"","background-repeat":"repeat","background-position":"center center","background-size":"auto","background-attachment":"scroll","background-type":"","background-media":"","overlay-type":"","overlay-color":"","overlay-opacity":"","overlay-gradient":""}},"ast-content-background-meta":{"desktop":{"background-color":"var(--ast-global-color-5)","background-image":"","background-repeat":"repeat","background-position":"center center","background-size":"auto","background-attachment":"scroll","background-type":"","background-media":"","overlay-type":"","overlay-color":"","overlay-opacity":"","overlay-gradient":""},"tablet":{"background-color":"var(--ast-global-color-5)","background-image":"","background-repeat":"repeat","background-position":"center center","background-size":"auto","background-attachment":"scroll","background-type":"","background-media":"","overlay-type":"","overlay-color":"","overlay-opacity":"","overlay-gradient":""},"mobile":{"background-color":"var(--ast-global-color-5)","background-image":"","background-repeat":"repeat","background-position":"center center","background-size":"auto","background-attachment":"scroll","background-type":"","background-media":"","overlay-type":"","overlay-color":"","overlay-opacity":"","overlay-gradient":""}},"footnotes":""},"rightplace-folders":[],"class_list":["post-2314","page","type-page","status-publish","has-post-thumbnail","hentry"],"_links":{"self":[{"href":"https:\/\/alpcans.com\/fa\/wp-json\/wp\/v2\/pages\/2314","targetHints":{"allow":["GET"]}}],"collection":[{"href":"https:\/\/alpcans.com\/fa\/wp-json\/wp\/v2\/pages"}],"about":[{"href":"https:\/\/alpcans.com\/fa\/wp-json\/wp\/v2\/types\/page"}],"author":[{"embeddable":true,"href":"https:\/\/alpcans.com\/fa\/wp-json\/wp\/v2\/users\/1"}],"replies":[{"embeddable":true,"href":"https:\/\/alpcans.com\/fa\/wp-json\/wp\/v2\/comments?post=2314"}],"version-history":[{"count":0,"href":"https:\/\/alpcans.com\/fa\/wp-json\/wp\/v2\/pages\/2314\/revisions"}],"wp:featuredmedia":[{"embeddable":true,"href":"https:\/\/alpcans.com\/fa\/wp-json\/wp\/v2\/media\/4298"}],"wp:attachment":[{"href":"https:\/\/alpcans.com\/fa\/wp-json\/wp\/v2\/media?parent=2314"}],"wp:term":[{"taxonomy":"rightplace_folder","embeddable":true,"href":"https:\/\/alpcans.com\/fa\/wp-json\/wp\/v2\/rightplace-folders?post=2314"}],"curies":[{"name":"wp","href":"https:\/\/api.w.org\/{rel}","templated":true}]}}