{"id":2322,"date":"2023-07-03T15:36:24","date_gmt":"2023-07-03T12:36:24","guid":{"rendered":"http:\/\/alpcans.com\/%d8%af%d8%b1%d8%a8%d8%a7%d8%b1%d9%87-%d9%85%d8%a7\/"},"modified":"2023-07-15T02:14:18","modified_gmt":"2023-07-14T23:14:18","slug":"%d8%af%d8%b1%d8%a8%d8%a7%d8%b1%d9%87-%d9%85%d8%a7","status":"publish","type":"page","link":"https:\/\/alpcans.com\/fa\/%d8%af%d8%b1%d8%a8%d8%a7%d8%b1%d9%87-%d9%85%d8%a7\/","title":{"rendered":"\u062f\u0631\u0628\u0627\u0631\u0647 \u0645\u0627"},"content":{"rendered":"\t\t<div data-elementor-type=\"wp-page\" data-elementor-id=\"2322\" class=\"elementor elementor-2322 elementor-1162\" data-elementor-post-type=\"page\">\n\t\t\t\t<div class=\"elementor-element elementor-element-dfaa265 e-flex e-con-boxed e-con e-parent\" data-id=\"dfaa265\" data-element_type=\"container\" data-settings=\"{&quot;background_background&quot;:&quot;classic&quot;}\">\n\t\t\t\t\t<div class=\"e-con-inner\">\n\t\t\t\t<div class=\"elementor-element elementor-element-12110bc elementor-widget elementor-widget-heading\" data-id=\"12110bc\" data-element_type=\"widget\" data-widget_type=\"heading.default\">\n\t\t\t\t<div class=\"elementor-widget-container\">\n\t\t\t\t\t<h1 class=\"elementor-heading-title elementor-size-default\">\u062f\u0631\u0628\u0627\u0631\u0647 \u0645\u0627<\/h1>\t\t\t\t<\/div>\n\t\t\t\t<\/div>\n\t\t\t\t\t<\/div>\n\t\t\t\t<\/div>\n\t\t<div class=\"elementor-element elementor-element-e5520f6 e-flex e-con-boxed e-con e-parent\" data-id=\"e5520f6\" data-element_type=\"container\" data-settings=\"{&quot;background_background&quot;:&quot;classic&quot;}\">\n\t\t\t\t\t<div class=\"e-con-inner\">\n\t\t<div class=\"elementor-element elementor-element-39f1aff e-con-full e-flex e-con e-parent\" data-id=\"39f1aff\" data-element_type=\"container\">\n\t\t\t\t<div class=\"elementor-element elementor-element-25a503f elementor-invisible elementor-widget elementor-widget-heading\" data-id=\"25a503f\" data-element_type=\"widget\" data-settings=\"{&quot;motion_fx_motion_fx_scrolling&quot;:&quot;yes&quot;,&quot;motion_fx_translateY_effect&quot;:&quot;yes&quot;,&quot;motion_fx_translateY_direction&quot;:&quot;negative&quot;,&quot;motion_fx_translateY_speed&quot;:{&quot;unit&quot;:&quot;px&quot;,&quot;size&quot;:1,&quot;sizes&quot;:[]},&quot;_animation&quot;:&quot;fadeInDown&quot;,&quot;motion_fx_translateY_affectedRange&quot;:{&quot;unit&quot;:&quot;%&quot;,&quot;size&quot;:&quot;&quot;,&quot;sizes&quot;:{&quot;start&quot;:25,&quot;end&quot;:75}},&quot;motion_fx_devices&quot;:[&quot;desktop&quot;,&quot;tablet&quot;,&quot;mobile&quot;]}\" data-widget_type=\"heading.default\">\n\t\t\t\t<div class=\"elementor-widget-container\">\n\t\t\t\t\t<h2 class=\"elementor-heading-title elementor-size-default\">ALPCANS<\/h2>\t\t\t\t<\/div>\n\t\t\t\t<\/div>\n\t\t\t\t<\/div>\n\t\t<div class=\"elementor-element elementor-element-1dacd20 e-con-full fix-rtl-left e-flex e-con e-parent\" data-id=\"1dacd20\" data-element_type=\"container\">\n\t\t\t\t<div class=\"elementor-element elementor-element-2763963 elementor-invisible elementor-widget elementor-widget-heading\" data-id=\"2763963\" data-element_type=\"widget\" data-settings=\"{&quot;_animation&quot;:&quot;fadeInUp&quot;}\" data-widget_type=\"heading.default\">\n\t\t\t\t<div class=\"elementor-widget-container\">\n\t\t\t\t\t<h2 class=\"elementor-heading-title elementor-size-default\">\u0645\u0627 \u06a9\u06cc \u0647\u0633\u062a\u06cc\u0645\u061f<\/h2>\t\t\t\t<\/div>\n\t\t\t\t<\/div>\n\t\t\t\t<div class=\"elementor-element elementor-element-69a1d4a elementor-invisible elementor-widget elementor-widget-text-editor\" data-id=\"69a1d4a\" data-element_type=\"widget\" data-settings=\"{&quot;_animation&quot;:&quot;fadeInUp&quot;}\" data-widget_type=\"text-editor.default\">\n\t\t\t\t<div class=\"elementor-widget-container\">\n\t\t\t\t\t\t\t\t\t<p>\u0634\u0631\u06a9\u062a \u0645\u0627 \u06a9\u0647 \u0627\u0632 \u0633\u0627\u0644 2003 \u062f\u0631 \u0632\u0645\u06cc\u0646\u0647 \u062e\u0631\u06cc\u062f-\u0641\u0631\u0648\u0634 \u0632\u0645\u06cc\u0646\u060c \u0642\u0637\u0639\u0647 \u0628\u0646\u062f\u06cc \u0632\u0645\u06cc\u0646 \u0648 \u0633\u0627\u062e\u062a \u0648 \u0633\u0627\u0632 \u0641\u0639\u0627\u0644\u06cc\u062a \u0645\u06cc \u06a9\u0646\u062f\u060c \u062a\u062d\u062a \u0631\u0647\u0628\u0631\u06cc \u0645\u0648\u0633\u0633 \u0634\u0631\u06a9\u062a Y\u00fcksel Alpcan \u06a9\u0627\u0631\u0647\u0627\u06cc \u0645\u0648\u0641\u0642\u06cc \u0631\u0627 \u0627\u0646\u062c\u0627\u0645 \u062f\u0627\u062f\u0647 \u0627\u0633\u062a.<\/p>\n\t\t\t\t\t\t\t\t<\/div>\n\t\t\t\t<\/div>\n\t\t\t\t<div class=\"elementor-element elementor-element-83f7b19 elementor-invisible elementor-widget elementor-widget-text-editor\" data-id=\"83f7b19\" data-element_type=\"widget\" data-settings=\"{&quot;_animation&quot;:&quot;fadeInUp&quot;}\" data-widget_type=\"text-editor.default\">\n\t\t\t\t<div class=\"elementor-widget-container\">\n\t\t\t\t\t\t\t\t\t<p>Alpcans \u0627\u0645\u0631\u0648\u0632 \u0628\u0627\u0631 \u062f\u06cc\u06af\u0631 \u0645\u0648\u0641\u0642\u06cc\u062a \u062e\u0648\u062f \u0631\u0627 \u062f\u0631 \u0627\u06cc\u0646 \u0628\u062e\u0634 \u0628\u0647 \u0627\u062b\u0628\u0627\u062a \u0631\u0633\u0627\u0646\u062f\u0647 \u0627\u0633\u062a\u060c \u062f\u0631 \u0627\u06cc\u0646 \u0631\u0627\u0647 \u06a9\u0647 \u062f\u0631 \u0633\u0627\u0644 2003 \u0628\u0627 \u062a\u0648\u0627\u0641\u0642\u06cc \u06a9\u0647 \u0627\u0635\u0644 \u0627\u062d\u062a\u0631\u0627\u0645 \u0628\u0647 \u0645\u0631\u062f\u0645 \u0648 \u0637\u0628\u06cc\u0639\u062a \u0631\u0627 \u067e\u0630\u06cc\u0631\u0641\u062a\u0647 \u0627\u0633\u062a \u0622\u063a\u0627\u0632 \u0634\u062f\u0647 \u0627\u0633\u062a. Alpcan Towers\u060c Alpcan Towers Mira \u062f\u0631 \u0644\u0641\u06a9\u0647 \u06af\u0645\u06cc\u06a9\u0648\u0646\u0627\u06af\u06cc\u061b \u062e\u0627\u0646\u0647 \u0647\u0627\u06cc \u067e\u0631\u0633\u062a\u06cc\u0698 Alpcan \u062f\u0631 \u06af\u0648\u0632\u0644\u06cc\u0648\u0631\u062a\u061b \u0645\u0627 \u0645\u0648\u0641\u0642 \u0634\u062f\u0647 \u0627\u06cc\u0645 \u0645\u0634\u062a\u0631\u06cc\u0627\u0646 \u0648 \u0633\u0631\u0645\u0627\u06cc\u0647 \u06af\u0630\u0627\u0631\u0627\u0646 \u062e\u0648\u062f \u0631\u0627 \u0628\u0627 \u067e\u0631\u0648\u0698\u0647 \u0647\u0627\u06cc \u0628\u0627 \u06a9\u06cc\u0641\u06cc\u062a\u06cc \u0645\u0627\u0646\u0646\u062f Alpcan Village The View\u060c Villa Romance\u060c Villa Vega \u062f\u0631 \u0686\u0646\u06af\u06cc\u0632\u06a9\u0648\u06cc \u0648 Alpcan Towers Key West \u062f\u0631 \u06af\u0627\u0632\u06cc\u0648\u0631\u0646 \u062e\u0648\u0634\u062d\u0627\u0644 \u06a9\u0646\u06cc\u0645.<\/p>\n\t\t\t\t\t\t\t\t<\/div>\n\t\t\t\t<\/div>\n\t\t\t\t<div class=\"elementor-element elementor-element-c663725 elementor-invisible elementor-widget elementor-widget-text-editor\" data-id=\"c663725\" data-element_type=\"widget\" data-settings=\"{&quot;_animation&quot;:&quot;fadeInUp&quot;}\" data-widget_type=\"text-editor.default\">\n\t\t\t\t<div class=\"elementor-widget-container\">\n\t\t\t\t\t\t\t\t\t<p>\u0627\u0645\u0631\u0648\u0632\u0647 \u0645\u0627 \u0628\u0647 \u0637\u0648\u0631 \u0645\u062f\u0627\u0648\u0645 \u062f\u0631 \u062d\u0627\u0644 \u062a\u0648\u0633\u0639\u0647 \u0631\u0627\u0647 \u0647\u0627\u06cc \u0627\u0631\u062a\u0628\u0627\u0637 \u0628\u0627 \u0645\u0634\u062a\u0631\u06cc\u0627\u0646 \u062e\u0648\u062f \u0628\u0647 \u0628\u0647\u062a\u0631\u06cc\u0646 \u0634\u06a9\u0644 \u0647\u0633\u062a\u06cc\u0645 \u0648 \u0631\u0636\u0627\u06cc\u062a \u0645\u0634\u062a\u0631\u06cc \u0631\u0627 \u062f\u0631 \u0634\u0631\u0627\u06cc\u0637 \u0627\u0645\u0631\u0648\u0632\u06cc \u0633\u0631\u0644\u0648\u062d\u0647 \u062e\u0648\u062f \u0646\u06af\u0647 \u0645\u06cc \u062f\u0627\u0631\u06cc\u0645. \u0628\u0627 \u0627\u06cc\u0646 \u0628\u0627\u0648\u0631\u060c \u0645\u0627 \u0628\u0627 \u062a\u0645\u0627\u0645 \u062a\u0648\u0627\u0646 \u062e\u0648\u062f \u0628\u0631\u0627\u06cc \u062a\u0627\u06a9\u06cc\u062f \u0628\u0631 \u0647\u0648\u06cc\u062a \u0628\u0631\u0646\u062f \u0648 \u0642\u0627\u0628\u0644\u06cc\u062a \u0627\u0637\u0645\u06cc\u0646\u0627\u0646 Alpcans \u062f\u0631 \u067e\u0631\u0648\u0698\u0647 \u0647\u0627\u06cc \u062e\u0648\u062f \u06a9\u0627\u0631 \u0645\u06cc \u06a9\u0646\u06cc\u0645 \u0648 \u0647\u0631 \u067e\u0631\u0648\u0698\u0647 \u062c\u062f\u06cc\u062f \u0631\u0627 \u0628\u0627 \u0647\u06cc\u062c\u0627\u0646 \u0631\u0648\u0632 \u0627\u0648\u0644 \u0645\u06cc \u0633\u0627\u0632\u06cc\u0645.<\/p>\n\t\t\t\t\t\t\t\t<\/div>\n\t\t\t\t<\/div>\n\t\t\t\t<\/div>\n\t\t<div class=\"elementor-element elementor-element-cacbf71 e-con-full e-flex e-con e-parent\" data-id=\"cacbf71\" data-element_type=\"container\">\n\t\t\t\t<div class=\"elementor-element elementor-element-cd9f418 turquoise-shadow elementor-invisible elementor-widget elementor-widget-image\" data-id=\"cd9f418\" data-element_type=\"widget\" data-settings=\"{&quot;_animation&quot;:&quot;fadeIn&quot;,&quot;motion_fx_motion_fx_scrolling&quot;:&quot;yes&quot;,&quot;motion_fx_translateY_effect&quot;:&quot;yes&quot;,&quot;motion_fx_translateY_direction&quot;:&quot;negative&quot;,&quot;motion_fx_translateY_affectedRange&quot;:{&quot;unit&quot;:&quot;%&quot;,&quot;size&quot;:&quot;&quot;,&quot;sizes&quot;:{&quot;start&quot;:20,&quot;end&quot;:80}},&quot;motion_fx_devices&quot;:[&quot;desktop&quot;],&quot;motion_fx_translateY_speed&quot;:{&quot;unit&quot;:&quot;px&quot;,&quot;size&quot;:4,&quot;sizes&quot;:[]}}\" data-widget_type=\"image.default\">\n\t\t\t\t<div class=\"elementor-widget-container\">\n\t\t\t\t\t\t\t\t\t\t\t\t\t\t\t<img fetchpriority=\"high\" decoding=\"async\" width=\"1024\" height=\"819\" src=\"https:\/\/alpcans.com\/wp-content\/uploads\/2023\/07\/alpcan-towers-key-west-seaside-3-1024x819.jpg\" class=\"attachment-large size-large wp-image-4286\" alt=\"Bir sanat\u00e7\u0131n\u0131n sahildeki bir apartman binas\u0131n\u0131 tasvir etmesi.\" srcset=\"https:\/\/alpcans.com\/wp-content\/uploads\/2023\/07\/alpcan-towers-key-west-seaside-3-1024x819.jpg 1024w, https:\/\/alpcans.com\/wp-content\/uploads\/2023\/07\/alpcan-towers-key-west-seaside-3-300x240.jpg 300w, https:\/\/alpcans.com\/wp-content\/uploads\/2023\/07\/alpcan-towers-key-west-seaside-3-768x614.jpg 768w, https:\/\/alpcans.com\/wp-content\/uploads\/2023\/07\/alpcan-towers-key-west-seaside-3.jpg 1350w\" sizes=\"(max-width: 1024px) 100vw, 1024px\" \/>\t\t\t\t\t\t\t\t\t\t\t\t\t\t\t<\/div>\n\t\t\t\t<\/div>\n\t\t\t\t<\/div>\n\t\t\t\t\t<\/div>\n\t\t\t\t<\/div>\n\t\t<div class=\"elementor-element elementor-element-337d683 e-flex e-con-boxed e-con e-parent\" data-id=\"337d683\" data-element_type=\"container\" data-settings=\"{&quot;background_background&quot;:&quot;classic&quot;}\">\n\t\t\t\t\t<div class=\"e-con-inner\">\n\t\t<div class=\"elementor-element elementor-element-0ea60f8 e-con-full e-flex e-con e-parent\" data-id=\"0ea60f8\" data-element_type=\"container\">\n\t\t\t\t<div class=\"elementor-element elementor-element-e323ef8 turquoise-shadow elementor-invisible elementor-widget elementor-widget-image\" data-id=\"e323ef8\" data-element_type=\"widget\" data-settings=\"{&quot;_animation&quot;:&quot;fadeIn&quot;,&quot;motion_fx_motion_fx_scrolling&quot;:&quot;yes&quot;,&quot;motion_fx_translateY_effect&quot;:&quot;yes&quot;,&quot;motion_fx_translateY_direction&quot;:&quot;negative&quot;,&quot;motion_fx_translateY_affectedRange&quot;:{&quot;unit&quot;:&quot;%&quot;,&quot;size&quot;:&quot;&quot;,&quot;sizes&quot;:{&quot;start&quot;:30,&quot;end&quot;:70}},&quot;motion_fx_devices&quot;:[&quot;desktop&quot;],&quot;motion_fx_translateY_speed&quot;:{&quot;unit&quot;:&quot;px&quot;,&quot;size&quot;:4,&quot;sizes&quot;:[]}}\" data-widget_type=\"image.default\">\n\t\t\t\t<div class=\"elementor-widget-container\">\n\t\t\t\t\t\t\t\t\t\t\t\t\t\t\t<img decoding=\"async\" width=\"570\" height=\"490\" src=\"https:\/\/alpcans.com\/wp-content\/uploads\/2023\/07\/alpcan-towers-key-west-living-room-2.jpg\" class=\"attachment-large size-large wp-image-4375\" alt=\"Okyanus manzaral\u0131 bir oturma odas\u0131.\" srcset=\"https:\/\/alpcans.com\/wp-content\/uploads\/2023\/07\/alpcan-towers-key-west-living-room-2.jpg 570w, https:\/\/alpcans.com\/wp-content\/uploads\/2023\/07\/alpcan-towers-key-west-living-room-2-300x258.jpg 300w\" sizes=\"(max-width: 570px) 100vw, 570px\" \/>\t\t\t\t\t\t\t\t\t\t\t\t\t\t\t<\/div>\n\t\t\t\t<\/div>\n\t\t\t\t<\/div>\n\t\t<div class=\"elementor-element elementor-element-f3d0e52 e-con-full fix-rtl-right e-flex e-con e-parent\" data-id=\"f3d0e52\" data-element_type=\"container\">\n\t\t\t\t<div class=\"elementor-element elementor-element-e54cd61 elementor-invisible elementor-widget elementor-widget-heading\" data-id=\"e54cd61\" data-element_type=\"widget\" data-settings=\"{&quot;_animation&quot;:&quot;fadeInUp&quot;}\" data-widget_type=\"heading.default\">\n\t\t\t\t<div class=\"elementor-widget-container\">\n\t\t\t\t\t<h2 class=\"elementor-heading-title elementor-size-default\">\u0686\u0631\u0627 Alpcans<\/h2>\t\t\t\t<\/div>\n\t\t\t\t<\/div>\n\t\t\t\t<div class=\"elementor-element elementor-element-d2cd118 elementor-invisible elementor-widget elementor-widget-text-editor\" data-id=\"d2cd118\" data-element_type=\"widget\" data-settings=\"{&quot;_animation&quot;:&quot;fadeInUp&quot;}\" data-widget_type=\"text-editor.default\">\n\t\t\t\t<div class=\"elementor-widget-container\">\n\t\t\t\t\t\t\t\t\t<p>\u0627\u0632 \u0627\u0648\u0644\u06cc\u0646 \u0631\u0648\u0632\u06cc \u06a9\u0647 \u0641\u0639\u0627\u0644\u06cc\u062a \u062e\u0648\u062f \u0631\u0627 \u0622\u063a\u0627\u0632 \u06a9\u0631\u062f\u06cc\u0645\u060c \u0635\u062f\u0627\u0642\u062a\u060c \u06a9\u0645\u0627\u0644 \u06af\u0631\u0627\u06cc\u06cc\u060c \u0631\u0648\u062d\u06cc\u0647 \u062a\u06cc\u0645\u06cc\u060c \u0646\u0648\u0622\u0648\u0631\u06cc\u060c \u0645\u0627\u0644\u06a9\u06cc\u062a\u060c \u062b\u0628\u0627\u062a \u0648 \u06a9\u0627\u0631\u0622\u0641\u0631\u06cc\u0646\u06cc \u0627\u0632 \u0645\u0647\u0645\u062a\u0631\u06cc\u0646 \u0627\u0631\u0632\u0634 \u0647\u0627\u06cc \u0645\u0627 \u0628\u0648\u062f\u0647 \u0627\u0633\u062a.<\/p>\n\t\t\t\t\t\t\t\t<\/div>\n\t\t\t\t<\/div>\n\t\t\t\t<div class=\"elementor-element elementor-element-bd8d01d elementor-invisible elementor-widget elementor-widget-text-editor\" data-id=\"bd8d01d\" data-element_type=\"widget\" data-settings=\"{&quot;_animation&quot;:&quot;fadeInUp&quot;}\" data-widget_type=\"text-editor.default\">\n\t\t\t\t<div class=\"elementor-widget-container\">\n\t\t\t\t\t\t\t\t\t<p>\u0645\u0627 \u0627\u0635\u0644 \u0634\u0641\u0627\u0641\u06cc\u062a \u0631\u0627 \u0646\u0633\u0628\u062a \u0628\u0647 \u0645\u0634\u062a\u0631\u06cc\u0627\u0646\u060c \u0634\u0631\u06a9\u0627\u06cc \u062a\u062c\u0627\u0631\u06cc \u0648 \u06a9\u0627\u0631\u0645\u0646\u062f\u0627\u0646 \u062e\u0648\u062f \u067e\u0630\u06cc\u0631\u0641\u062a\u0647 \u0627\u06cc\u0645. \u0628\u0627 \u062e\u0628\u0631\u06af\u06cc\u060c \u062f\u0627\u0646\u0634 \u0648 \u062a\u062c\u0631\u0628\u0647 \u0627\u06cc \u06a9\u0647 \u0628\u0647 \u062f\u0633\u062a \u0622\u0648\u0631\u062f\u0647 \u0627\u06cc\u0645\u060c \u0642\u0648\u06cc \u062a\u0631 \u0628\u0647 \u0633\u0648\u06cc \u0622\u06cc\u0646\u062f\u0647 \u0642\u062f\u0645 \u0645\u06cc \u06af\u0630\u0627\u0631\u06cc\u0645.<\/p>\n\t\t\t\t\t\t\t\t<\/div>\n\t\t\t\t<\/div>\n\t\t\t\t<div class=\"elementor-element elementor-element-1b12656 elementor-invisible elementor-widget elementor-widget-text-editor\" data-id=\"1b12656\" data-element_type=\"widget\" data-settings=\"{&quot;_animation&quot;:&quot;fadeInUp&quot;}\" data-widget_type=\"text-editor.default\">\n\t\t\t\t<div class=\"elementor-widget-container\">\n\t\t\t\t\t\t\t\t\t<p>\u062f\u0631 \u0686\u0627\u0631\u0686\u0648\u0628 \u0627\u0635\u0644 \u0627\u062d\u062a\u0631\u0627\u0645 \u0645\u0627 \u0628\u0647 \u0645\u0631\u062f\u0645 \u0648 \u0637\u0628\u06cc\u0639\u062a\u061b \u0645\u0627 \u067e\u0631\u0648\u0698\u0647 \u0647\u0627\u06cc \u062e\u0648\u062f \u0631\u0627 \u0628\u0627 \u0631\u0648\u06cc\u06a9\u0631\u062f\u06cc \u0633\u0627\u0632\u06af\u0627\u0631 \u0628\u0627 \u0645\u062d\u06cc\u0637 \u0632\u06cc\u0633\u062a\u060c \u0641\u0646\u0627\u0648\u0631\u06cc \u067e\u06cc\u0634\u0631\u0641\u062a\u0647 \u0648 \u062f\u06cc\u062f\u06af\u0627\u0647 \u0646\u0648\u0622\u0648\u0631\u0627\u0646\u0647 \u0645\u06cc \u0633\u0627\u0632\u06cc\u0645 \u0648 \u0641\u0631\u0635\u062a\u06cc \u0628\u0631\u0627\u06cc \u0632\u0646\u062f\u06af\u06cc \u0642\u0627\u0628\u0644 \u0633\u06a9\u0648\u0646\u062a \u0631\u0627 \u0628\u0631\u0627\u06cc \u0646\u0633\u0644\u200c\u0647\u0627\u06cc \u0622\u06cc\u0646\u062f\u0647 \u0641\u0631\u0627\u0647\u0645 \u0645\u06cc\u200c\u06a9\u0646\u06cc\u0645<\/p>\n\t\t\t\t\t\t\t\t<\/div>\n\t\t\t\t<\/div>\n\t\t\t\t<div class=\"elementor-element elementor-element-3f12139 elementor-invisible elementor-widget elementor-widget-text-editor\" data-id=\"3f12139\" data-element_type=\"widget\" data-settings=\"{&quot;_animation&quot;:&quot;fadeInUp&quot;}\" data-widget_type=\"text-editor.default\">\n\t\t\t\t<div class=\"elementor-widget-container\">\n\t\t\t\t\t\t\t\t\t<p>\u0645\u0627 \u06a9\u0644\u06cc\u0647 \u067e\u0631\u0648\u0698\u0647 \u0647\u0627\u06cc \u062e\u0648\u062f \u0631\u0627 \u0645\u0637\u0627\u0628\u0642 \u0628\u0627 \u0627\u0633\u062a\u0627\u0646\u062f\u0627\u0631\u062f\u0647\u0627\u06cc \u0633\u0627\u062e\u062a \u0648 \u0633\u0627\u0632 \u0648 \u0645\u0637\u0627\u0628\u0642 \u0628\u0627 \u06a9\u0644\u06cc\u0647 \u0645\u062c\u0648\u0632 \u0647\u0627 \u0648 \u0628\u0627\u0632\u0631\u0633\u06cc \u0647\u0627\u06cc \u0644\u0627\u0632\u0645 \u0627\u0646\u062c\u0627\u0645 \u0645\u06cc \u062f\u0647\u06cc\u0645\u060c \u0645\u0627 \u0627\u0637\u0645\u06cc\u0646\u0627\u0646 \u0645\u06cc \u062f\u0647\u06cc\u0645 \u06a9\u0647 \u0645\u0634\u062a\u0631\u06cc\u0627\u0646\u0645\u0627\u0646 \u0632\u0646\u062f\u06af\u06cc \u0627\u0645\u0646\u06cc \u062f\u0627\u0631\u0646\u062f.<\/p>\n\t\t\t\t\t\t\t\t<\/div>\n\t\t\t\t<\/div>\n\t\t\t\t<div class=\"elementor-element elementor-element-7ebb378 elementor-invisible elementor-widget elementor-widget-text-editor\" data-id=\"7ebb378\" data-element_type=\"widget\" data-settings=\"{&quot;_animation&quot;:&quot;fadeInUp&quot;}\" data-widget_type=\"text-editor.default\">\n\t\t\t\t<div class=\"elementor-widget-container\">\n\t\t\t\t\t\t\t\t\t<p>\u0645\u0627 \u0646\u0647 \u062a\u0646\u0647\u0627 \u062a\u0645\u0627\u0645\u06cc \u0641\u0631\u0622\u06cc\u0646\u062f\u0647\u0627 \u0631\u0627 \u0627\u0632 \u0627\u0628\u062a\u062f\u0627\u06cc \u067e\u0631\u0648\u0698\u0647 \u062a\u0627 \u062a\u062d\u0648\u06cc\u0644 \u06a9\u0644\u06cc\u062f \u062f\u0631 \u062f\u0633\u062a \u062e\u0648\u062f \u067e\u06cc\u06af\u06cc\u0631\u06cc \u0645\u06cc \u06a9\u0646\u06cc\u0645\u060c \u0628\u0644\u06a9\u0647 \u0627\u0637\u0645\u06cc\u0646\u0627\u0646 \u062d\u0627\u0635\u0644 \u0645\u06cc \u06a9\u0646\u06cc\u0645\u060c \u06a9\u0647 \u0635\u0627\u062d\u0628\u0627\u0646 \u067e\u0631\u0648\u0698\u0647 \u0647\u0627\u06cc \u0645\u0627 \u0647\u0645\u06cc\u0634\u0647 \u0628\u0627 \u062e\u062f\u0645\u0627\u062a \u067e\u0633 \u0627\u0632 \u0641\u0631\u0648\u0634 \u0645\u0627 \u062f\u0631 \u06a9\u0646\u0627\u0631\u0634\u0627\u0646\u060c \u0627\u062d\u0633\u0627\u0633 \u0622\u0631\u0627\u0645\u0634 \u06a9\u0646\u0646\u062f.<\/p>\n\t\t\t\t\t\t\t\t<\/div>\n\t\t\t\t<\/div>\n\t\t\t\t<\/div>\n\t\t\t\t\t<\/div>\n\t\t\t\t<\/div>\n\t\t\t\t<\/div>\n\t\t","protected":false},"excerpt":{"rendered":"<p>ALPCANS \u0645\u0627 \u06a9\u06cc \u0647\u0633\u062a\u06cc\u0645\u061f \u0634\u0631\u06a9\u062a \u0645\u0627 \u06a9\u0647 \u0627\u0632 \u0633\u0627\u0644 2003 \u062f\u0631 \u0632\u0645\u06cc\u0646\u0647 \u062e\u0631\u06cc\u062f-\u0641\u0631\u0648\u0634 \u0632\u0645\u06cc\u0646\u060c \u0642\u0637\u0639\u0647 \u0628\u0646\u062f\u06cc \u0632\u0645\u06cc\u0646 \u0648 \u0633\u0627\u062e\u062a \u0648 \u0633\u0627\u0632 \u0641\u0639\u0627\u0644\u06cc\u062a \u0645\u06cc \u06a9\u0646\u062f\u060c \u062a\u062d\u062a \u0631\u0647\u0628\u0631\u06cc \u0645\u0648\u0633\u0633 \u0634\u0631\u06a9\u062a Y\u00fcksel Alpcan \u06a9\u0627\u0631\u0647\u0627\u06cc \u0645\u0648\u0641\u0642\u06cc \u0631\u0627 \u0627\u0646\u062c\u0627\u0645 \u062f\u0627\u062f\u0647 \u0627\u0633\u062a. Alpcans \u0627\u0645\u0631\u0648\u0632 \u0628\u0627\u0631 \u062f\u06cc\u06af\u0631 \u0645\u0648\u0641\u0642\u06cc\u062a \u062e\u0648\u062f \u0631\u0627 \u062f\u0631 \u0627\u06cc\u0646 \u0628\u062e\u0634 \u0628\u0647 \u0627\u062b\u0628\u0627\u062a \u0631\u0633\u0627\u0646\u062f\u0647 \u0627\u0633\u062a\u060c \u062f\u0631 \u0627\u06cc\u0646 \u0631\u0627\u0647 \u06a9\u0647 \u062f\u0631 [&hellip;]<\/p>\n","protected":false},"author":1,"featured_media":4286,"parent":0,"menu_order":0,"comment_status":"closed","ping_status":"closed","template":"","meta":{"site-sidebar-layout":"no-sidebar","site-content-layout":"page-builder","ast-site-content-layout":"default","site-content-style":"default","site-sidebar-style":"default","ast-global-header-display":"","ast-banner-title-visibility":"","ast-main-header-display":"","ast-hfb-above-header-display":"","ast-hfb-below-header-display":"","ast-hfb-mobile-header-display":"","site-post-title":"disabled","ast-breadcrumbs-content":"","ast-featured-img":"disabled","footer-sml-layout":"","theme-transparent-header-meta":"","adv-header-id-meta":"","stick-header-meta":"","header-above-stick-meta":"","header-main-stick-meta":"","header-below-stick-meta":"","astra-migrate-meta-layouts":"default","ast-page-background-enabled":"default","ast-page-background-meta":{"desktop":{"background-color":"var(--ast-global-color-4)","background-image":"","background-repeat":"repeat","background-position":"center center","background-size":"auto","background-attachment":"scroll","background-type":"","background-media":"","overlay-type":"","overlay-color":"","overlay-opacity":"","overlay-gradient":""},"tablet":{"background-color":"","background-image":"","background-repeat":"repeat","background-position":"center center","background-size":"auto","background-attachment":"scroll","background-type":"","background-media":"","overlay-type":"","overlay-color":"","overlay-opacity":"","overlay-gradient":""},"mobile":{"background-color":"","background-image":"","background-repeat":"repeat","background-position":"center center","background-size":"auto","background-attachment":"scroll","background-type":"","background-media":"","overlay-type":"","overlay-color":"","overlay-opacity":"","overlay-gradient":""}},"ast-content-background-meta":{"desktop":{"background-color":"var(--ast-global-color-5)","background-image":"","background-repeat":"repeat","background-position":"center center","background-size":"auto","background-attachment":"scroll","background-type":"","background-media":"","overlay-type":"","overlay-color":"","overlay-opacity":"","overlay-gradient":""},"tablet":{"background-color":"var(--ast-global-color-5)","background-image":"","background-repeat":"repeat","background-position":"center center","background-size":"auto","background-attachment":"scroll","background-type":"","background-media":"","overlay-type":"","overlay-color":"","overlay-opacity":"","overlay-gradient":""},"mobile":{"background-color":"var(--ast-global-color-5)","background-image":"","background-repeat":"repeat","background-position":"center center","background-size":"auto","background-attachment":"scroll","background-type":"","background-media":"","overlay-type":"","overlay-color":"","overlay-opacity":"","overlay-gradient":""}},"footnotes":""},"rightplace-folders":[],"class_list":["post-2322","page","type-page","status-publish","has-post-thumbnail","hentry"],"_links":{"self":[{"href":"https:\/\/alpcans.com\/fa\/wp-json\/wp\/v2\/pages\/2322","targetHints":{"allow":["GET"]}}],"collection":[{"href":"https:\/\/alpcans.com\/fa\/wp-json\/wp\/v2\/pages"}],"about":[{"href":"https:\/\/alpcans.com\/fa\/wp-json\/wp\/v2\/types\/page"}],"author":[{"embeddable":true,"href":"https:\/\/alpcans.com\/fa\/wp-json\/wp\/v2\/users\/1"}],"replies":[{"embeddable":true,"href":"https:\/\/alpcans.com\/fa\/wp-json\/wp\/v2\/comments?post=2322"}],"version-history":[{"count":0,"href":"https:\/\/alpcans.com\/fa\/wp-json\/wp\/v2\/pages\/2322\/revisions"}],"wp:featuredmedia":[{"embeddable":true,"href":"https:\/\/alpcans.com\/fa\/wp-json\/wp\/v2\/media\/4286"}],"wp:attachment":[{"href":"https:\/\/alpcans.com\/fa\/wp-json\/wp\/v2\/media?parent=2322"}],"wp:term":[{"taxonomy":"rightplace_folder","embeddable":true,"href":"https:\/\/alpcans.com\/fa\/wp-json\/wp\/v2\/rightplace-folders?post=2322"}],"curies":[{"name":"wp","href":"https:\/\/api.w.org\/{rel}","templated":true}]}}