{"id":2377,"date":"2023-07-10T13:43:33","date_gmt":"2023-07-10T10:43:33","guid":{"rendered":"http:\/\/alpcans.com\/%d9%82%d8%a8%d8%b1%d8%b3-%d8%b4%d9%85%d8%a7%d9%84%db%8c\/"},"modified":"2023-07-15T01:15:46","modified_gmt":"2023-07-14T22:15:46","slug":"%d9%82%d8%a8%d8%b1%d8%b3-%d8%b4%d9%85%d8%a7%d9%84%db%8c","status":"publish","type":"page","link":"https:\/\/alpcans.com\/fa\/%d9%82%d8%a8%d8%b1%d8%b3-%d8%b4%d9%85%d8%a7%d9%84%db%8c\/","title":{"rendered":"\u0642\u0628\u0631\u0633 \u0634\u0645\u0627\u0644\u06cc"},"content":{"rendered":"\t\t<div data-elementor-type=\"wp-page\" data-elementor-id=\"2377\" class=\"elementor elementor-2377 elementor-2098\" data-elementor-post-type=\"page\">\n\t\t\t\t<div class=\"elementor-element elementor-element-d302702 e-flex e-con-boxed e-con e-parent\" data-id=\"d302702\" data-element_type=\"container\" data-settings=\"{&quot;background_background&quot;:&quot;classic&quot;}\">\n\t\t\t\t\t<div class=\"e-con-inner\">\n\t\t\t\t<div class=\"elementor-element elementor-element-b5a9ee2 elementor-widget elementor-widget-heading\" data-id=\"b5a9ee2\" data-element_type=\"widget\" data-widget_type=\"heading.default\">\n\t\t\t\t<div class=\"elementor-widget-container\">\n\t\t\t\t\t<h1 class=\"elementor-heading-title elementor-size-default\">\u062c\u0645\u0647\u0648\u0631\u06cc \u062a\u0631\u06a9 \u0642\u0628\u0631\u0633 \u0634\u0645\u0627\u0644\u06cc<\/h1>\t\t\t\t<\/div>\n\t\t\t\t<\/div>\n\t\t\t\t\t<\/div>\n\t\t\t\t<\/div>\n\t\t<div class=\"elementor-element elementor-element-c4317fc e-flex e-con-boxed e-con e-parent\" data-id=\"c4317fc\" data-element_type=\"container\" data-settings=\"{&quot;background_background&quot;:&quot;classic&quot;}\">\n\t\t\t\t\t<div class=\"e-con-inner\">\n\t\t<div class=\"elementor-element elementor-element-612236e e-con-full e-flex e-con e-parent\" data-id=\"612236e\" data-element_type=\"container\">\n\t\t\t\t<div class=\"elementor-element elementor-element-b197fa2 elementor-invisible elementor-widget elementor-widget-heading\" data-id=\"b197fa2\" data-element_type=\"widget\" data-settings=\"{&quot;motion_fx_motion_fx_scrolling&quot;:&quot;yes&quot;,&quot;motion_fx_translateY_effect&quot;:&quot;yes&quot;,&quot;motion_fx_translateY_direction&quot;:&quot;negative&quot;,&quot;motion_fx_translateY_speed&quot;:{&quot;unit&quot;:&quot;px&quot;,&quot;size&quot;:1,&quot;sizes&quot;:[]},&quot;_animation&quot;:&quot;fadeInDown&quot;,&quot;motion_fx_translateY_affectedRange&quot;:{&quot;unit&quot;:&quot;%&quot;,&quot;size&quot;:&quot;&quot;,&quot;sizes&quot;:{&quot;start&quot;:25,&quot;end&quot;:75}},&quot;motion_fx_devices&quot;:[&quot;desktop&quot;,&quot;tablet&quot;,&quot;mobile&quot;]}\" data-widget_type=\"heading.default\">\n\t\t\t\t<div class=\"elementor-widget-container\">\n\t\t\t\t\t<h2 class=\"elementor-heading-title elementor-size-default\">\u0642\u0628\u0631\u0633<\/h2>\t\t\t\t<\/div>\n\t\t\t\t<\/div>\n\t\t\t\t<\/div>\n\t\t<div class=\"elementor-element elementor-element-fcd1945 e-con-full fix-rtl-left e-flex e-con e-parent\" data-id=\"fcd1945\" data-element_type=\"container\">\n\t\t\t\t<div class=\"elementor-element elementor-element-f3c62ee elementor-invisible elementor-widget elementor-widget-text-editor\" data-id=\"f3c62ee\" data-element_type=\"widget\" data-settings=\"{&quot;_animation&quot;:&quot;fadeInUp&quot;}\" data-widget_type=\"text-editor.default\">\n\t\t\t\t<div class=\"elementor-widget-container\">\n\t\t\t\t\t\t\t\t\t<p>\u0642\u0628\u0631\u0633 \u0634\u0645\u0627\u0644\u06cc \u0628\u0627 \u0632\u06cc\u0628\u0627\u06cc\u06cc \u0647\u0627\u06cc \u0646\u0627\u0628 \u062c\u0632\u06cc\u0631\u0647\u060c \u0622\u0628 \u0648 \u0647\u0648\u0627\u06cc \u0645\u0637\u0628\u0648\u0639\u060c \u0645\u0631\u062f\u0645\u0627\u0646\u06cc \u062f\u0644\u0633\u0648\u0632 \u0648 \u0635\u0645\u06cc\u0645\u06cc\u060c \u063a\u0630\u0627\u0647\u0627\u06cc \u0645\u062a\u0646\u0648\u0639 \u0648 \u0645\u062d\u0644\u06cc\u061b \u0628\u0647 \u0628\u0627\u0632\u062f\u06cc\u062f\u06a9\u0646\u0646\u062f\u06af\u0627\u0646\u06cc \u06a9\u0647 \u0628\u0647 \u0627\u06cc\u0646\u062c\u0627 \u0645\u06cc \u0622\u06cc\u0646\u062f \u0627\u062c\u0627\u0632\u0647 \u0645\u06cc\u062f\u0647\u062f \u0627\u0632 \u0627\u0633\u062a\u0631\u0633 \u0648 \u0634\u0644\u0648\u063a\u06cc \u0632\u0646\u062f\u06af\u06cc \u0634\u0647\u0631\u06cc \u0641\u0631\u0627\u0631 \u06a9\u0646\u0646\u062f \u0648 \u062f\u0631 \u0645\u062d\u06cc\u0637\u06cc \u0622\u0631\u0627\u0645 \u0648 \u0622\u0632\u0627\u062f \u0627\u0633\u062a\u0631\u0627\u062d\u062a \u06a9\u0646\u0646\u062f.<\/p>\n\t\t\t\t\t\t\t\t<\/div>\n\t\t\t\t<\/div>\n\t\t\t\t<div class=\"elementor-element elementor-element-77a743f elementor-invisible elementor-widget elementor-widget-text-editor\" data-id=\"77a743f\" data-element_type=\"widget\" data-settings=\"{&quot;_animation&quot;:&quot;fadeInUp&quot;}\" data-widget_type=\"text-editor.default\">\n\t\t\t\t<div class=\"elementor-widget-container\">\n\t\t\t\t\t\t\t\t\t<p>\u062f\u0631 \u0645\u06cc\u0627\u0646 \u0645\u0647\u0645\u062a\u0631\u06cc\u0646 \u0646\u06cc\u0627\u0632\u0647\u0627\u06cc \u0627\u0646\u0633\u0627\u0646\u060c \u0627\u0645\u0646\u06cc\u062a \u062f\u0631 \u0635\u062f\u0631 \u0642\u0631\u0627\u0631 \u062f\u0627\u0631\u062f. \u0642\u0628\u0631\u0633\u060c \u06a9\u0647 \u0646\u0631\u062e \u062c\u0631\u0645 \u0648 \u062c\u0646\u0627\u06cc\u062a \u0622\u0646 \u0628\u0633\u06cc\u0627\u0631 \u067e\u0627\u06cc\u06cc\u0646 \u0627\u0633\u062a\u060c \u0628\u0647 \u0639\u0646\u0648\u0627\u0646 \u06cc\u06a9\u06cc \u0627\u0632 \u0627\u0645\u0646\u200c\u062a\u0631\u06cc\u0646 \u0645\u0646\u0627\u0637\u0642 \u062c\u0647\u0627\u0646\u060c \u0628\u0647 \u0633\u0627\u06a9\u0646\u0627\u0646 \u062e\u0648\u062f \u0632\u0646\u062f\u06af\u06cc \u0627\u0645\u0646\u06cc \u0631\u0627 \u0647\u062f\u06cc\u0647 \u0645\u06cc\u200c\u062f\u0647\u062f.<\/p>\n\t\t\t\t\t\t\t\t<\/div>\n\t\t\t\t<\/div>\n\t\t\t\t<div class=\"elementor-element elementor-element-561799a elementor-invisible elementor-widget elementor-widget-text-editor\" data-id=\"561799a\" data-element_type=\"widget\" data-settings=\"{&quot;_animation&quot;:&quot;fadeInUp&quot;}\" data-widget_type=\"text-editor.default\">\n\t\t\t\t<div class=\"elementor-widget-container\">\n\t\t\t\t\t\t\t\t\t<p>\u0642\u062f\u0645\u062a \u062a\u0627\u0631\u06cc\u062e\u06cc \u0648 \u0641\u0631\u0647\u0646\u06af\u06cc \u0642\u0628\u0631\u0633 \u0634\u0645\u0627\u0644\u06cc \u0645\u0645\u0644\u0648 \u0627\u0632 \u0628\u0642\u0627\u06cc\u0627 \u0648 \u0622\u062b\u0627\u0631 \u0628\u0627\u0633\u062a\u0627\u0646\u06cc \u0627\u0633\u062a \u06a9\u0647 \u0622\u062b\u0627\u0631 \u062a\u0645\u062f\u0646 \u0647\u0627\u06cc \u0645\u062e\u062a\u0644\u0641 \u0631\u0627 \u062f\u0631 \u062e\u0648\u062f \u062c\u0627\u06cc \u062f\u0627\u062f\u0647 \u0627\u0633\u062a. \u0628\u0647 \u062f\u0644\u06cc\u0644 \u0645\u0648\u0642\u0639\u06cc\u062a \u0627\u0633\u062a\u0631\u0627\u062a\u0698\u06cc\u06a9 \u062c\u0632\u06cc\u0631\u0647 \u060c \u0645\u06a9\u0627\u0646 \u0647\u0627\u06cc \u062a\u0627\u0631\u06cc\u062e\u06cc \u0645\u0627\u0646\u0646\u062f \u0635\u0648\u0645\u0639\u0647 Bellapais\u060c \u0642\u0644\u0639\u0647 St. Hilarion\u060c \u0634\u0647\u0631 \u0628\u0627\u0633\u062a\u0627\u0646\u06cc Soli\u060c \u06a9\u0627\u0631\u0648\u0627\u0646\u0633\u0631\u0627\u06cc \u0628\u0648\u06cc\u0648\u06a9 \u0647\u0627\u0646 \u06a9\u0647 \u0645\u0631\u0628\u0648\u0637 \u0628\u0647 \u062a\u0645\u062f\u0646 \u0647\u0627\u06cc \u0645\u062e\u062a\u0644\u0641 \u0633\u0627\u06a9\u0646 \u062f\u0631 \u0627\u06cc\u0646\u062c\u0627 \u0647\u0633\u062a\u0646\u062f\u060c \u062a\u0646\u0647\u0627 \u062a\u0639\u062f\u0627\u062f\u06cc \u0627\u0632 \u0622\u0646\u0647\u0627 \u0647\u0633\u062a\u0646\u062f.<\/p>\n\t\t\t\t\t\t\t\t<\/div>\n\t\t\t\t<\/div>\n\t\t\t\t<\/div>\n\t\t<div class=\"elementor-element elementor-element-d48693e e-con-full e-flex e-con e-parent\" data-id=\"d48693e\" data-element_type=\"container\">\n\t\t\t\t<div class=\"elementor-element elementor-element-b1bbba6 turquoise-shadow elementor-invisible elementor-widget elementor-widget-image\" data-id=\"b1bbba6\" data-element_type=\"widget\" data-settings=\"{&quot;_animation&quot;:&quot;fadeIn&quot;,&quot;motion_fx_motion_fx_scrolling&quot;:&quot;yes&quot;,&quot;motion_fx_translateY_effect&quot;:&quot;yes&quot;,&quot;motion_fx_translateY_direction&quot;:&quot;negative&quot;,&quot;motion_fx_translateY_affectedRange&quot;:{&quot;unit&quot;:&quot;%&quot;,&quot;size&quot;:&quot;&quot;,&quot;sizes&quot;:{&quot;start&quot;:20,&quot;end&quot;:80}},&quot;motion_fx_devices&quot;:[&quot;desktop&quot;],&quot;motion_fx_translateY_speed&quot;:{&quot;unit&quot;:&quot;px&quot;,&quot;size&quot;:4,&quot;sizes&quot;:[]}}\" data-widget_type=\"image.default\">\n\t\t\t\t<div class=\"elementor-widget-container\">\n\t\t\t\t\t\t\t\t\t\t\t\t\t\t\t<img fetchpriority=\"high\" decoding=\"async\" width=\"570\" height=\"490\" src=\"https:\/\/alpcans.com\/wp-content\/uploads\/2023\/07\/kibris-1.jpg\" class=\"attachment-full size-full wp-image-4020\" alt=\"Mavi sular\u0131 ve kayal\u0131k u\u00e7urumlar\u0131 olan kayal\u0131k bir k\u0131y\u0131 \u015feridi.\" srcset=\"https:\/\/alpcans.com\/wp-content\/uploads\/2023\/07\/kibris-1.jpg 570w, https:\/\/alpcans.com\/wp-content\/uploads\/2023\/07\/kibris-1-300x258.jpg 300w\" sizes=\"(max-width: 570px) 100vw, 570px\" \/>\t\t\t\t\t\t\t\t\t\t\t\t\t\t\t<\/div>\n\t\t\t\t<\/div>\n\t\t\t\t<\/div>\n\t\t\t\t\t<\/div>\n\t\t\t\t<\/div>\n\t\t<div class=\"elementor-element elementor-element-259a807 e-flex e-con-boxed e-con e-parent\" data-id=\"259a807\" data-element_type=\"container\" data-settings=\"{&quot;background_background&quot;:&quot;classic&quot;}\">\n\t\t\t\t\t<div class=\"e-con-inner\">\n\t\t<div class=\"elementor-element elementor-element-ca5f25c e-con-full e-flex e-con e-parent\" data-id=\"ca5f25c\" data-element_type=\"container\">\n\t\t\t\t<div class=\"elementor-element elementor-element-c53df65 turquoise-shadow elementor-invisible elementor-widget elementor-widget-image\" data-id=\"c53df65\" data-element_type=\"widget\" data-settings=\"{&quot;_animation&quot;:&quot;fadeIn&quot;,&quot;motion_fx_motion_fx_scrolling&quot;:&quot;yes&quot;,&quot;motion_fx_translateY_effect&quot;:&quot;yes&quot;,&quot;motion_fx_translateY_direction&quot;:&quot;negative&quot;,&quot;motion_fx_translateY_affectedRange&quot;:{&quot;unit&quot;:&quot;%&quot;,&quot;size&quot;:&quot;&quot;,&quot;sizes&quot;:{&quot;start&quot;:30,&quot;end&quot;:70}},&quot;motion_fx_devices&quot;:[&quot;desktop&quot;],&quot;motion_fx_translateY_speed&quot;:{&quot;unit&quot;:&quot;px&quot;,&quot;size&quot;:4,&quot;sizes&quot;:[]}}\" data-widget_type=\"image.default\">\n\t\t\t\t<div class=\"elementor-widget-container\">\n\t\t\t\t\t\t\t\t\t\t\t\t\t\t\t<img decoding=\"async\" width=\"570\" height=\"490\" src=\"https:\/\/alpcans.com\/wp-content\/uploads\/2023\/07\/girne-iskele.jpg\" class=\"attachment-full size-full wp-image-4014\" alt=\"\u0130\u00e7inde teknelerin yana\u015ft\u0131\u011f\u0131 marinan\u0131n havadan g\u00f6r\u00fcn\u00fcm\u00fc.\" srcset=\"https:\/\/alpcans.com\/wp-content\/uploads\/2023\/07\/girne-iskele.jpg 570w, https:\/\/alpcans.com\/wp-content\/uploads\/2023\/07\/girne-iskele-300x258.jpg 300w\" sizes=\"(max-width: 570px) 100vw, 570px\" \/>\t\t\t\t\t\t\t\t\t\t\t\t\t\t\t<\/div>\n\t\t\t\t<\/div>\n\t\t\t\t<\/div>\n\t\t<div class=\"elementor-element elementor-element-629cd0d e-con-full fix-rtl-right e-flex e-con e-parent\" data-id=\"629cd0d\" data-element_type=\"container\">\n\t\t\t\t<div class=\"elementor-element elementor-element-2d41827 elementor-invisible elementor-widget elementor-widget-text-editor\" data-id=\"2d41827\" data-element_type=\"widget\" data-settings=\"{&quot;_animation&quot;:&quot;fadeInUp&quot;}\" data-widget_type=\"text-editor.default\">\n\t\t\t\t<div class=\"elementor-widget-container\">\n\t\t\t\t\t\t\t\t\t<p>\u0628\u06cc\u0634 \u0627\u0632 90 \u0647\u0632\u0627\u0631 \u062f\u0627\u0646\u0634\u062c\u0648 \u062f\u0631 \u062c\u0645\u0647\u0648\u0631\u06cc \u062a\u0631\u06a9 \u0642\u0628\u0631\u0633 \u0634\u0645\u0627\u0644\u06cc \u062a\u062d\u0635\u06cc\u0644 \u0645\u06cc \u06a9\u0646\u0646\u062f. \u0642\u0628\u0631\u0633 \u0634\u0645\u0627\u0644\u06cc \u06a9\u0647 \u0628\u0627 \u062f\u0627\u0646\u0634\u06af\u0627\u0647 \u0647\u0627\u06cc \u0628\u06cc\u0646 \u0627\u0644\u0645\u0644\u0644\u06cc \u062e\u0648\u062f \u062c\u0644\u0628 \u062a\u0648\u062c\u0647 \u0645\u06cc \u06a9\u0646\u062f \u0628\u0647 \u062c\u0632\u06cc\u0631\u0647 \u0627\u06cc \u062f\u0627\u0646\u0634\u06af\u0627\u0647\u06cc \u062a\u0628\u062f\u06cc\u0644 \u0634\u062f\u0647 \u0627\u0633\u062a. \u0628\u062e\u0634 \u0647\u0627\u06cc \u0645\u062e\u062a\u0644\u0641 \u0645\u0642\u0627\u0637\u0639 \u06a9\u0627\u0631\u062f\u0627\u0646\u06cc\u060c \u06a9\u0627\u0631\u0634\u0646\u0627\u0633\u06cc\u060c \u06a9\u0627\u0631\u0634\u0646\u0627\u0633\u06cc \u0627\u0631\u0634\u062f \u0648 \u062f\u06a9\u062a\u0631\u06cc \u0648\u062c\u0648\u062f \u062f\u0627\u0631\u062f \u06a9\u0647 \u06af\u0632\u06cc\u0646\u0647 \u0647\u0627\u06cc \u0632\u06cc\u0627\u062f\u06cc \u0628\u0631\u0627\u06cc \u062f\u0627\u0648\u0637\u0644\u0628\u0627\u0646 \u062f\u0627\u0646\u0634\u062c\u0648\u0628\u0647 \u0648\u062c\u0648\u062f \u0622\u0648\u0631\u062f\u0647 \u0627\u0633\u062a . \u062f\u0627\u0646\u0634\u06af\u0627\u0647 \u0647\u0627\u06cc \u0642\u0628\u0631\u0633 \u0634\u0645\u0627\u0644\u06cc \u06cc\u06a9 \u0641\u0631\u0635\u062a \u0639\u0627\u0644\u06cc \u0628\u0631\u0627\u06cc \u062f\u0627\u0648\u0637\u0644\u0628\u0627\u0646 \u062f\u0627\u0646\u0634\u06af\u0627\u0647\u06cc \u0627\u0633\u062a \u06a9\u0647 \u0633\u0631\u0634\u0627\u0631 \u0627\u0632 \u0627\u0639\u062a\u0645\u0627\u062f \u0628\u0647 \u0646\u0641\u0633 \u0648 \u0635\u0644\u062d \u0647\u0633\u062a\u0646\u062f \u0648 \u0628\u0647 \u062a\u062d\u0635\u06cc\u0644\u0627\u062a \u0628\u06cc\u0646 \u0627\u0644\u0645\u0644\u0644\u06cc \u0641\u06a9\u0631 \u0645\u06cc \u06a9\u0646\u0646\u062f.<\/p>\n\t\t\t\t\t\t\t\t<\/div>\n\t\t\t\t<\/div>\n\t\t\t\t<div class=\"elementor-element elementor-element-b6f2041 elementor-invisible elementor-widget elementor-widget-text-editor\" data-id=\"b6f2041\" data-element_type=\"widget\" data-settings=\"{&quot;_animation&quot;:&quot;fadeInUp&quot;}\" data-widget_type=\"text-editor.default\">\n\t\t\t\t<div class=\"elementor-widget-container\">\n\t\t\t\t\t\t\t\t\t<p>\u06cc\u06a9\u06cc \u062f\u06cc\u06af\u0631 \u0627\u0632 \u0648\u06cc\u0698\u06af\u06cc \u0647\u0627\u06cc \u0642\u0628\u0631\u0633 \u0634\u0645\u0627\u0644\u06cc \u0627\u06cc\u0646 \u0627\u0633\u062a \u06a9\u0647 \u0627\u0645\u06a9\u0627\u0646 \u062a\u0639\u0637\u06cc\u0644\u0627\u062a \u0628\u0631\u0627\u06cc \u0647\u0631 \u0645\u0646\u0627\u0633\u0628\u062a\u06cc \u0648\u062c\u0648\u062f \u062f\u0627\u0631\u062f \u0648 \u0633\u0648\u0627\u062d\u0644 \u0637\u0648\u0644\u0627\u0646\u06cc \u0648 \u0632\u06cc\u0628\u0627\u06cc \u0622\u0646 \u0645\u06cc \u062a\u0648\u0627\u0646\u062f \u0628\u0627\u0639\u062b \u0634\u0648\u062f \u0633\u0627\u06a9\u0646\u0627\u0646 \u0622\u0646 \u0627\u062d\u0633\u0627\u0633\u0627\u062a \u0645\u062e\u062a\u0644\u0641\u06cc \u0631\u0627 \u0647\u0645\u0632\u0645\u0627\u0646 \u062a\u062c\u0631\u0628\u0647 \u06a9\u0646\u0646\u062f.  \u0628\u0631\u0627\u06cc \u06a9\u0633\u0627\u0646\u06cc \u06a9\u0647 \u0628\u0647 \u0632\u0646\u062f\u06af\u06cc \u0634\u0628\u0627\u0646\u0647 \u0639\u0644\u0627\u0642\u0647 \u062f\u0627\u0631\u0646\u062f\u060c \u0628\u0627\u0631\u0647\u0627\u060c \u0645\u06cc\u062e\u0648\u0646\u0647 \u0647\u0627\u060c \u06a9\u0644\u0648\u067e \u0647\u0627\u06cc \u0634\u0628\u0627\u0646\u0647 \u0648 \u06a9\u0627\u0632\u06cc\u0646\u0648\u0647\u0627\u06cc \u0632\u06cc\u0627\u062f\u06cc \u062f\u0631 \u0642\u0628\u0631\u0633 \u0634\u0645\u0627\u0644\u06cc \u0648\u062c\u0648\u062f \u062f\u0627\u0631\u062f. \u0628\u0631\u0627\u06cc \u06a9\u0633\u0627\u0646\u06cc \u06a9\u0647 \u0628\u0647 \u0632\u0646\u062f\u06af\u06cc \u0634\u0628\u0627\u0646\u0647 \u0639\u0644\u0627\u0642\u0647 \u062f\u0627\u0631\u0646\u062f\u060c \u0628\u0627\u0631\u0647\u0627\u060c \u0645\u06cc\u062e\u0648\u0646\u0647 \u0647\u0627\u060c \u06a9\u0644\u0648\u067e \u0647\u0627\u06cc \u0634\u0628\u0627\u0646\u0647 \u0648 \u06a9\u0627\u0632\u06cc\u0646\u0648\u0647\u0627\u06cc \u0632\u06cc\u0627\u062f\u06cc \u062f\u0631 \u0642\u0628\u0631\u0633 \u0634\u0645\u0627\u0644\u06cc \u0648\u062c\u0648\u062f \u062f\u0627\u0631\u062f.<\/p>\n\t\t\t\t\t\t\t\t<\/div>\n\t\t\t\t<\/div>\n\t\t\t\t<div class=\"elementor-element elementor-element-b8f0c3a elementor-invisible elementor-widget elementor-widget-text-editor\" data-id=\"b8f0c3a\" data-element_type=\"widget\" data-settings=\"{&quot;_animation&quot;:&quot;fadeInUp&quot;}\" data-widget_type=\"text-editor.default\">\n\t\t\t\t<div class=\"elementor-widget-container\">\n\t\t\t\t\t\t\t\t\t<p>\u062f\u0631 \u0645\u0648\u0631\u062f \u0645\u0631\u062f\u0645 \u062c\u0632\u06cc\u0631\u0647\u060c \u0633\u0627\u062e\u062a\u0627\u0631\u06cc \u062f\u0627\u0631\u062f \u06a9\u0647 \u0628\u0627 \u0645\u0647\u0645\u0627\u0646 \u0646\u0648\u0627\u0632\u06cc \u0648 \u0645\u0647\u0631\u0628\u0627\u0646\u06cc \u067e\u0630\u06cc\u0631\u0627\u06cc \u0647\u0645\u06af\u0627\u0646 \u0627\u0633\u062a \u0648 \u0628\u0627\u0631\u0632\u062a\u0631\u06cc\u0646 \u0648\u06cc\u0698\u06af\u06cc \u0647\u0627\u06cc \u0645\u0631\u062f\u0645 \u0645\u062f\u06cc\u062a\u0631\u0627\u0646\u0647 \u0631\u0627 \u062f\u0631 \u062e\u0648\u062f \u062f\u0627\u0631\u062f.<\/p>\n\t\t\t\t\t\t\t\t<\/div>\n\t\t\t\t<\/div>\n\t\t\t\t<div class=\"elementor-element elementor-element-14b5e6b elementor-invisible elementor-widget elementor-widget-text-editor\" data-id=\"14b5e6b\" data-element_type=\"widget\" data-settings=\"{&quot;_animation&quot;:&quot;fadeInUp&quot;}\" data-widget_type=\"text-editor.default\">\n\t\t\t\t<div class=\"elementor-widget-container\">\n\t\t\t\t\t\t\t\t\t<p>\u0642\u0628\u0631\u0633 \u0634\u0645\u0627\u0644\u06cc\u060c \u0622\u0628 \u0648 \u0647\u0648\u0627\u06cc \u0645\u0639\u062a\u062f\u0644 \u0645\u062f\u06cc\u062a\u0631\u0627\u0646\u0647 \u0634\u0631\u0642\u06cc \u0628\u0627 \u062a\u0627\u0628\u0633\u062a\u0627\u0646 \u0647\u0627\u06cc \u06af\u0631\u0645 \u0648 \u0632\u0645\u0633\u062a\u0627\u0646 \u0647\u0627\u06cc \u06a9\u0648\u062a\u0627\u0647 \u0648 \u0645\u0639\u062a\u062f\u0644 \u062f\u0627\u0631\u062f. \u0642\u0628\u0631\u0633 \u0634\u0645\u0627\u0644\u06cc \u06a9\u0647 \u062f\u0631\u0647\u0627\u06cc \u062e\u0648\u062f \u0631\u0627 \u0628\u0647 \u0631\u0648\u06cc \u06af\u0631\u062f\u0634\u06af\u0631\u0627\u0646 \u0628\u0633\u06cc\u0627\u0631\u06cc \u0627\u0632 \u0646\u0642\u0627\u0637 \u062c\u0647\u0627\u0646 \u0628\u0627\u0632 \u0645\u06cc \u06a9\u0646\u062f\u060c \u0647\u0645\u0686\u0646\u0627\u0646 \u0634\u0628\u0627\u0646\u0647 \u0631\u0648\u0632 \u0645\u0647\u0645\u0627\u0646\u0627\u0646 \u062e\u0648\u062f \u0631\u0627 \u0645\u062c\u0630\u0648\u0628 \u062e\u0648\u062f \u0645\u06cc \u06a9\u0646\u062f.<\/p>\n\t\t\t\t\t\t\t\t<\/div>\n\t\t\t\t<\/div>\n\t\t\t\t<\/div>\n\t\t\t\t\t<\/div>\n\t\t\t\t<\/div>\n\t\t<div class=\"elementor-element elementor-element-0ec0eff e-flex e-con-boxed e-con e-parent\" data-id=\"0ec0eff\" data-element_type=\"container\">\n\t\t\t\t\t<div class=\"e-con-inner\">\n\t\t\t\t<div class=\"elementor-element elementor-element-87c5b18 elementor-position-right elementor-widget__width-initial elementor-widget-tablet__width-inherit elementor-view-default elementor-widget elementor-widget-icon-box\" data-id=\"87c5b18\" data-element_type=\"widget\" data-widget_type=\"icon-box.default\">\n\t\t\t\t<div class=\"elementor-widget-container\">\n\t\t\t\t\t\t\t<div class=\"elementor-icon-box-wrapper\">\n\n\t\t\t\t\t\t<div class=\"elementor-icon-box-icon\">\n\t\t\t\t<a href=\"https:\/\/alpcans.com\/fa\/%d9%82%d8%a8%d8%b1%d8%b3-%d8%b4%d9%85%d8%a7%d9%84%db%8c\/%d9%85%d8%b2%d8%a7%db%8c%d8%a7%db%8c-%d8%b3%d8%b1%d9%85%d8%a7%db%8c%d9%87-%da%af%d8%b0%d8%a7%d8%b1%db%8c-%d8%af%d8%b1-%d9%82%d8%a8%d8%b1%d8%b3\/\" class=\"elementor-icon\" tabindex=\"-1\" aria-label=\"\u0645\u0632\u0627\u06cc\u0627\u06cc \u0633\u0631\u0645\u0627\u06cc\u0647 \u06af\u0630\u0627\u0631\u06cc \u062f\u0631 \u0642\u0628\u0631\u0633 \u0634\u0645\u0627\u0644\u06cc\">\n\t\t\t\t<svg aria-hidden=\"true\" class=\"e-font-icon-svg e-fas-chevron-right\" viewBox=\"0 0 320 512\" xmlns=\"http:\/\/www.w3.org\/2000\/svg\"><path d=\"M285.476 272.971L91.132 467.314c-9.373 9.373-24.569 9.373-33.941 0l-22.667-22.667c-9.357-9.357-9.375-24.522-.04-33.901L188.505 256 34.484 101.255c-9.335-9.379-9.317-24.544.04-33.901l22.667-22.667c9.373-9.373 24.569-9.373 33.941 0L285.475 239.03c9.373 9.372 9.373 24.568.001 33.941z\"><\/path><\/svg>\t\t\t\t<\/a>\n\t\t\t<\/div>\n\t\t\t\n\t\t\t\t\t\t<div class=\"elementor-icon-box-content\">\n\n\t\t\t\t\t\t\t\t\t<h2 class=\"elementor-icon-box-title\">\n\t\t\t\t\t\t<a href=\"https:\/\/alpcans.com\/fa\/%d9%82%d8%a8%d8%b1%d8%b3-%d8%b4%d9%85%d8%a7%d9%84%db%8c\/%d9%85%d8%b2%d8%a7%db%8c%d8%a7%db%8c-%d8%b3%d8%b1%d9%85%d8%a7%db%8c%d9%87-%da%af%d8%b0%d8%a7%d8%b1%db%8c-%d8%af%d8%b1-%d9%82%d8%a8%d8%b1%d8%b3\/\" >\n\t\t\t\t\t\t\t\u0645\u0632\u0627\u06cc\u0627\u06cc \u0633\u0631\u0645\u0627\u06cc\u0647 \u06af\u0630\u0627\u0631\u06cc \u062f\u0631 \u0642\u0628\u0631\u0633 \u0634\u0645\u0627\u0644\u06cc\t\t\t\t\t\t<\/a>\n\t\t\t\t\t<\/h2>\n\t\t\t\t\n\t\t\t\t\n\t\t\t<\/div>\n\t\t\t\n\t\t<\/div>\n\t\t\t\t\t\t<\/div>\n\t\t\t\t<\/div>\n\t\t\t\t\t<\/div>\n\t\t\t\t<\/div>\n\t\t\t\t<\/div>\n\t\t","protected":false},"excerpt":{"rendered":"<p>\u062c\u0645\u0647\u0648\u0631\u06cc \u062a\u0631\u06a9 \u0642\u0628\u0631\u0633 \u0634\u0645\u0627\u0644\u06cc \u0642\u0628\u0631\u0633 \u0642\u0628\u0631\u0633 \u0634\u0645\u0627\u0644\u06cc \u0628\u0627 \u0632\u06cc\u0628\u0627\u06cc\u06cc \u0647\u0627\u06cc \u0646\u0627\u0628 \u062c\u0632\u06cc\u0631\u0647\u060c \u0622\u0628 \u0648 \u0647\u0648\u0627\u06cc \u0645\u0637\u0628\u0648\u0639\u060c \u0645\u0631\u062f\u0645\u0627\u0646\u06cc \u062f\u0644\u0633\u0648\u0632 \u0648 \u0635\u0645\u06cc\u0645\u06cc\u060c \u063a\u0630\u0627\u0647\u0627\u06cc \u0645\u062a\u0646\u0648\u0639 \u0648 \u0645\u062d\u0644\u06cc\u061b \u0628\u0647 \u0628\u0627\u0632\u062f\u06cc\u062f\u06a9\u0646\u0646\u062f\u06af\u0627\u0646\u06cc \u06a9\u0647 \u0628\u0647 \u0627\u06cc\u0646\u062c\u0627 \u0645\u06cc \u0622\u06cc\u0646\u062f \u0627\u062c\u0627\u0632\u0647 \u0645\u06cc\u062f\u0647\u062f \u0627\u0632 \u0627\u0633\u062a\u0631\u0633 \u0648 \u0634\u0644\u0648\u063a\u06cc \u0632\u0646\u062f\u06af\u06cc \u0634\u0647\u0631\u06cc \u0641\u0631\u0627\u0631 \u06a9\u0646\u0646\u062f \u0648 \u062f\u0631 \u0645\u062d\u06cc\u0637\u06cc \u0622\u0631\u0627\u0645 \u0648 \u0622\u0632\u0627\u062f \u0627\u0633\u062a\u0631\u0627\u062d\u062a \u06a9\u0646\u0646\u062f. \u062f\u0631 \u0645\u06cc\u0627\u0646 \u0645\u0647\u0645\u062a\u0631\u06cc\u0646 \u0646\u06cc\u0627\u0632\u0647\u0627\u06cc \u0627\u0646\u0633\u0627\u0646\u060c \u0627\u0645\u0646\u06cc\u062a [&hellip;]<\/p>\n","protected":false},"author":1,"featured_media":4026,"parent":0,"menu_order":0,"comment_status":"closed","ping_status":"closed","template":"","meta":{"site-sidebar-layout":"no-sidebar","site-content-layout":"page-builder","ast-site-content-layout":"default","site-content-style":"default","site-sidebar-style":"default","ast-global-header-display":"","ast-banner-title-visibility":"","ast-main-header-display":"","ast-hfb-above-header-display":"","ast-hfb-below-header-display":"","ast-hfb-mobile-header-display":"","site-post-title":"disabled","ast-breadcrumbs-content":"","ast-featured-img":"disabled","footer-sml-layout":"","theme-transparent-header-meta":"","adv-header-id-meta":"","stick-header-meta":"","header-above-stick-meta":"","header-main-stick-meta":"","header-below-stick-meta":"","astra-migrate-meta-layouts":"default","ast-page-background-enabled":"default","ast-page-background-meta":{"desktop":{"background-color":"var(--ast-global-color-4)","background-image":"","background-repeat":"repeat","background-position":"center center","background-size":"auto","background-attachment":"scroll","background-type":"","background-media":"","overlay-type":"","overlay-color":"","overlay-opacity":"","overlay-gradient":""},"tablet":{"background-color":"","background-image":"","background-repeat":"repeat","background-position":"center center","background-size":"auto","background-attachment":"scroll","background-type":"","background-media":"","overlay-type":"","overlay-color":"","overlay-opacity":"","overlay-gradient":""},"mobile":{"background-color":"","background-image":"","background-repeat":"repeat","background-position":"center center","background-size":"auto","background-attachment":"scroll","background-type":"","background-media":"","overlay-type":"","overlay-color":"","overlay-opacity":"","overlay-gradient":""}},"ast-content-background-meta":{"desktop":{"background-color":"var(--ast-global-color-5)","background-image":"","background-repeat":"repeat","background-position":"center center","background-size":"auto","background-attachment":"scroll","background-type":"","background-media":"","overlay-type":"","overlay-color":"","overlay-opacity":"","overlay-gradient":""},"tablet":{"background-color":"var(--ast-global-color-5)","background-image":"","background-repeat":"repeat","background-position":"center center","background-size":"auto","background-attachment":"scroll","background-type":"","background-media":"","overlay-type":"","overlay-color":"","overlay-opacity":"","overlay-gradient":""},"mobile":{"background-color":"var(--ast-global-color-5)","background-image":"","background-repeat":"repeat","background-position":"center center","background-size":"auto","background-attachment":"scroll","background-type":"","background-media":"","overlay-type":"","overlay-color":"","overlay-opacity":"","overlay-gradient":""}},"footnotes":""},"rightplace-folders":[],"class_list":["post-2377","page","type-page","status-publish","has-post-thumbnail","hentry"],"_links":{"self":[{"href":"https:\/\/alpcans.com\/fa\/wp-json\/wp\/v2\/pages\/2377","targetHints":{"allow":["GET"]}}],"collection":[{"href":"https:\/\/alpcans.com\/fa\/wp-json\/wp\/v2\/pages"}],"about":[{"href":"https:\/\/alpcans.com\/fa\/wp-json\/wp\/v2\/types\/page"}],"author":[{"embeddable":true,"href":"https:\/\/alpcans.com\/fa\/wp-json\/wp\/v2\/users\/1"}],"replies":[{"embeddable":true,"href":"https:\/\/alpcans.com\/fa\/wp-json\/wp\/v2\/comments?post=2377"}],"version-history":[{"count":0,"href":"https:\/\/alpcans.com\/fa\/wp-json\/wp\/v2\/pages\/2377\/revisions"}],"wp:featuredmedia":[{"embeddable":true,"href":"https:\/\/alpcans.com\/fa\/wp-json\/wp\/v2\/media\/4026"}],"wp:attachment":[{"href":"https:\/\/alpcans.com\/fa\/wp-json\/wp\/v2\/media?parent=2377"}],"wp:term":[{"taxonomy":"rightplace_folder","embeddable":true,"href":"https:\/\/alpcans.com\/fa\/wp-json\/wp\/v2\/rightplace-folders?post=2377"}],"curies":[{"name":"wp","href":"https:\/\/api.w.org\/{rel}","templated":true}]}}