{"id":2310,"date":"2023-03-27T14:06:56","date_gmt":"2023-03-27T11:06:56","guid":{"rendered":"http:\/\/alpcans.com\/%d0%b4%d0%be%d0%bc%d0%b0%d1%88%d0%bd%d1%8f%d1%8f-%d1%81%d1%82%d1%80%d0%b0%d0%bd%d0%b8%d1%86%d0%b0\/"},"modified":"2023-07-16T22:36:43","modified_gmt":"2023-07-16T19:36:43","slug":"%d0%b4%d0%be%d0%bc%d0%b0%d1%88%d0%bd%d1%8f%d1%8f-%d1%81%d1%82%d1%80%d0%b0%d0%bd%d0%b8%d1%86%d0%b0","status":"publish","type":"page","link":"https:\/\/alpcans.com\/ru\/","title":{"rendered":"\u0414\u043e\u043c\u0430\u0448\u043d\u044f\u044f \u0441\u0442\u0440\u0430\u043d\u0438\u0446\u0430"},"content":{"rendered":"\t\t<div data-elementor-type=\"wp-page\" data-elementor-id=\"2310\" class=\"elementor elementor-2310 elementor-14\" data-elementor-post-type=\"page\">\n\t\t\t\t<div class=\"elementor-element elementor-element-60267cb e-con-full e-flex e-con e-parent\" data-id=\"60267cb\" data-element_type=\"container\">\n\t\t\t\t<div class=\"elementor-element elementor-element-3cc5638 elementor--h-position-center elementor--v-position-middle elementor-arrows-position-inside elementor-widget elementor-widget-slides\" data-id=\"3cc5638\" data-element_type=\"widget\" data-settings=\"{&quot;navigation&quot;:&quot;arrows&quot;,&quot;autoplay_speed&quot;:10000,&quot;autoplay&quot;:&quot;yes&quot;,&quot;pause_on_hover&quot;:&quot;yes&quot;,&quot;pause_on_interaction&quot;:&quot;yes&quot;,&quot;infinite&quot;:&quot;yes&quot;,&quot;transition&quot;:&quot;slide&quot;,&quot;transition_speed&quot;:500}\" data-widget_type=\"slides.default\">\n\t\t\t\t<div class=\"elementor-widget-container\">\n\t\t\t\t\t\t\t\t\t<div class=\"elementor-swiper\">\n\t\t\t\t\t<div class=\"elementor-slides-wrapper elementor-main-swiper swiper\" role=\"region\" aria-roledescription=\"carousel\" aria-label=\"\u0421\u043b\u0430\u0439\u0434\u0435\u0440\" dir=\"ltr\" data-animation=\"fadeInUp\">\n\t\t\t\t<div class=\"swiper-wrapper elementor-slides\">\n\t\t\t\t\t\t\t\t\t\t<div class=\"elementor-repeater-item-aa6937e swiper-slide\" role=\"group\" aria-roledescription=\"slide\"><div class=\"swiper-slide-bg elementor-ken-burns elementor-ken-burns--in\" role=\"img\"><\/div><div class=\"elementor-background-overlay\"><\/div><a class=\"swiper-slide-inner\" href=\"https:\/\/alpcans.com\/ru\/proje\/alpcan-towers-key-west\/\"><div class=\"swiper-slide-contents\"><div class=\"elementor-slide-heading\">Alpcan Towers Key West<\/div><div class=\"elementor-slide-description\"><p>\u041d\u0430\u0441\u043b\u0430\u0436\u0434\u0430\u0439\u0442\u0435\u0441\u044c \u041a\u0438\u043f\u0440\u043e\u043c<\/p>\n<\/div><div  class=\"elementor-button elementor-slide-button elementor-size-sm\">\u0418\u0441\u0441\u043b\u0435\u0434\u0443\u0439\u0442\u0435 \u043f\u0440\u043e\u0435\u043a\u0442<\/div><\/div><\/a><\/div>\t\t\t\t<\/div>\n\t\t\t\t\t\t\t<\/div>\n\t\t\t\t<\/div>\n\t\t\t\t\t\t\t\t<\/div>\n\t\t\t\t<\/div>\n\t\t\t\t<div class=\"elementor-element elementor-element-27eb43e elementor-absolute elementor-hidden-tablet elementor-hidden-mobile elementor-widget elementor-widget-html\" data-id=\"27eb43e\" data-element_type=\"widget\" data-settings=\"{&quot;_position&quot;:&quot;absolute&quot;}\" data-widget_type=\"html.default\">\n\t\t\t\t<div class=\"elementor-widget-container\">\n\t\t\t\t\t<a class=\"hero-mouse anchor\" href=\"#hakkimizda\">\n  <div class=\"mouse-icon\"><span><\/span><\/div>\n<\/a>\t\t\t\t<\/div>\n\t\t\t\t<\/div>\n\t\t\t\t<\/div>\n\t\t<div class=\"elementor-element elementor-element-6408bd29 e-flex e-con-boxed e-con e-parent\" data-id=\"6408bd29\" data-element_type=\"container\" id=\"hakkimizda\" data-settings=\"{&quot;background_background&quot;:&quot;classic&quot;}\">\n\t\t\t\t\t<div class=\"e-con-inner\">\n\t\t<div class=\"elementor-element elementor-element-242cceb e-con-full e-flex e-con e-parent\" data-id=\"242cceb\" data-element_type=\"container\">\n\t\t\t\t<div class=\"elementor-element elementor-element-387c415 elementor-invisible elementor-widget elementor-widget-heading\" data-id=\"387c415\" data-element_type=\"widget\" data-settings=\"{&quot;motion_fx_motion_fx_scrolling&quot;:&quot;yes&quot;,&quot;motion_fx_translateY_effect&quot;:&quot;yes&quot;,&quot;motion_fx_translateY_direction&quot;:&quot;negative&quot;,&quot;motion_fx_translateY_speed&quot;:{&quot;unit&quot;:&quot;px&quot;,&quot;size&quot;:1,&quot;sizes&quot;:[]},&quot;_animation&quot;:&quot;fadeInDown&quot;,&quot;motion_fx_translateY_affectedRange&quot;:{&quot;unit&quot;:&quot;%&quot;,&quot;size&quot;:&quot;&quot;,&quot;sizes&quot;:{&quot;start&quot;:25,&quot;end&quot;:75}},&quot;motion_fx_devices&quot;:[&quot;desktop&quot;,&quot;tablet&quot;,&quot;mobile&quot;]}\" data-widget_type=\"heading.default\">\n\t\t\t\t<div class=\"elementor-widget-container\">\n\t\t\t\t\t<h2 class=\"elementor-heading-title elementor-size-default\">\u041e \u041d\u0410\u0421<\/h2>\t\t\t\t<\/div>\n\t\t\t\t<\/div>\n\t\t\t\t<\/div>\n\t\t<div class=\"elementor-element elementor-element-96c6d59 e-con-full fix-rtl-left e-flex e-con e-parent\" data-id=\"96c6d59\" data-element_type=\"container\">\n\t\t\t\t<div class=\"elementor-element elementor-element-4ed796c8 elementor-invisible elementor-widget elementor-widget-heading\" data-id=\"4ed796c8\" data-element_type=\"widget\" data-settings=\"{&quot;_animation&quot;:&quot;fadeInUp&quot;}\" data-widget_type=\"heading.default\">\n\t\t\t\t<div class=\"elementor-widget-container\">\n\t\t\t\t\t<h2 class=\"elementor-heading-title elementor-size-default\">\u041f\u043e\u0447\u0435\u043c\u0443 ALPCANS?<\/h2>\t\t\t\t<\/div>\n\t\t\t\t<\/div>\n\t\t\t\t<div class=\"elementor-element elementor-element-19ac0af4 elementor-invisible elementor-widget elementor-widget-text-editor\" data-id=\"19ac0af4\" data-element_type=\"widget\" data-settings=\"{&quot;_animation&quot;:&quot;fadeInUp&quot;}\" data-widget_type=\"text-editor.default\">\n\t\t\t\t<div class=\"elementor-widget-container\">\n\t\t\t\t\t\t\t\t\t<p>\u0421 \u0441\u0430\u043c\u043e\u0433\u043e \u043f\u0435\u0440\u0432\u043e\u0433\u043e \u0434\u043d\u044f \u043d\u0430\u0448\u0435\u0439 \u0440\u0430\u0431\u043e\u0442\u044b \u043e\u0434\u043d\u0438\u043c\u0438 \u0438\u0437 \u043d\u0430\u0448\u0438\u0445 \u0441\u0430\u043c\u044b\u0445 \u0432\u0430\u0436\u043d\u044b\u0445 \u0446\u0435\u043d\u043d\u043e\u0441\u0442\u0435\u0439 \u0434\u043b\u044f \u043d\u0430\u0441 \u0431\u044b\u043b\u0438 \u0447\u0435\u0441\u0442\u043d\u043e\u0441\u0442\u044c, \u043f\u0435\u0440\u0444\u0435\u043a\u0446\u0438\u043e\u043d\u0438\u0437\u043c, \u043a\u043e\u043c\u0430\u043d\u0434\u043d\u044b\u0439 \u0434\u0443\u0445, \u0438\u043d\u043d\u043e\u0432\u0430\u0446\u0438\u0438, \u043e\u0442\u0432\u0435\u0442\u0441\u0442\u0432\u0435\u043d\u043d\u043e\u0441\u0442\u044c, \u0441\u0442\u0430\u0431\u0438\u043b\u044c\u043d\u043e\u0441\u0442\u044c \u0438 \u043f\u0440\u0435\u0434\u043f\u0440\u0438\u0438\u043c\u0447\u0438\u0432\u043e\u0441\u0442\u044c.<\/p>\n\t\t\t\t\t\t\t\t<\/div>\n\t\t\t\t<\/div>\n\t\t\t\t<div class=\"elementor-element elementor-element-6e5b0af elementor-invisible elementor-widget elementor-widget-text-editor\" data-id=\"6e5b0af\" data-element_type=\"widget\" data-settings=\"{&quot;_animation&quot;:&quot;fadeInUp&quot;}\" data-widget_type=\"text-editor.default\">\n\t\t\t\t<div class=\"elementor-widget-container\">\n\t\t\t\t\t\t\t\t\t<p>\u041c\u044b \u043e\u0441\u043d\u043e\u0432\u044b\u0432\u0430\u0435\u043c\u0441\u044f \u043d\u0430 \u043f\u0440\u0438\u043d\u0446\u0438\u043f\u0435 \u043f\u0440\u043e\u0437\u0440\u0430\u0447\u043d\u043e\u0441\u0442\u0438 \u043f\u043e \u043e\u0442\u043d\u043e\u0448\u0435\u043d\u0438\u044e \u043a \u043d\u0430\u0448\u0438\u043c \u043a\u043b\u0438\u0435\u043d\u0442\u0430\u043c, \u0434\u0435\u043b\u043e\u0432\u044b\u043c \u043f\u0430\u0440\u0442\u043d\u0435\u0440\u0430\u043c \u0438 \u0441\u043e\u0442\u0440\u0443\u0434\u043d\u0438\u043a\u0430\u043c. \u0411\u043b\u0430\u0433\u043e\u0434\u0430\u0440\u044f \u0443\u043c\u0435\u043d\u0438\u044e, \u0437\u043d\u0430\u043d\u0438\u044f\u043c \u0438 \u043e\u043f\u044b\u0442\u0443, \u043a\u043e\u0442\u043e\u0440\u044b\u0435 \u043c\u044b \u043f\u0440\u0438\u043e\u0431\u0440\u0435\u043b\u0438, \u043c\u044b \u0443\u0432\u0435\u0440\u0435\u043d\u043d\u043e \u0448\u0430\u0433\u0430\u0435\u043c \u0432\u043f\u0435\u0440\u0435\u0434.<\/p>\n\t\t\t\t\t\t\t\t<\/div>\n\t\t\t\t<\/div>\n\t\t\t\t<div class=\"elementor-element elementor-element-e2cfce1 elementor-invisible elementor-widget elementor-widget-text-editor\" data-id=\"e2cfce1\" data-element_type=\"widget\" data-settings=\"{&quot;_animation&quot;:&quot;fadeInUp&quot;}\" data-widget_type=\"text-editor.default\">\n\t\t\t\t<div class=\"elementor-widget-container\">\n\t\t\t\t\t\t\t\t\t<p>\u0412\u0441\u0435\u0433\u043e \u0437\u0430 \u043d\u0435\u0441\u043a\u043e\u043b\u044c\u043a\u043e \u043b\u0435\u0442 \u043a\u043e\u043c\u043f\u0430\u043d\u0438\u044f Alpcans \u0443\u0441\u043f\u0435\u0448\u043d\u043e \u0440\u0435\u0430\u043b\u0438\u0437\u043e\u0432\u0430\u043b\u0430 \u043a\u0430\u0447\u0435\u0441\u0442\u0432\u0435\u043d\u043d\u044b\u0435 \u043f\u0440\u043e\u0435\u043a\u0442\u044b. \u0422\u0430\u043a\u0438\u0435 \u043f\u0440\u043e\u0435\u043a\u0442\u044b, \u043a\u0430\u043a Alpcan Towers \u0432 \u041b\u0435\u0444\u043a\u0435 \u0413\u0435\u043c\u0438\u043a\u043e\u043d\u0430\u0433\u0438, Alpcan Towers Mira, Alpcan Prestige Houses \u0432 \u0413\u044e\u0437\u0435\u043b\u044e\u0440\u0442\u0435 \u0438 Alpcan Towers Key West \u0432 \u0413\u0430\u0437\u0438\u0432\u0435\u0440\u0435\u043d\u0435, \u044f\u0432\u043b\u044f\u044e\u0442\u0441\u044f \u043e\u0434\u043d\u0438\u043c\u0438 \u0438\u0437 \u043d\u0430\u0448\u0438\u0445 \u043f\u0440\u043e\u0435\u043a\u0442\u043e\u0432, \u043a\u043e\u0442\u043e\u0440\u044b\u0435 \u0440\u0430\u0434\u0443\u044e\u0442 \u043d\u0430\u0448\u0438\u0445 \u043a\u043b\u0438\u0435\u043d\u0442\u043e\u0432 \u0438 \u0438\u043d\u0432\u0435\u0441\u0442\u043e\u0440\u043e\u0432.<\/p>\n\t\t\t\t\t\t\t\t<\/div>\n\t\t\t\t<\/div>\n\t\t\t\t<\/div>\n\t\t<div class=\"elementor-element elementor-element-2c6d96e4 e-con-full e-flex e-con e-parent\" data-id=\"2c6d96e4\" data-element_type=\"container\">\n\t\t\t\t<div class=\"elementor-element elementor-element-4cf142b5 turquoise-shadow elementor-invisible elementor-widget elementor-widget-image\" data-id=\"4cf142b5\" data-element_type=\"widget\" data-settings=\"{&quot;_animation&quot;:&quot;fadeIn&quot;}\" data-widget_type=\"image.default\">\n\t\t\t\t<div class=\"elementor-widget-container\">\n\t\t\t\t\t\t\t\t\t\t\t\t\t\t\t<img fetchpriority=\"high\" decoding=\"async\" width=\"1024\" height=\"611\" src=\"https:\/\/alpcans.com\/wp-content\/uploads\/2023\/07\/alpcan-towers-key-west-outdoor-general-1024x611.jpg\" class=\"attachment-large size-large wp-image-4245\" alt=\"Bir otelin yak\u0131n\u0131ndaki y\u00fczme havuzunun havadan g\u00f6r\u00fcn\u00fcm\u00fc.\" srcset=\"https:\/\/alpcans.com\/wp-content\/uploads\/2023\/07\/alpcan-towers-key-west-outdoor-general-1024x611.jpg 1024w, https:\/\/alpcans.com\/wp-content\/uploads\/2023\/07\/alpcan-towers-key-west-outdoor-general-300x179.jpg 300w, https:\/\/alpcans.com\/wp-content\/uploads\/2023\/07\/alpcan-towers-key-west-outdoor-general-768x458.jpg 768w, https:\/\/alpcans.com\/wp-content\/uploads\/2023\/07\/alpcan-towers-key-west-outdoor-general-1536x917.jpg 1536w, https:\/\/alpcans.com\/wp-content\/uploads\/2023\/07\/alpcan-towers-key-west-outdoor-general.jpg 1810w\" sizes=\"(max-width: 1024px) 100vw, 1024px\" \/>\t\t\t\t\t\t\t\t\t\t\t\t\t\t\t<\/div>\n\t\t\t\t<\/div>\n\t\t\t\t<\/div>\n\t\t\t\t\t<\/div>\n\t\t\t\t<\/div>\n\t\t<div class=\"elementor-element elementor-element-f33d4b2 e-con-full e-flex e-con e-parent\" data-id=\"f33d4b2\" data-element_type=\"container\" data-settings=\"{&quot;background_background&quot;:&quot;classic&quot;}\">\n\t\t\t\t<div class=\"elementor-element elementor-element-d2a30eb elementor-invisible elementor-widget elementor-widget-heading\" data-id=\"d2a30eb\" data-element_type=\"widget\" data-settings=\"{&quot;motion_fx_motion_fx_scrolling&quot;:&quot;yes&quot;,&quot;motion_fx_translateY_effect&quot;:&quot;yes&quot;,&quot;motion_fx_translateY_direction&quot;:&quot;negative&quot;,&quot;motion_fx_translateY_speed&quot;:{&quot;unit&quot;:&quot;px&quot;,&quot;size&quot;:1,&quot;sizes&quot;:[]},&quot;_animation&quot;:&quot;fadeInDown&quot;,&quot;motion_fx_translateY_affectedRange&quot;:{&quot;unit&quot;:&quot;%&quot;,&quot;size&quot;:&quot;&quot;,&quot;sizes&quot;:{&quot;start&quot;:25,&quot;end&quot;:75}},&quot;motion_fx_devices&quot;:[&quot;desktop&quot;,&quot;tablet&quot;,&quot;mobile&quot;]}\" data-widget_type=\"heading.default\">\n\t\t\t\t<div class=\"elementor-widget-container\">\n\t\t\t\t\t<h2 class=\"elementor-heading-title elementor-size-default\">\u041f\u0420\u041e\u0415\u041a\u0422\u042b<\/h2>\t\t\t\t<\/div>\n\t\t\t\t<\/div>\n\t\t<a class=\"elementor-element elementor-element-86951e7 e-con-full e-flex e-con e-parent\" data-id=\"86951e7\" data-element_type=\"container\" data-settings=\"{&quot;background_background&quot;:&quot;classic&quot;}\" href=\"https:\/\/alpcans.com\/ru\/%d0%bf%d1%80%d0%be%d0%b5%d0%ba%d1%82%d1%8b\/\">\n\t\t\t\t<div class=\"elementor-element elementor-element-9739c28 elementor-widget elementor-widget-heading\" data-id=\"9739c28\" data-element_type=\"widget\" data-widget_type=\"heading.default\">\n\t\t\t\t<div class=\"elementor-widget-container\">\n\t\t\t\t\t<h2 class=\"elementor-heading-title elementor-size-default\">\u041d\u0410\u0428\u0418 \u041f\u0420\u041e\u0415\u041a\u0422\u042b<\/h2>\t\t\t\t<\/div>\n\t\t\t\t<\/div>\n\t\t\t\t<\/a>\n\t\t\t\t<\/div>\n\t\t\t\t<\/div>\n\t\t","protected":false},"excerpt":{"rendered":"<p>Alpcan Towers Key West \u041d\u0430\u0441\u043b\u0430\u0436\u0434\u0430\u0439\u0442\u0435\u0441\u044c \u041a\u0438\u043f\u0440\u043e\u043c \u0418\u0441\u0441\u043b\u0435\u0434\u0443\u0439\u0442\u0435 \u043f\u0440\u043e\u0435\u043a\u0442 \u041e \u041d\u0410\u0421 \u041f\u043e\u0447\u0435\u043c\u0443 ALPCANS? \u0421 \u0441\u0430\u043c\u043e\u0433\u043e \u043f\u0435\u0440\u0432\u043e\u0433\u043e \u0434\u043d\u044f \u043d\u0430\u0448\u0435\u0439 \u0440\u0430\u0431\u043e\u0442\u044b \u043e\u0434\u043d\u0438\u043c\u0438 \u0438\u0437 \u043d\u0430\u0448\u0438\u0445 \u0441\u0430\u043c\u044b\u0445 \u0432\u0430\u0436\u043d\u044b\u0445 \u0446\u0435\u043d\u043d\u043e\u0441\u0442\u0435\u0439 \u0434\u043b\u044f \u043d\u0430\u0441 \u0431\u044b\u043b\u0438 \u0447\u0435\u0441\u0442\u043d\u043e\u0441\u0442\u044c, \u043f\u0435\u0440\u0444\u0435\u043a\u0446\u0438\u043e\u043d\u0438\u0437\u043c, \u043a\u043e\u043c\u0430\u043d\u0434\u043d\u044b\u0439 \u0434\u0443\u0445, \u0438\u043d\u043d\u043e\u0432\u0430\u0446\u0438\u0438, \u043e\u0442\u0432\u0435\u0442\u0441\u0442\u0432\u0435\u043d\u043d\u043e\u0441\u0442\u044c, \u0441\u0442\u0430\u0431\u0438\u043b\u044c\u043d\u043e\u0441\u0442\u044c \u0438 \u043f\u0440\u0435\u0434\u043f\u0440\u0438\u0438\u043c\u0447\u0438\u0432\u043e\u0441\u0442\u044c. \u041c\u044b \u043e\u0441\u043d\u043e\u0432\u044b\u0432\u0430\u0435\u043c\u0441\u044f \u043d\u0430 \u043f\u0440\u0438\u043d\u0446\u0438\u043f\u0435 \u043f\u0440\u043e\u0437\u0440\u0430\u0447\u043d\u043e\u0441\u0442\u0438 \u043f\u043e \u043e\u0442\u043d\u043e\u0448\u0435\u043d\u0438\u044e \u043a \u043d\u0430\u0448\u0438\u043c \u043a\u043b\u0438\u0435\u043d\u0442\u0430\u043c, \u0434\u0435\u043b\u043e\u0432\u044b\u043c \u043f\u0430\u0440\u0442\u043d\u0435\u0440\u0430\u043c \u0438 \u0441\u043e\u0442\u0440\u0443\u0434\u043d\u0438\u043a\u0430\u043c. \u0411\u043b\u0430\u0433\u043e\u0434\u0430\u0440\u044f \u0443\u043c\u0435\u043d\u0438\u044e, \u0437\u043d\u0430\u043d\u0438\u044f\u043c \u0438 \u043e\u043f\u044b\u0442\u0443, [&hellip;]<\/p>\n","protected":false},"author":1,"featured_media":4299,"parent":0,"menu_order":0,"comment_status":"closed","ping_status":"closed","template":"","meta":{"site-sidebar-layout":"no-sidebar","site-content-layout":"page-builder","ast-site-content-layout":"full-width-container","site-content-style":"unboxed","site-sidebar-style":"unboxed","ast-global-header-display":"","ast-banner-title-visibility":"","ast-main-header-display":"","ast-hfb-above-header-display":"","ast-hfb-below-header-display":"","ast-hfb-mobile-header-display":"","site-post-title":"disabled","ast-breadcrumbs-content":"","ast-featured-img":"disabled","footer-sml-layout":"","theme-transparent-header-meta":"","adv-header-id-meta":"","stick-header-meta":"","header-above-stick-meta":"","header-main-stick-meta":"","header-below-stick-meta":"","astra-migrate-meta-layouts":"default","ast-page-background-enabled":"default","ast-page-background-meta":{"desktop":{"background-color":"var(--ast-global-color-4)","background-image":"","background-repeat":"repeat","background-position":"center center","background-size":"auto","background-attachment":"scroll","background-type":"","background-media":"","overlay-type":"","overlay-color":"","overlay-opacity":"","overlay-gradient":""},"tablet":{"background-color":"","background-image":"","background-repeat":"repeat","background-position":"center center","background-size":"auto","background-attachment":"scroll","background-type":"","background-media":"","overlay-type":"","overlay-color":"","overlay-opacity":"","overlay-gradient":""},"mobile":{"background-color":"","background-image":"","background-repeat":"repeat","background-position":"center center","background-size":"auto","background-attachment":"scroll","background-type":"","background-media":"","overlay-type":"","overlay-color":"","overlay-opacity":"","overlay-gradient":""}},"ast-content-background-meta":{"desktop":{"background-color":"var(--ast-global-color-5)","background-image":"","background-repeat":"repeat","background-position":"center center","background-size":"auto","background-attachment":"scroll","background-type":"","background-media":"","overlay-type":"","overlay-color":"","overlay-opacity":"","overlay-gradient":""},"tablet":{"background-color":"var(--ast-global-color-5)","background-image":"","background-repeat":"repeat","background-position":"center center","background-size":"auto","background-attachment":"scroll","background-type":"","background-media":"","overlay-type":"","overlay-color":"","overlay-opacity":"","overlay-gradient":""},"mobile":{"background-color":"var(--ast-global-color-5)","background-image":"","background-repeat":"repeat","background-position":"center center","background-size":"auto","background-attachment":"scroll","background-type":"","background-media":"","overlay-type":"","overlay-color":"","overlay-opacity":"","overlay-gradient":""}},"footnotes":""},"rightplace-folders":[],"class_list":["post-2310","page","type-page","status-publish","has-post-thumbnail","hentry"],"_links":{"self":[{"href":"https:\/\/alpcans.com\/ru\/wp-json\/wp\/v2\/pages\/2310","targetHints":{"allow":["GET"]}}],"collection":[{"href":"https:\/\/alpcans.com\/ru\/wp-json\/wp\/v2\/pages"}],"about":[{"href":"https:\/\/alpcans.com\/ru\/wp-json\/wp\/v2\/types\/page"}],"author":[{"embeddable":true,"href":"https:\/\/alpcans.com\/ru\/wp-json\/wp\/v2\/users\/1"}],"replies":[{"embeddable":true,"href":"https:\/\/alpcans.com\/ru\/wp-json\/wp\/v2\/comments?post=2310"}],"version-history":[{"count":0,"href":"https:\/\/alpcans.com\/ru\/wp-json\/wp\/v2\/pages\/2310\/revisions"}],"wp:featuredmedia":[{"embeddable":true,"href":"https:\/\/alpcans.com\/ru\/wp-json\/wp\/v2\/media\/4299"}],"wp:attachment":[{"href":"https:\/\/alpcans.com\/ru\/wp-json\/wp\/v2\/media?parent=2310"}],"wp:term":[{"taxonomy":"rightplace_folder","embeddable":true,"href":"https:\/\/alpcans.com\/ru\/wp-json\/wp\/v2\/rightplace-folders?post=2310"}],"curies":[{"name":"wp","href":"https:\/\/api.w.org\/{rel}","templated":true}]}}